{"id":944807,"date":"2023-12-11T18:05:15","date_gmt":"2023-12-11T17:05:15","guid":{"rendered":"https:\/\/www.claret.cat\/llibre\/el-belen-de-los-animales-9788428841023\/"},"modified":"2024-05-24T10:03:57","modified_gmt":"2024-05-24T08:03:57","slug":"el-belen-de-los-animales-9788428841023","status":"publish","type":"product","link":"https:\/\/www.claret.cat\/es\/libro\/el-belen-de-los-animales-9788428841023\/","title":{"rendered":"EL BEL\u00c9N DE LOS ANIMALES"},"content":{"rendered":"<p class='ql-align-justify'>Reunidos en torno a un bel\u00e9n parroquial, un grupo de muchachos contempla, at\u00f3nito, c\u00f3mo los animales que lo decoran cobran vida y les cuentan la raz\u00f3n de su presencia en aquel escenario, que no ser\u00e1 otra que el amor que Jes\u00fas tendr\u00e1, cuando sea mayor, por las personas a las que ellos representan.<\/p>\n<p class='ql-align-justify'>En&nbsp;<em>El bel\u00e9n de los animales<\/em>, de Juan Antonio Mayoral, las explicaciones de los animales abrir\u00e1n el coraz\u00f3n de los chicos y dejar\u00e1n en ellos un mont\u00f3n de interrogantes. Cuando sean mayores, tendr\u00e1n que seguir buscando respuestas.<\/p>\n<p><\/p>\n","protected":false},"excerpt":{"rendered":"<p>MAYORAL L\u00d3PEZ, JUAN ANTONIO<\/p>\n","protected":false},"featured_media":944808,"template":"","meta":{"_acf_changed":false,"om_disable_all_campaigns":false,"rs_blank_template":"","rs_page_bg_color":"","slide_template_v7":"","inline_featured_image":false,"_monsterinsights_skip_tracking":false,"_monsterinsights_sitenote_active":false,"_monsterinsights_sitenote_note":"","_monsterinsights_sitenote_category":0},"product_brand":[],"product_cat":[481,223,478,219],"product_tag":[],"class_list":{"0":"post-944807","1":"product","2":"type-product","3":"status-publish","4":"has-post-thumbnail","6":"product_cat-biblias-infantiles","7":"product_cat-biblies-infantils","8":"product_cat-infantil-catequesis-1_espiritualidad","9":"product_cat-infantil-catequesi","11":"first","12":"instock","13":"taxable","14":"shipping-taxable","15":"purchasable","16":"product-type-simple"},"acf":{"autor":"MAYORAL L\u00d3PEZ, JUAN ANTONIO","codart":"842884102","libros-coleccion":"FUERA DE COLECCI\u00d3N","ediciones":"1","encuadernacion":"R\u00fastica","fecha_de_publicacion":"11\/12\/2023","novedad":"1","paginas":"64","subtitulo":"","orden":"0","portada":"1","idioma":"spa","editorial":[{"ID":6335,"post_author":"3","post_date":"2022-07-28 17:49:59","post_date_gmt":"2022-07-28 15:49:59","post_content":"","post_title":"PPC altres","post_excerpt":"","post_status":"publish","comment_status":"closed","ping_status":"closed","post_password":"","post_name":"ppc-altres","to_ping":"","pinged":"","post_modified":"2022-07-28 17:49:59","post_modified_gmt":"2022-07-28 15:49:59","post_content_filtered":"","post_parent":0,"guid":"http:\/\/dev.claret.cat\/editorial\/ppc-altres\/","menu_order":0,"post_type":"editorial","post_mime_type":"","comment_count":"0","filter":"raw"}],"autores-libros":[{"ID":305103,"post_author":"3","post_date":"2022-12-16 05:27:38","post_date_gmt":"2022-12-16 04:27:38","post_content":"","post_title":"JUAN ANTONIO MAYORAL L\u00d3PEZ","post_excerpt":"","post_status":"publish","comment_status":"closed","ping_status":"closed","post_password":"","post_name":"juan-antonio-mayoral-lopez","to_ping":"","pinged":"","post_modified":"2022-12-16 05:27:38","post_modified_gmt":"2022-12-16 04:27:38","post_content_filtered":"","post_parent":0,"guid":"http:\/\/dev.claret.cat\/autor\/juan-antonio-mayoral-lopez\/","menu_order":0,"post_type":"autor","post_mime_type":"","comment_count":"0","filter":"raw"}]},"aioseo_notices":[],"_links":{"self":[{"href":"https:\/\/www.claret.cat\/es\/wp-json\/wp\/v2\/product\/944807","targetHints":{"allow":["GET"]}}],"collection":[{"href":"https:\/\/www.claret.cat\/es\/wp-json\/wp\/v2\/product"}],"about":[{"href":"https:\/\/www.claret.cat\/es\/wp-json\/wp\/v2\/types\/product"}],"wp:featuredmedia":[{"embeddable":true,"href":"https:\/\/www.claret.cat\/es\/wp-json\/wp\/v2\/media\/944808"}],"wp:attachment":[{"href":"https:\/\/www.claret.cat\/es\/wp-json\/wp\/v2\/media?parent=944807"}],"wp:term":[{"taxonomy":"product_brand","embeddable":true,"href":"https:\/\/www.claret.cat\/es\/wp-json\/wp\/v2\/product_brand?post=944807"},{"taxonomy":"product_cat","embeddable":true,"href":"https:\/\/www.claret.cat\/es\/wp-json\/wp\/v2\/product_cat?post=944807"},{"taxonomy":"product_tag","embeddable":true,"href":"https:\/\/www.claret.cat\/es\/wp-json\/wp\/v2\/product_tag?post=944807"}],"curies":[{"name":"wp","href":"https:\/\/api.w.org\/{rel}","templated":true}]}}