{"id":944810,"date":"2023-12-11T18:15:14","date_gmt":"2023-12-11T17:15:14","guid":{"rendered":"https:\/\/www.claret.cat\/llibre\/veniu-i-ho-veureu-vol-2-catalan-9788428840989\/"},"modified":"2025-01-24T11:00:13","modified_gmt":"2025-01-24T10:00:13","slug":"veniu-i-ho-veureu-vol-2-catalan-9788428840989","status":"publish","type":"product","link":"https:\/\/www.claret.cat\/es\/libro\/veniu-i-ho-veureu-vol-2-catalan-9788428840989\/","title":{"rendered":"VENIU I HO VEUREU. VOL 2 &#8211; CATAL\u00c1N"},"content":{"rendered":"<p>Veniu i ho veureu\u00a0\u00e9s un projecte evangelitzador, amb metodologia i recursos apropiats perqu\u00e8 la transmissi\u00f3 de la fe sigui m\u00e9s viva i significativa, per mitj\u00e0 de la immersi\u00f3 en la hist\u00f2ria de l&#8221;alian\u00e7a i l&#8221;amistat que D\u00e9u ens ofereix i ens ha revelat des de la Paraula de D\u00e9u i la Tradici\u00f3 de l&#8221;Esgl\u00e9sia.S&#8221;inspira en la pedagogia Montessori, centrada en la import\u00e0ncia de la narraci\u00f3 i recolzada en din\u00e0miques que donen un gran protagonisme als components visual i manipulatiu. El projecte es basa en una pedagogia que afavoreix el desenvolupament de l&#8221;espiritualitat de la persona, especialment de l&#8221;infant, a trav\u00e9s de la narraci\u00f3 de hist\u00f2ries de la B\u00edblia (Antic Testament i Nou Testament) i de l&#8221;Esgl\u00e9sia (fe, lit\u00fargia i sagraments, moral i oraci\u00f3). Es pret\u00e9n oferir la mateixa experi\u00e8ncia que va inspirar aquests relats o que van viure els seus protagonistes.En aquest segon volum disposem de narracions d&#8221;hist\u00f2ries b\u00edbliques continuant amb la Hist\u00f2ria de Salvaci\u00f3, com jutges, reis i profetes, juntament amb hist\u00f2ries fonamentals per la nostra\u00a0 metodologia com la trobada de Jes\u00fas amb els infants, i aprofundim en elements essencials del catecisme com el sagrament de la confirmaci\u00f3 i el temps lit\u00fargic de Pasqua.<\/p>\n","protected":false},"excerpt":{"rendered":"<p>VV.AA.3<\/p>\n","protected":false},"featured_media":944811,"template":"","meta":{"_acf_changed":false,"om_disable_all_campaigns":false,"rs_blank_template":"","rs_page_bg_color":"","slide_template_v7":"","inline_featured_image":false,"_monsterinsights_skip_tracking":false,"_monsterinsights_sitenote_active":false,"_monsterinsights_sitenote_note":"","_monsterinsights_sitenote_category":0},"product_brand":[],"product_cat":[225,483],"product_tag":[],"class_list":{"0":"post-944810","1":"product","2":"type-product","3":"status-publish","4":"has-post-thumbnail","6":"product_cat-catecismes","7":"product_cat-catecismos","9":"first","10":"instock","11":"taxable","12":"shipping-taxable","13":"purchasable","14":"product-type-simple"},"acf":{"autor":"VV.AA.3","codart":"842884098","libros-coleccion":"FUERA DE COLECCI\u00d3N","ediciones":"1","encuadernacion":"R\u00fastica","fecha_de_publicacion":"01\/11\/2023","novedad":"1","paginas":"232","subtitulo":"","orden":"0","portada":"0","idioma":"spa","editorial":[{"ID":6335,"post_author":"3","post_date":"2022-07-28 17:49:59","post_date_gmt":"2022-07-28 15:49:59","post_content":"","post_title":"PPC altres","post_excerpt":"","post_status":"publish","comment_status":"closed","ping_status":"closed","post_password":"","post_name":"ppc-altres","to_ping":"","pinged":"","post_modified":"2022-07-28 17:49:59","post_modified_gmt":"2022-07-28 15:49:59","post_content_filtered":"","post_parent":0,"guid":"http:\/\/dev.claret.cat\/editorial\/ppc-altres\/","menu_order":0,"post_type":"editorial","post_mime_type":"","comment_count":"0","filter":"raw"}],"autores-libros":[{"ID":419664,"post_author":"3","post_date":"2023-05-12 10:50:02","post_date_gmt":"2023-05-12 08:50:02","post_content":"","post_title":"VV.AA.3","post_excerpt":"","post_status":"publish","comment_status":"closed","ping_status":"closed","post_password":"","post_name":"vv-aa-3-2","to_ping":"","pinged":"","post_modified":"2023-05-12 10:50:02","post_modified_gmt":"2023-05-12 08:50:02","post_content_filtered":"","post_parent":0,"guid":"https:\/\/www.claret.cat\/autor\/vv-aa-3-2\/","menu_order":0,"post_type":"autor","post_mime_type":"","comment_count":"0","filter":"raw"}]},"aioseo_notices":[],"_links":{"self":[{"href":"https:\/\/www.claret.cat\/es\/wp-json\/wp\/v2\/product\/944810","targetHints":{"allow":["GET"]}}],"collection":[{"href":"https:\/\/www.claret.cat\/es\/wp-json\/wp\/v2\/product"}],"about":[{"href":"https:\/\/www.claret.cat\/es\/wp-json\/wp\/v2\/types\/product"}],"wp:featuredmedia":[{"embeddable":true,"href":"https:\/\/www.claret.cat\/es\/wp-json\/wp\/v2\/media\/944811"}],"wp:attachment":[{"href":"https:\/\/www.claret.cat\/es\/wp-json\/wp\/v2\/media?parent=944810"}],"wp:term":[{"taxonomy":"product_brand","embeddable":true,"href":"https:\/\/www.claret.cat\/es\/wp-json\/wp\/v2\/product_brand?post=944810"},{"taxonomy":"product_cat","embeddable":true,"href":"https:\/\/www.claret.cat\/es\/wp-json\/wp\/v2\/product_cat?post=944810"},{"taxonomy":"product_tag","embeddable":true,"href":"https:\/\/www.claret.cat\/es\/wp-json\/wp\/v2\/product_tag?post=944810"}],"curies":[{"name":"wp","href":"https:\/\/api.w.org\/{rel}","templated":true}]}}