{"id":944813,"date":"2023-12-11T18:20:06","date_gmt":"2023-12-11T17:20:06","guid":{"rendered":"https:\/\/www.claret.cat\/llibre\/evangelios-molestos-9788430121830\/"},"modified":"2025-04-11T12:05:42","modified_gmt":"2025-04-11T10:05:42","slug":"evangelios-molestos-9788430121830","status":"publish","type":"product","link":"https:\/\/www.claret.cat\/es\/libro\/evangelios-molestos-9788430121830\/","title":{"rendered":"EVANGELIOS MOLESTOS"},"content":{"rendered":"<p class='ql-align-justify'>Tiene el lector en sus manos una obra ya cl\u00e1sica de la espiritualidad b\u00edblica del postconcilio, donde distintos relatos evang\u00e9licos irradian una luz nueva para el camino del creyente.<\/p>\n<p class='ql-align-justify'>A lo largo de medio centenar de reflexiones, incluida la Introducci\u00f3n, va emergiendo la figura inagotable de Jes\u00fas de Nazaret. Sus palabras y acciones, sus encuentros y silencios, sus miradas, sus gestos de ternura y compasi\u00f3n, revelan a un Dios que ha unido su destino al de los hombres, que conoce y quiere a cada uno sin establecer distinciones entre ellos. P\u00e1gina tras p\u00e1gina se abre un espacio donde experimentar la pertenencia a una misma familia que se alimenta de esperanza.<\/p>\n<p class='ql-align-justify'><em>Evangelios molestos<\/em>&nbsp;es, sin duda, un libro provocativo que, con un lenguaje cercano y fresco, se esfuerza por desterrar cualquier lectura superficial del Evangelio. Un libro que llama a luchar contra el propio ego\u00edsmo y las falsas im\u00e1genes que a menudo nos hacemos de Dios.<\/p>\n<p><\/p>\n","protected":false},"excerpt":{"rendered":"<p>PRONZATO, ALESSANDRO<\/p>\n","protected":false},"featured_media":946454,"template":"","meta":{"_acf_changed":false,"om_disable_all_campaigns":false,"rs_blank_template":"","rs_page_bg_color":"","slide_template_v7":"","inline_featured_image":false,"_monsterinsights_skip_tracking":false,"_monsterinsights_sitenote_active":false,"_monsterinsights_sitenote_note":"","_monsterinsights_sitenote_category":0},"product_brand":[],"product_cat":[91,541,92,542],"product_tag":[],"class_list":{"0":"post-944813","1":"product","2":"type-product","3":"status-publish","4":"has-post-thumbnail","6":"product_cat-cristologia","7":"product_cat-cristologia-1_espiritualidad-spa","8":"product_cat-vida-religiosa","9":"product_cat-vida-religiosa-1_espiritualidad-spa","11":"first","12":"instock","13":"taxable","14":"shipping-taxable","15":"purchasable","16":"product-type-simple"},"acf":{"autor":"PRONZATO, ALESSANDRO","codart":"843012183","libros-coleccion":"Nueva Alianza","ediciones":"13","encuadernacion":"R\u00fastica","fecha_de_publicacion":"04\/12\/2023","novedad":"1","paginas":"320","subtitulo":"","orden":"0","portada":"1","idioma":"spa","editorial":[{"ID":6364,"post_author":"3","post_date":"2022-07-28 17:50:36","post_date_gmt":"2022-07-28 15:50:36","post_content":"","post_title":"S\u00edgueme","post_excerpt":"","post_status":"publish","comment_status":"closed","ping_status":"closed","post_password":"","post_name":"sigueme","to_ping":"","pinged":"","post_modified":"2022-07-28 17:50:36","post_modified_gmt":"2022-07-28 15:50:36","post_content_filtered":"","post_parent":0,"guid":"http:\/\/dev.claret.cat\/editorial\/sigueme\/","menu_order":0,"post_type":"editorial","post_mime_type":"","comment_count":"0","filter":"raw"}],"autores-libros":[{"ID":5220,"post_author":"3","post_date":"2022-07-28 17:19:25","post_date_gmt":"2022-07-28 15:19:25","post_content":"","post_title":"ALESSANDRO PRONZATO","post_excerpt":"","post_status":"publish","comment_status":"closed","ping_status":"closed","post_password":"","post_name":"alessandro-pronzato","to_ping":"","pinged":"","post_modified":"2022-07-29 11:24:10","post_modified_gmt":"2022-07-29 09:24:10","post_content_filtered":"","post_parent":0,"guid":"http:\/\/dev.claret.cat\/autor\/alessandro-pronzato\/","menu_order":0,"post_type":"autor","post_mime_type":"","comment_count":"0","filter":"raw"}],"booktrailer":"","resenas":""},"aioseo_notices":[],"_links":{"self":[{"href":"https:\/\/www.claret.cat\/es\/wp-json\/wp\/v2\/product\/944813","targetHints":{"allow":["GET"]}}],"collection":[{"href":"https:\/\/www.claret.cat\/es\/wp-json\/wp\/v2\/product"}],"about":[{"href":"https:\/\/www.claret.cat\/es\/wp-json\/wp\/v2\/types\/product"}],"wp:featuredmedia":[{"embeddable":true,"href":"https:\/\/www.claret.cat\/es\/wp-json\/wp\/v2\/media\/946454"}],"wp:attachment":[{"href":"https:\/\/www.claret.cat\/es\/wp-json\/wp\/v2\/media?parent=944813"}],"wp:term":[{"taxonomy":"product_brand","embeddable":true,"href":"https:\/\/www.claret.cat\/es\/wp-json\/wp\/v2\/product_brand?post=944813"},{"taxonomy":"product_cat","embeddable":true,"href":"https:\/\/www.claret.cat\/es\/wp-json\/wp\/v2\/product_cat?post=944813"},{"taxonomy":"product_tag","embeddable":true,"href":"https:\/\/www.claret.cat\/es\/wp-json\/wp\/v2\/product_tag?post=944813"}],"curies":[{"name":"wp","href":"https:\/\/api.w.org\/{rel}","templated":true}]}}