{"id":944816,"date":"2023-12-11T18:20:15","date_gmt":"2023-12-11T17:20:15","guid":{"rendered":"https:\/\/www.claret.cat\/llibre\/conversaciones-sobre-la-oracion-9788430121748\/"},"modified":"2024-05-24T06:12:40","modified_gmt":"2024-05-24T04:12:40","slug":"conversaciones-sobre-la-oracion-9788430121748","status":"publish","type":"product","link":"https:\/\/www.claret.cat\/es\/libro\/conversaciones-sobre-la-oracion-9788430121748\/","title":{"rendered":"CONVERSACIONES SOBRE LA ORACI\u00d3N"},"content":{"rendered":"<p class='ql-align-justify'>Juan Casiano ha determinado la comprensi\u00f3n de la vida cristiana en Occidente. El influjo de sus escritos se prolonga desde la&nbsp;<em>Regla<\/em>&nbsp;de san Benito, pasando por los m\u00edsticos espa\u00f1oles del siglo XVI, hasta los maestros espirituales de hoy.<\/p>\n<p class='ql-align-justify'>El presente volumen acoge dos de sus&nbsp;<em>Conversaciones<\/em>&nbsp;(IX y X). En la primera explica el valor de la oraci\u00f3n, su naturaleza, condicionamientos y tipos, mientras en la segunda expone el m\u00e9todo que se ha de seguir para alcanzar la oraci\u00f3n \u00abpura, simple y continua\u00bb. Con la repetici\u00f3n ininterrumpida de una palabra de la Escritura o un vers\u00edculo de un salmo se logra vaciar la mente de todo pensamiento, deseo o distracci\u00f3n, con vistas a afianzar en el coraz\u00f3n el \u00abrecuerdo\u00bb de Dios y su \u00abpresencia\u00bb permanente.<\/p>\n<p class='ql-align-justify'>En una \u00e9poca como la nuestra, que ans\u00eda la quietud, el sosiego interior y el silencio contemplativo, la lectura de estas&nbsp;<em>Conversaciones<\/em>&nbsp;invita a iniciarse en la senda de la oraci\u00f3n perfecta, la que conduce al encuentro personal con el Dios de Jesucristo.<\/p>\n<p><\/p>\n","protected":false},"excerpt":{"rendered":"<p>CASIANO, JUAN<\/p>\n","protected":false},"featured_media":944822,"template":"","meta":{"_acf_changed":false,"om_disable_all_campaigns":false,"rs_blank_template":"","rs_page_bg_color":"","slide_template_v7":"","inline_featured_image":false,"_monsterinsights_skip_tracking":false,"_monsterinsights_sitenote_active":false,"_monsterinsights_sitenote_note":"","_monsterinsights_sitenote_category":0},"product_brand":[],"product_cat":[239,490],"product_tag":[],"class_list":{"0":"post-944816","1":"product","2":"type-product","3":"status-publish","4":"has-post-thumbnail","6":"product_cat-monastica","7":"product_cat-monastica-espiritualidad-1_espiritualidad","9":"first","10":"instock","11":"taxable","12":"shipping-taxable","13":"purchasable","14":"product-type-simple"},"acf":{"autor":"CASIANO, JUAN","codart":"843012174","libros-coleccion":"Ichthys","ediciones":"2","encuadernacion":"R\u00fastica","fecha_de_publicacion":"04\/12\/2023","novedad":"1","paginas":"160","subtitulo":"","orden":"0","portada":"1","idioma":"spa","editorial":[{"ID":6364,"post_author":"3","post_date":"2022-07-28 17:50:36","post_date_gmt":"2022-07-28 15:50:36","post_content":"","post_title":"S\u00edgueme","post_excerpt":"","post_status":"publish","comment_status":"closed","ping_status":"closed","post_password":"","post_name":"sigueme","to_ping":"","pinged":"","post_modified":"2022-07-28 17:50:36","post_modified_gmt":"2022-07-28 15:50:36","post_content_filtered":"","post_parent":0,"guid":"http:\/\/dev.claret.cat\/editorial\/sigueme\/","menu_order":0,"post_type":"editorial","post_mime_type":"","comment_count":"0","filter":"raw"}],"autores-libros":[{"ID":161007,"post_author":"3","post_date":"2022-10-14 15:57:39","post_date_gmt":"2022-10-14 13:57:39","post_content":"","post_title":"JUAN CASIANO","post_excerpt":"","post_status":"publish","comment_status":"closed","ping_status":"closed","post_password":"","post_name":"juan-casiano","to_ping":"","pinged":"","post_modified":"2022-10-14 15:57:39","post_modified_gmt":"2022-10-14 13:57:39","post_content_filtered":"","post_parent":0,"guid":"http:\/\/dev.claret.cat\/autor\/juan-casiano\/","menu_order":0,"post_type":"autor","post_mime_type":"","comment_count":"0","filter":"raw"}]},"aioseo_notices":[],"_links":{"self":[{"href":"https:\/\/www.claret.cat\/es\/wp-json\/wp\/v2\/product\/944816","targetHints":{"allow":["GET"]}}],"collection":[{"href":"https:\/\/www.claret.cat\/es\/wp-json\/wp\/v2\/product"}],"about":[{"href":"https:\/\/www.claret.cat\/es\/wp-json\/wp\/v2\/types\/product"}],"wp:featuredmedia":[{"embeddable":true,"href":"https:\/\/www.claret.cat\/es\/wp-json\/wp\/v2\/media\/944822"}],"wp:attachment":[{"href":"https:\/\/www.claret.cat\/es\/wp-json\/wp\/v2\/media?parent=944816"}],"wp:term":[{"taxonomy":"product_brand","embeddable":true,"href":"https:\/\/www.claret.cat\/es\/wp-json\/wp\/v2\/product_brand?post=944816"},{"taxonomy":"product_cat","embeddable":true,"href":"https:\/\/www.claret.cat\/es\/wp-json\/wp\/v2\/product_cat?post=944816"},{"taxonomy":"product_tag","embeddable":true,"href":"https:\/\/www.claret.cat\/es\/wp-json\/wp\/v2\/product_tag?post=944816"}],"curies":[{"name":"wp","href":"https:\/\/api.w.org\/{rel}","templated":true}]}}