{"id":94488,"date":"2022-10-11T22:05:12","date_gmt":"2022-10-11T20:05:12","guid":{"rendered":"http:\/\/dev.claret.cat\/producte\/les-quatre-amigues-saga-filles-duna-nova-era-3\/"},"modified":"2024-01-31T16:43:03","modified_gmt":"2024-01-31T15:43:03","slug":"les-quatre-amigues-saga-filles-duna-nova-era-3-9788466427616","status":"publish","type":"product","link":"https:\/\/www.claret.cat\/es\/libro\/les-quatre-amigues-saga-filles-duna-nova-era-3-9788466427616\/","title":{"rendered":"LES QUATRE AMIGUES (SAGA FILLES D&#8217;UNA NOVA ERA 3)"},"content":{"rendered":"<p>LA INCRE\u00cfBLE AMISTAT DE QUATRE DONES VALENTES POT FER CANVIAR EL RUMB DE LA HIST\u00d2RIA.<br \/> \u00a0<br \/> Hamburg, 1970. La Henny celebra el seu aniversari envoltada de la fam\u00edlia i les seves amigues inseparables. El fi l de la complicitat que unia la seva vida amb les de la K\u00e4the, la Lina i l&#8217;Ida continua ara en les noves generacions: la Florentine, la model que torna de Par\u00eds amb una not\u00edcia inesperada; la Katja, que somnia fotografi ar confl ictes per tot el m\u00f3n, i la Ruth, que lluita per alliberar-se d&#8217;una relaci\u00f3 tempestuosa. Elles, com ja van fer les seves mares i les seves \u00e0vies, comparteixen la felicitat i la desgr\u00e0cia, els moments aparentment trivials i els que determinen els seus destins.<br \/> S\u00f3n anys de grans esdeveniments: el poble alemany est\u00e0 dividit, la guerra del Vietnam espanta mig m\u00f3n, creixen noves formes d&#8217;extremisme i la caiguda del mur de Berl\u00edn posa punt fi nal a la por. L&#8217;amistat de quatre amigues va servir d&#8217;inspiraci\u00f3 a les seves fi lles per trobar el seu lloc al m\u00f3n i servir\u00e0 de far per al dest\u00ed de tres joves que marcar\u00e0 l&#8217;inici d&#8217;una nova \u00e8poca.<br \/> Les quatre amigues \u00e9s el tercer i \u00faltim lliurament de la trilogia Filles d&#8217;una Nova Era, una emocionant saga sobre la llibertat,l&#8217;amor i la valentia que narra la fascinant hist\u00f2ria del segle XX a trav\u00e9s d&#8217;una generaci\u00f3 de dones que van lluitar per superar les circumst\u00e0ncies que els va tocar viure.<\/p>\n","protected":false},"excerpt":{"rendered":"<p>KORN, CARMEN<\/p>\n","protected":false},"featured_media":94489,"template":"","meta":{"_acf_changed":false,"om_disable_all_campaigns":false,"rs_blank_template":"","rs_page_bg_color":"","slide_template_v7":"","inline_featured_image":false,"_monsterinsights_skip_tracking":false,"_monsterinsights_sitenote_active":false,"_monsterinsights_sitenote_note":"","_monsterinsights_sitenote_category":0},"product_brand":[],"product_cat":[127,130,357,360],"product_tag":[],"class_list":{"0":"post-94488","1":"product","2":"type-product","3":"status-publish","4":"has-post-thumbnail","6":"product_cat-novella-contemporania","7":"product_cat-novella-historica-i-ficcio","8":"product_cat-novela-contemporanea","9":"product_cat-novela-historica-y-ficcion","11":"first","12":"instock","13":"taxable","14":"shipping-taxable","15":"purchasable","16":"product-type-simple"},"acf":{"editorial":[{"ID":6166,"post_author":"3","post_date":"2022-07-28 17:46:19","post_date_gmt":"2022-07-28 15:46:19","post_content":"","post_title":"Columna CAT","post_excerpt":"","post_status":"publish","comment_status":"closed","ping_status":"closed","post_password":"","post_name":"columna-cat","to_ping":"","pinged":"","post_modified":"2022-07-28 17:46:19","post_modified_gmt":"2022-07-28 15:46:19","post_content_filtered":"","post_parent":0,"guid":"http:\/\/dev.claret.cat\/editorial\/columna-cat\/","menu_order":0,"post_type":"editorial","post_mime_type":"","comment_count":"0","filter":"raw"}],"autor":"KORN, CARMEN","codart":"846642761","libros-coleccion":"Cl\u00e0ssica","ediciones":"1","encuadernacion":"Carton\u00e9","fecha_de_publicacion":"01\/03\/2021","novedad":"1","paginas":"555","subtitulo":"","orden":"0","portada":"0","idioma":"cat","autores-libros":[{"ID":152422,"post_author":"3","post_date":"2022-10-14 14:48:38","post_date_gmt":"2022-10-14 12:48:38","post_content":"","post_title":"CARMEN KORN","post_excerpt":"","post_status":"publish","comment_status":"closed","ping_status":"closed","post_password":"","post_name":"carmen-korn","to_ping":"","pinged":"","post_modified":"2022-10-14 14:48:38","post_modified_gmt":"2022-10-14 12:48:38","post_content_filtered":"","post_parent":0,"guid":"http:\/\/dev.claret.cat\/autor\/carmen-korn\/","menu_order":0,"post_type":"autor","post_mime_type":"","comment_count":"0","filter":"raw"}]},"aioseo_notices":[],"_links":{"self":[{"href":"https:\/\/www.claret.cat\/es\/wp-json\/wp\/v2\/product\/94488","targetHints":{"allow":["GET"]}}],"collection":[{"href":"https:\/\/www.claret.cat\/es\/wp-json\/wp\/v2\/product"}],"about":[{"href":"https:\/\/www.claret.cat\/es\/wp-json\/wp\/v2\/types\/product"}],"wp:featuredmedia":[{"embeddable":true,"href":"https:\/\/www.claret.cat\/es\/wp-json\/wp\/v2\/media\/94489"}],"wp:attachment":[{"href":"https:\/\/www.claret.cat\/es\/wp-json\/wp\/v2\/media?parent=94488"}],"wp:term":[{"taxonomy":"product_brand","embeddable":true,"href":"https:\/\/www.claret.cat\/es\/wp-json\/wp\/v2\/product_brand?post=94488"},{"taxonomy":"product_cat","embeddable":true,"href":"https:\/\/www.claret.cat\/es\/wp-json\/wp\/v2\/product_cat?post=94488"},{"taxonomy":"product_tag","embeddable":true,"href":"https:\/\/www.claret.cat\/es\/wp-json\/wp\/v2\/product_tag?post=94488"}],"curies":[{"name":"wp","href":"https:\/\/api.w.org\/{rel}","templated":true}]}}