{"id":944927,"date":"2023-12-13T12:15:06","date_gmt":"2023-12-13T11:15:06","guid":{"rendered":"https:\/\/www.claret.cat\/llibre\/napoleon-9788491054108\/"},"modified":"2023-12-19T13:55:24","modified_gmt":"2023-12-19T12:55:24","slug":"napoleon-9788491054108","status":"publish","type":"product","link":"https:\/\/www.claret.cat\/es\/libro\/napoleon-9788491054108\/","title":{"rendered":"NAPOLE\u00d3N"},"content":{"rendered":"<p>La biograf\u00eda de una de las grandes figuras hist\u00f3ricas de Europa, de la mano de un escritor excepcional, Stendhal.  Traducci\u00f3n de Consuelo Berges Introducci\u00f3n del cr\u00edtico literario Ignacio Echevarr\u00eda Este volumen re\u00fane los dos intentos de Stendhal de escribir la biograf\u00eda de Napole\u00f3n. Durante a\u00f1os se dedic\u00f3 a reunir el material necesario para llevar a cabo este gran proyecto, pero no lleg\u00f3 a terminarlo. Empez\u00f3 a escribir Vida de Napole\u00f3n en 1817 cuando, a pesar de que Bonaparte ya se encontraba en el exilio, Stendhal todav\u00eda cre\u00eda en su empresa. Esta primera biograf\u00eda se centra en sus haza\u00f1as militares y en su experiencia como combatiente en las guerras napole\u00f3nicas. En Memorias de Napole\u00f3n, escritas en 1832, desenga\u00f1ado por una Francia que parec\u00eda haber olvidado el canto a la libertad, se centra en el s\u00edmbolo que supuso el personaje y no duda en afirmar que aborrece al tirano pero adora po\u00e9ticamente su grandeza. En palabras del propio autor, Napole\u00f3n \u00abse trata del hombre m\u00e1s grande aparecido en el mundo desde C\u00e9sar\u00bb. La presente edici\u00f3n incluye una magn\u00edfica introducci\u00f3n de Ignacio Echevarr\u00eda que nos acerca a la intimidad hist\u00f3rica con la que Stendhal dibuja el retrato de Napole\u00f3n. El texto ha sido vertido al espa\u00f1ol por Consuelo Berg\u00e9s, reconocida experta en Stendhal y traductora de la obra completa.<\/p>\n","protected":false},"excerpt":{"rendered":"<p>STENDHAL<\/p>\n","protected":false},"featured_media":945793,"template":"","meta":{"_acf_changed":false,"om_disable_all_campaigns":false,"rs_blank_template":"","rs_page_bg_color":"","slide_template_v7":"","inline_featured_image":false,"_monsterinsights_skip_tracking":false,"_monsterinsights_sitenote_active":false,"_monsterinsights_sitenote_note":"","_monsterinsights_sitenote_category":0},"product_brand":[],"product_cat":[549,99],"product_tag":[],"class_list":{"0":"post-944927","1":"product","2":"type-product","3":"status-publish","4":"has-post-thumbnail","6":"product_cat-biografias","7":"product_cat-biografies","9":"first","10":"instock","11":"taxable","12":"shipping-taxable","13":"purchasable","14":"product-type-simple"},"acf":{"autor":"STENDHAL","codart":"849105410","libros-coleccion":"PENGUIN CL\u00c1SICOS","ediciones":"1","encuadernacion":"R\u00fastica","fecha_de_publicacion":"01\/04\/2019","novedad":"0","paginas":"464","subtitulo":"","orden":"0","portada":"0","idioma":"spa","editorial":[{"ID":148656,"post_author":"3","post_date":"2022-10-14 11:59:57","post_date_gmt":"2022-10-14 09:59:57","post_content":"","post_title":"PENGUIN CLASICOS","post_excerpt":"","post_status":"publish","comment_status":"closed","ping_status":"closed","post_password":"","post_name":"penguin-clasicos","to_ping":"","pinged":"","post_modified":"2022-10-14 11:59:57","post_modified_gmt":"2022-10-14 09:59:57","post_content_filtered":"","post_parent":0,"guid":"http:\/\/dev.claret.cat\/editorial\/penguin-clasicos\/","menu_order":0,"post_type":"editorial","post_mime_type":"","comment_count":"0","filter":"raw"}],"autores-libros":[{"ID":169793,"post_author":"3","post_date":"2022-10-14 22:30:04","post_date_gmt":"2022-10-14 20:30:04","post_content":"","post_title":"STENDHAL","post_excerpt":"","post_status":"publish","comment_status":"closed","ping_status":"closed","post_password":"","post_name":"stendhal","to_ping":"","pinged":"","post_modified":"2022-10-14 22:30:04","post_modified_gmt":"2022-10-14 20:30:04","post_content_filtered":"","post_parent":0,"guid":"http:\/\/dev.claret.cat\/autor\/stendhal\/","menu_order":0,"post_type":"autor","post_mime_type":"","comment_count":"0","filter":"raw"}]},"aioseo_notices":[],"_links":{"self":[{"href":"https:\/\/www.claret.cat\/es\/wp-json\/wp\/v2\/product\/944927","targetHints":{"allow":["GET"]}}],"collection":[{"href":"https:\/\/www.claret.cat\/es\/wp-json\/wp\/v2\/product"}],"about":[{"href":"https:\/\/www.claret.cat\/es\/wp-json\/wp\/v2\/types\/product"}],"wp:featuredmedia":[{"embeddable":true,"href":"https:\/\/www.claret.cat\/es\/wp-json\/wp\/v2\/media\/945793"}],"wp:attachment":[{"href":"https:\/\/www.claret.cat\/es\/wp-json\/wp\/v2\/media?parent=944927"}],"wp:term":[{"taxonomy":"product_brand","embeddable":true,"href":"https:\/\/www.claret.cat\/es\/wp-json\/wp\/v2\/product_brand?post=944927"},{"taxonomy":"product_cat","embeddable":true,"href":"https:\/\/www.claret.cat\/es\/wp-json\/wp\/v2\/product_cat?post=944927"},{"taxonomy":"product_tag","embeddable":true,"href":"https:\/\/www.claret.cat\/es\/wp-json\/wp\/v2\/product_tag?post=944927"}],"curies":[{"name":"wp","href":"https:\/\/api.w.org\/{rel}","templated":true}]}}