{"id":94494,"date":"2022-10-11T22:05:17","date_gmt":"2022-10-11T20:05:17","guid":{"rendered":"http:\/\/dev.claret.cat\/producte\/donde-hay-una-persona-hay-un-pedagogo\/"},"modified":"2026-01-19T12:01:18","modified_gmt":"2026-01-19T11:01:18","slug":"donde-hay-una-persona-hay-un-pedagogo-9788431335595","status":"publish","type":"product","link":"https:\/\/www.claret.cat\/es\/libro\/donde-hay-una-persona-hay-un-pedagogo-9788431335595\/","title":{"rendered":"DONDE HAY UNA PERSONA HAY UN PEDAGOGO"},"content":{"rendered":"<p>Cuando pensamos en la educaci\u00f3n superior, existe una pregunta clave que debi\u00e9ramos hacernos en las universidades: \u00bfeducamos para la vida o educamos para una profesi\u00f3n? Los autores de este libro pensamos que la universidad tiene que ser un continuum de la educaci\u00f3n, no puede reducirse a una preparaci\u00f3n profesionalizante, puesto que eso supondr\u00eda reducir al ser humano y minimizar el trabajo profesional.<br \/>Con este texto pretendemos entender mejor al estudiante universitario y a los procesos educativos de la universidad, as\u00ed como ser sensibles al contexto actual que vive la universidad, a trav\u00e9s del di\u00e1logo y la reflexi\u00f3n de diversos actores que hemos elegido con la invaluable labor de ayudar al ser humano a crecer y a realizar su vida desde las aulas universitarias.<\/p>\n","protected":false},"excerpt":{"rendered":"<p>SALGADO,DANIELA<\/p>\n","protected":false},"featured_media":94495,"template":"","meta":{"_acf_changed":false,"om_disable_all_campaigns":false,"rs_blank_template":"","rs_page_bg_color":"","slide_template_v7":"","inline_featured_image":false,"_monsterinsights_skip_tracking":false,"_monsterinsights_sitenote_active":false,"_monsterinsights_sitenote_note":"","_monsterinsights_sitenote_category":0},"product_brand":[],"product_cat":[187,452],"product_tag":[],"class_list":{"0":"post-94494","1":"product","2":"type-product","3":"status-publish","4":"has-post-thumbnail","6":"product_cat-organitzacio-i-gestio","7":"product_cat-organizacion-y-gestion","9":"first","10":"instock","11":"taxable","12":"shipping-taxable","13":"purchasable","14":"product-type-simple"},"acf":{"editorial":[{"ID":6251,"post_author":"3","post_date":"2022-07-28 17:48:11","post_date_gmt":"2022-07-28 15:48:11","post_content":"","post_title":"EUNSA. EDICIONES UNIVERSIDAD DE NAVARRA","post_excerpt":"","post_status":"publish","comment_status":"closed","ping_status":"closed","post_password":"","post_name":"eunsa-ediciones-universidad-de-navarra","to_ping":"","pinged":"","post_modified":"2022-07-28 17:48:11","post_modified_gmt":"2022-07-28 15:48:11","post_content_filtered":"","post_parent":0,"guid":"http:\/\/dev.claret.cat\/editorial\/eunsa-ediciones-universidad-de-navarra\/","menu_order":0,"post_type":"editorial","post_mime_type":"","comment_count":"0","filter":"raw"}],"autor":"SALGADO,DANIELA","codart":"843133559","libros-coleccion":"Astrolabio Educaci\u00f3n","ediciones":"1","encuadernacion":"Carpeta","fecha_de_publicacion":"01\/03\/2021","novedad":"1","paginas":"232","subtitulo":"","orden":"0","portada":"0","idioma":"spa","autores-libros":[{"ID":153663,"post_author":"3","post_date":"2022-10-14 14:58:32","post_date_gmt":"2022-10-14 12:58:32","post_content":"","post_title":"DANIELA SALGADO","post_excerpt":"","post_status":"publish","comment_status":"closed","ping_status":"closed","post_password":"","post_name":"daniela-salgado","to_ping":"","pinged":"","post_modified":"2022-10-14 14:58:32","post_modified_gmt":"2022-10-14 12:58:32","post_content_filtered":"","post_parent":0,"guid":"http:\/\/dev.claret.cat\/autor\/daniela-salgado\/","menu_order":0,"post_type":"autor","post_mime_type":"","comment_count":"0","filter":"raw"}],"booktrailer":"","resenas":""},"aioseo_notices":[],"_links":{"self":[{"href":"https:\/\/www.claret.cat\/es\/wp-json\/wp\/v2\/product\/94494","targetHints":{"allow":["GET"]}}],"collection":[{"href":"https:\/\/www.claret.cat\/es\/wp-json\/wp\/v2\/product"}],"about":[{"href":"https:\/\/www.claret.cat\/es\/wp-json\/wp\/v2\/types\/product"}],"wp:featuredmedia":[{"embeddable":true,"href":"https:\/\/www.claret.cat\/es\/wp-json\/wp\/v2\/media\/94495"}],"wp:attachment":[{"href":"https:\/\/www.claret.cat\/es\/wp-json\/wp\/v2\/media?parent=94494"}],"wp:term":[{"taxonomy":"product_brand","embeddable":true,"href":"https:\/\/www.claret.cat\/es\/wp-json\/wp\/v2\/product_brand?post=94494"},{"taxonomy":"product_cat","embeddable":true,"href":"https:\/\/www.claret.cat\/es\/wp-json\/wp\/v2\/product_cat?post=94494"},{"taxonomy":"product_tag","embeddable":true,"href":"https:\/\/www.claret.cat\/es\/wp-json\/wp\/v2\/product_tag?post=94494"}],"curies":[{"name":"wp","href":"https:\/\/api.w.org\/{rel}","templated":true}]}}