{"id":944964,"date":"2023-12-13T15:55:25","date_gmt":"2023-12-13T14:55:25","guid":{"rendered":"https:\/\/www.claret.cat\/llibre\/bluey-un-cuento-buenas-noches-murcielago-de-la-fruta-edicion-en-espanol-9788448864002\/"},"modified":"2025-03-08T12:50:12","modified_gmt":"2025-03-08T11:50:12","slug":"bluey-un-cuento-buenas-noches-murcielago-de-la-fruta-edicion-en-espanol-9788448864002","status":"publish","type":"product","link":"https:\/\/www.claret.cat\/es\/libro\/bluey-un-cuento-buenas-noches-murcielago-de-la-fruta-edicion-en-espanol-9788448864002\/","title":{"rendered":"BLUEY. UN CUENTO &#8211; BUENAS NOCHES, MURCI\u00c9LAGO DE LA FRUTA (EDICI\u00d3N EN ESPA\u00d1OL)"},"content":{"rendered":"<p>Las aventuras de BLUEY, la serie de animaci\u00f3n m\u00e1s vista del mundo en Disney+ que ha enamorado a todas las familias. \u00a1Acompa\u00f1a a Bluey en una m\u00e1gica aventura nocturna!  Es hora de irse a la cama, pero Bluey no quiere dormir, quiere ser como los murci\u00e9lagos de la fruta que est\u00e1n despiertos toda la noche. Finalmente, se quedar\u00e1 dormida y so\u00f1ar\u00e1 que es un murci\u00e9lago de la fruta. \u00bfQu\u00e9 descubrir\u00e1 en la oscuridad?Los libros de Bluey, la serie de animaci\u00f3n ganadora de un Emmy\u00a9 que engancha a los peque\u00f1os y emociona a los mayores.  *Lee, divi\u00e9rtete y aprende la importancia del juego en familia, de saber escuchar y de ir todos a una.  *Repleto de ilustraciones a color, este libro es la lectura perfecta para los fans de la aclamada serie de televisi\u00f3n que ya triunfa en todo el mundo.*Leer alimenta la imaginaci\u00f3n y la creatividad, favorece la concentraci\u00f3n y ayuda a mejorar algunas habilidades sociales como la empat\u00eda.La cr\u00edtica ha dicho:<br \/>\u00abEntrego mis armas ante Bluey. La mejor serie para preescolar que me he encontrado en mucho tiempo\u00bb.<br \/>El Hematocr\u00edtico \u00abBluey, la serie de apariencia infantil que engancha a los adultos\u00bb.<br \/>El Mundo \u00abEl culto a Bluey: c\u00f3mo un dibujo animado infantil se ha convertido en la biblia de la paternidad moderna\u00bb.<br \/>The Guardian<\/p>\n","protected":false},"excerpt":{"rendered":"<p>BLUEY<\/p>\n","protected":false},"featured_media":945860,"template":"","meta":{"_acf_changed":false,"om_disable_all_campaigns":false,"rs_blank_template":"","rs_page_bg_color":"","slide_template_v7":"","inline_featured_image":false,"_monsterinsights_skip_tracking":false,"_monsterinsights_sitenote_active":false,"_monsterinsights_sitenote_note":"","_monsterinsights_sitenote_category":0},"product_brand":[],"product_cat":[131,132,361,362],"product_tag":[],"class_list":{"0":"post-944964","1":"product","2":"type-product","3":"status-publish","4":"has-post-thumbnail","6":"product_cat-contes-per-infants-0-6-anys","7":"product_cat-lectures-per-preadolescents-6-12-anys","8":"product_cat-cuentos-para-ninos-0-6-anos","9":"product_cat-libros-preadolescentes-6-12-anos","11":"first","12":"instock","13":"taxable","14":"shipping-taxable","15":"purchasable","16":"product-type-simple"},"acf":{"autor":"BLUEY","codart":"844886400","libros-coleccion":"FORA DE COL.LECCI\u00d3","ediciones":"1","encuadernacion":"Carton\u00e9","fecha_de_publicacion":"01\/04\/2023","novedad":"1","paginas":"45","subtitulo":"","orden":"0","portada":"0","idioma":"spa","editorial":[{"ID":6141,"post_author":"3","post_date":"2022-07-28 17:45:46","post_date_gmt":"2022-07-28 15:45:46","post_content":"","post_title":"BEASCOA","post_excerpt":"","post_status":"publish","comment_status":"closed","ping_status":"closed","post_password":"","post_name":"beascoa","to_ping":"","pinged":"","post_modified":"2022-07-28 17:45:46","post_modified_gmt":"2022-07-28 15:45:46","post_content_filtered":"","post_parent":0,"guid":"http:\/\/dev.claret.cat\/editorial\/beascoa\/","menu_order":0,"post_type":"editorial","post_mime_type":"","comment_count":"0","filter":"raw"}],"autores-libros":[{"ID":446227,"post_author":"3","post_date":"2023-06-06 18:46:45","post_date_gmt":"2023-06-06 16:46:45","post_content":"","post_title":"BLUEY","post_excerpt":"","post_status":"publish","comment_status":"closed","ping_status":"closed","post_password":"","post_name":"bluey","to_ping":"","pinged":"","post_modified":"2023-06-06 18:46:45","post_modified_gmt":"2023-06-06 16:46:45","post_content_filtered":"","post_parent":0,"guid":"https:\/\/www.claret.cat\/autor\/bluey\/","menu_order":0,"post_type":"autor","post_mime_type":"","comment_count":"0","filter":"raw"}]},"aioseo_notices":[],"_links":{"self":[{"href":"https:\/\/www.claret.cat\/es\/wp-json\/wp\/v2\/product\/944964","targetHints":{"allow":["GET"]}}],"collection":[{"href":"https:\/\/www.claret.cat\/es\/wp-json\/wp\/v2\/product"}],"about":[{"href":"https:\/\/www.claret.cat\/es\/wp-json\/wp\/v2\/types\/product"}],"wp:featuredmedia":[{"embeddable":true,"href":"https:\/\/www.claret.cat\/es\/wp-json\/wp\/v2\/media\/945860"}],"wp:attachment":[{"href":"https:\/\/www.claret.cat\/es\/wp-json\/wp\/v2\/media?parent=944964"}],"wp:term":[{"taxonomy":"product_brand","embeddable":true,"href":"https:\/\/www.claret.cat\/es\/wp-json\/wp\/v2\/product_brand?post=944964"},{"taxonomy":"product_cat","embeddable":true,"href":"https:\/\/www.claret.cat\/es\/wp-json\/wp\/v2\/product_cat?post=944964"},{"taxonomy":"product_tag","embeddable":true,"href":"https:\/\/www.claret.cat\/es\/wp-json\/wp\/v2\/product_tag?post=944964"}],"curies":[{"name":"wp","href":"https:\/\/api.w.org\/{rel}","templated":true}]}}