{"id":944973,"date":"2023-12-13T16:00:31","date_gmt":"2023-12-13T15:00:31","guid":{"rendered":"https:\/\/www.claret.cat\/llibre\/bluey-un-cuento-el-arroyo-edicion-en-espanol-9788448865092\/"},"modified":"2024-07-03T18:06:01","modified_gmt":"2024-07-03T16:06:01","slug":"bluey-un-cuento-el-arroyo-edicion-en-espanol-9788448865092","status":"publish","type":"product","link":"https:\/\/www.claret.cat\/es\/libro\/bluey-un-cuento-el-arroyo-edicion-en-espanol-9788448865092\/","title":{"rendered":"BLUEY. UN CUENTO &#8211; EL ARROYO (EDICI\u00d3N EN ESPA\u00d1OL)"},"content":{"rendered":"<p>Disfruta de las sorprendentes y divertidas aventuras de BLUEY, la serie de animaci\u00f3n m\u00e1s vista del mundo en Disney+ que ha cautivado a todas las familias. Bluey, Bingo y Mackenzie se cansan de jugar a lo de siempre en el parque, as\u00ed que pap\u00e1 los lleva al arroyo. Bluey no est\u00e1 acostumbrada a la naturaleza, y all\u00ed todo es diferente&#8230; \u00bfLograr\u00e1 Bluey disfrutar del nuevo entorno? \u00bfQu\u00e9 misterios descubrir\u00e1 Bluey? Divi\u00e9rtete con una nueva sorprendente historia de la serie de televisi\u00f3n favorita de los m\u00e1s peque\u00f1os y que ha enamorado a todas las familias. Un cuento entretenido e ideal para que los ni\u00f1os y ni\u00f1as a partir de 4 a\u00f1os no se aburran. *Los libros de Bluey, la serie de animaci\u00f3n ganadorade un Emmy\u00a9, engancha a los peque\u00f1os, emociona a los mayores y trasmite valores positivos para toda la familia. *Lee, divi\u00e9rtete y aprende la importancia del juego en familia, de saber escuchar y de ir todos a una.  *Repleto de ilustraciones a color, este libro es la lectura perfecta para los fans de la aclamada serie de televisi\u00f3n que ya triunfa en todo el mundo. *Leer alimenta la imaginaci\u00f3n y la creatividad, favorece la concentraci\u00f3n y ayuda a mejorar algunas habilidades sociales como la empat\u00eda.La cr\u00edtica ha dicho:<br \/>\u00abEntrego mis armas ante Bluey. La mejor serie para preescolar que me he encontrado en mucho tiempo\u00bb.<br \/>El Hematocr\u00edtico \u00abBluey, la serie de apariencia infantil que engancha a los adultos\u00bb.<br \/>El Mundo \u00abEl culto a Bluey: c\u00f3mo un dibujo animado infantil se ha convertido en la biblia de la paternidad moderna\u00bb.<br \/>The Guardian\u00abLos libros de Bluey son historias igual de imaginativas, vibrantes, tiernas y pedag\u00f3gicas como las que podemos ver en televisi\u00f3n\u00bb.<br \/>Silvia D\u00edaz, Beb\u00e9s y m\u00e1s<\/p>\n","protected":false},"excerpt":{"rendered":"<p>BLUEY<\/p>\n","protected":false},"featured_media":945856,"template":"","meta":{"_acf_changed":false,"om_disable_all_campaigns":false,"rs_blank_template":"","rs_page_bg_color":"","slide_template_v7":"","inline_featured_image":false,"_monsterinsights_skip_tracking":false,"_monsterinsights_sitenote_active":false,"_monsterinsights_sitenote_note":"","_monsterinsights_sitenote_category":0},"product_brand":[],"product_cat":[131,132,361,362],"product_tag":[],"class_list":{"0":"post-944973","1":"product","2":"type-product","3":"status-publish","4":"has-post-thumbnail","6":"product_cat-contes-per-infants-0-6-anys","7":"product_cat-lectures-per-preadolescents-6-12-anys","8":"product_cat-cuentos-para-ninos-0-6-anos","9":"product_cat-libros-preadolescentes-6-12-anos","11":"first","12":"instock","13":"taxable","14":"shipping-taxable","15":"purchasable","16":"product-type-simple"},"acf":{"autor":"BLUEY","codart":"844886509","libros-coleccion":"Cuentos infantiles","ediciones":"1","encuadernacion":"Carton\u00e9","fecha_de_publicacion":"01\/08\/2023","novedad":"1","paginas":"45","subtitulo":"","orden":"0","portada":"0","idioma":"spa","editorial":[{"ID":6141,"post_author":"3","post_date":"2022-07-28 17:45:46","post_date_gmt":"2022-07-28 15:45:46","post_content":"","post_title":"BEASCOA","post_excerpt":"","post_status":"publish","comment_status":"closed","ping_status":"closed","post_password":"","post_name":"beascoa","to_ping":"","pinged":"","post_modified":"2022-07-28 17:45:46","post_modified_gmt":"2022-07-28 15:45:46","post_content_filtered":"","post_parent":0,"guid":"http:\/\/dev.claret.cat\/editorial\/beascoa\/","menu_order":0,"post_type":"editorial","post_mime_type":"","comment_count":"0","filter":"raw"}],"autores-libros":[{"ID":446227,"post_author":"3","post_date":"2023-06-06 18:46:45","post_date_gmt":"2023-06-06 16:46:45","post_content":"","post_title":"BLUEY","post_excerpt":"","post_status":"publish","comment_status":"closed","ping_status":"closed","post_password":"","post_name":"bluey","to_ping":"","pinged":"","post_modified":"2023-06-06 18:46:45","post_modified_gmt":"2023-06-06 16:46:45","post_content_filtered":"","post_parent":0,"guid":"https:\/\/www.claret.cat\/autor\/bluey\/","menu_order":0,"post_type":"autor","post_mime_type":"","comment_count":"0","filter":"raw"}]},"aioseo_notices":[],"_links":{"self":[{"href":"https:\/\/www.claret.cat\/es\/wp-json\/wp\/v2\/product\/944973","targetHints":{"allow":["GET"]}}],"collection":[{"href":"https:\/\/www.claret.cat\/es\/wp-json\/wp\/v2\/product"}],"about":[{"href":"https:\/\/www.claret.cat\/es\/wp-json\/wp\/v2\/types\/product"}],"wp:featuredmedia":[{"embeddable":true,"href":"https:\/\/www.claret.cat\/es\/wp-json\/wp\/v2\/media\/945856"}],"wp:attachment":[{"href":"https:\/\/www.claret.cat\/es\/wp-json\/wp\/v2\/media?parent=944973"}],"wp:term":[{"taxonomy":"product_brand","embeddable":true,"href":"https:\/\/www.claret.cat\/es\/wp-json\/wp\/v2\/product_brand?post=944973"},{"taxonomy":"product_cat","embeddable":true,"href":"https:\/\/www.claret.cat\/es\/wp-json\/wp\/v2\/product_cat?post=944973"},{"taxonomy":"product_tag","embeddable":true,"href":"https:\/\/www.claret.cat\/es\/wp-json\/wp\/v2\/product_tag?post=944973"}],"curies":[{"name":"wp","href":"https:\/\/api.w.org\/{rel}","templated":true}]}}