{"id":94554,"date":"2022-10-11T22:06:06","date_gmt":"2022-10-11T20:06:06","guid":{"rendered":"http:\/\/dev.claret.cat\/producte\/meleta-de-romer\/"},"modified":"2023-01-28T00:58:38","modified_gmt":"2023-01-27T23:58:38","slug":"meleta-de-romer-9788413560267","status":"publish","type":"product","link":"https:\/\/www.claret.cat\/es\/libro\/meleta-de-romer-9788413560267\/","title":{"rendered":"MELETA DE ROMER"},"content":{"rendered":"<p>LA GESSAM\u00cd CARAM\u00c9S \u00c9S UNA FIGURA TELEVISIVA I DEL M\u00d3N DE LA CUINA ESTIMADA A CATALUNYA. \u00c9S COPRESENTADORA DEL PROGRAMA _CUINES _DE TV3 JUNTAMENT AMB EL CUINER MARC RIBAS DES DE NOVEMBRE DEL 2017 I SE LA CONEIX PER LA SEVA ALEGRIA, PROXIMITAT I PROFESSIONALITAT.  Descobrim els secrets de la pastisseria de la m\u00e0 de la Gessa. Per fi deixarem de banda la por als gramatges, quantitats i temperatures i entendrem el perqu\u00e8 de cada elaboraci\u00f3. Comencem amb receptes b\u00e0siques i imprescindibles per entendre el m\u00f3n dol\u00e7 i acabem amb els pastissos m\u00e9s sofisticats, passant per les postres tradicionals de la nostra terra, pans, brioixos, pastisseria americana, begudes i fins i tot opcions sense gluten, sense lactosa i baixes en calories. Fotografies: Maria A. Torres i Alberto Polo<\/p>\n","protected":false},"excerpt":{"rendered":"<p>CARAM\u00c9S N\u00da\u00d1EZ , GESSAM\u00cd<\/p>\n","protected":false},"featured_media":315687,"template":"","meta":{"_acf_changed":false,"om_disable_all_campaigns":false,"rs_blank_template":"","rs_page_bg_color":"","slide_template_v7":"","inline_featured_image":false,"_monsterinsights_skip_tracking":false,"_monsterinsights_sitenote_active":false,"_monsterinsights_sitenote_note":"","_monsterinsights_sitenote_category":0},"product_brand":[],"product_cat":[553,103],"product_tag":[],"class_list":{"0":"post-94554","1":"product","2":"type-product","3":"status-publish","4":"has-post-thumbnail","6":"product_cat-cocina","7":"product_cat-cuina","9":"first","10":"instock","11":"taxable","12":"shipping-taxable","13":"purchasable","14":"product-type-simple"},"acf":{"editorial":[{"ID":6171,"post_author":"3","post_date":"2022-07-28 17:46:25","post_date_gmt":"2022-07-28 15:46:25","post_content":"","post_title":"COSSETANIA EDICIONS","post_excerpt":"","post_status":"publish","comment_status":"closed","ping_status":"closed","post_password":"","post_name":"cossetania-edicions","to_ping":"","pinged":"","post_modified":"2022-07-28 17:46:25","post_modified_gmt":"2022-07-28 15:46:25","post_content_filtered":"","post_parent":0,"guid":"http:\/\/dev.claret.cat\/editorial\/cossetania-edicions\/","menu_order":0,"post_type":"editorial","post_mime_type":"","comment_count":"0","filter":"raw"}],"autores-libros":[{"ID":156845,"post_author":"3","post_date":"2022-10-14 15:24:04","post_date_gmt":"2022-10-14 13:24:04","post_content":"","post_title":"GESSAM\u00cd CARAM\u00c9S N\u00da\u00d1EZ","post_excerpt":"","post_status":"publish","comment_status":"closed","ping_status":"closed","post_password":"","post_name":"gessami-carames-nunez","to_ping":"","pinged":"","post_modified":"2022-10-14 15:24:04","post_modified_gmt":"2022-10-14 13:24:04","post_content_filtered":"","post_parent":0,"guid":"http:\/\/dev.claret.cat\/autor\/gessami-carames-nunez\/","menu_order":0,"post_type":"autor","post_mime_type":"","comment_count":"0","filter":"raw"}],"autor":"CARAM\u00c9S N\u00da\u00d1EZ , GESSAM\u00cd","codart":"841356026","libros-coleccion":"Sensacions","ediciones":"1","encuadernacion":"R\u00fastica","fecha_de_publicacion":"01\/03\/2021","novedad":"1","paginas":"176","subtitulo":"LES POSTRES DE LA GESSA","orden":"0","portada":"0","idioma":"cat"},"aioseo_notices":[],"_links":{"self":[{"href":"https:\/\/www.claret.cat\/es\/wp-json\/wp\/v2\/product\/94554","targetHints":{"allow":["GET"]}}],"collection":[{"href":"https:\/\/www.claret.cat\/es\/wp-json\/wp\/v2\/product"}],"about":[{"href":"https:\/\/www.claret.cat\/es\/wp-json\/wp\/v2\/types\/product"}],"wp:featuredmedia":[{"embeddable":true,"href":"https:\/\/www.claret.cat\/es\/wp-json\/wp\/v2\/media\/315687"}],"wp:attachment":[{"href":"https:\/\/www.claret.cat\/es\/wp-json\/wp\/v2\/media?parent=94554"}],"wp:term":[{"taxonomy":"product_brand","embeddable":true,"href":"https:\/\/www.claret.cat\/es\/wp-json\/wp\/v2\/product_brand?post=94554"},{"taxonomy":"product_cat","embeddable":true,"href":"https:\/\/www.claret.cat\/es\/wp-json\/wp\/v2\/product_cat?post=94554"},{"taxonomy":"product_tag","embeddable":true,"href":"https:\/\/www.claret.cat\/es\/wp-json\/wp\/v2\/product_tag?post=94554"}],"curies":[{"name":"wp","href":"https:\/\/api.w.org\/{rel}","templated":true}]}}