{"id":945595,"date":"2023-12-15T12:50:02","date_gmt":"2023-12-15T11:50:02","guid":{"rendered":"https:\/\/www.claret.cat\/llibre\/obras-completas-tomo-iv-19261931-9788430605927\/"},"modified":"2025-07-22T17:32:15","modified_gmt":"2025-07-22T15:32:15","slug":"obras-completas-tomo-iv-19261931-9788430605927","status":"publish","type":"product","link":"https:\/\/www.claret.cat\/es\/libro\/obras-completas-tomo-iv-19261931-9788430605927\/","title":{"rendered":"OBRAS COMPLETAS. TOMO IV (1926\/1931)"},"content":{"rendered":"<p>Cuarto tomo de los diez que re\u00fanen las Obras completas de Jos\u00e9 Ortega y Gasset, la mayor compilaci\u00f3n de los textos del fil\u00f3sofo presentada hasta la fecha. Los primeros seis tomos de estas Obras completas de Jos\u00e9 Ortega y Gasset re\u00fanen las obras publicadas por el propio Ortega, incluidos muchos textos cuya primera reimpresi\u00f3n se ofrece ahora. Los cuatro tomos siguientes incorporan aquellos textos que hab\u00edan quedado in\u00e9ditos a su muerte, muchos de los cuales ven la luz por primera vez.Para la fijaci\u00f3n del texto de los seis primeros vol\u00famenes se ha realizado una notable labor de investigaci\u00f3n, que ha permitido recuperar numerosos art\u00edculos todav\u00eda dispersos en diarios y revistas, as\u00ed como seleccionar las ediciones pertinentes para el cotejo, a fin de depurar el texto de erratas perpetuadas en ediciones anteriores e identificar sustanciales variantes, que se muestran en el ap\u00e9ndice. El per\u00edodo que comprende este cuarto volumen es de una inmensa riqueza en la obra orteguiana. En \u00e9l se incluyen textos clave como son Esp\u00edritu de la letra (1927), Mirabeau o el pol\u00edtico (1927), Kant (1929)yMisi\u00f3n de la Universidad (1930); junto a su m\u00e1s c\u00e9lebre y traducida obra, La rebeli\u00f3n de las masas (1930), un profundo an\u00e1lisis de la crisis europea del per\u00edodo de entreguerras enormemente anticipador y que, desde su condici\u00f3n de cl\u00e1sico del pensamiento contempor\u00e1neo, sigue iluminando hoy la comprensi\u00f3n de nuestro tiempo. Son a\u00f1os, tambi\u00e9n, de una intensa actividad p\u00fablica en la vida del fil\u00f3sofo, provocada por la situaci\u00f3n pol\u00edtica espa\u00f1ola. El lectorencontrar\u00e1 en estas p\u00e1ginas textos pol\u00edticos fundamentales como son los art\u00edculos y discursos recogidos, el a\u00f1o 1931, en Rectificaci\u00f3n de la Rep\u00fablica y La redenci\u00f3n de las provincias y la decencia nacional, que adem\u00e1s de ser un privilegiado testimonio de aquel momento exponen su idea de hacia d\u00f3nde habr\u00eda de encaminarse Espa\u00f1a.<\/p>\n","protected":false},"excerpt":{"rendered":"<p>ORTEGA Y GASSET, JOS\u00c9<\/p>\n","protected":false},"featured_media":1047791,"template":"","meta":{"_acf_changed":false,"om_disable_all_campaigns":false,"rs_blank_template":"","rs_page_bg_color":"","slide_template_v7":"","inline_featured_image":false,"_monsterinsights_skip_tracking":false,"_monsterinsights_sitenote_active":false,"_monsterinsights_sitenote_note":"","_monsterinsights_sitenote_category":0},"product_brand":[],"product_cat":[373,166],"product_tag":[],"class_list":{"0":"post-945595","1":"product","2":"type-product","3":"status-publish","4":"has-post-thumbnail","6":"product_cat-autores","7":"product_cat-autors-filosofia","9":"first","10":"outofstock","11":"taxable","12":"shipping-taxable","13":"purchasable","14":"product-type-simple"},"acf":{"autor":"ORTEGA Y GASSET, JOS\u00c9","codart":"843060592","libros-coleccion":"FORA DE COL.LECCI\u00d3","ediciones":"1","encuadernacion":"Carton\u00e9","fecha_de_publicacion":"01\/11\/2005","novedad":"1","paginas":"1080","subtitulo":"","orden":"0","portada":"0","idioma":"spa","editorial":[{"ID":6372,"post_author":"3","post_date":"2022-07-28 17:50:47","post_date_gmt":"2022-07-28 15:50:47","post_content":"","post_title":"TAURUS","post_excerpt":"","post_status":"publish","comment_status":"closed","ping_status":"closed","post_password":"","post_name":"taurus","to_ping":"","pinged":"","post_modified":"2022-07-28 17:50:47","post_modified_gmt":"2022-07-28 15:50:47","post_content_filtered":"","post_parent":0,"guid":"http:\/\/dev.claret.cat\/editorial\/taurus\/","menu_order":0,"post_type":"editorial","post_mime_type":"","comment_count":"0","filter":"raw"}],"autores-libros":[{"ID":160530,"post_author":"3","post_date":"2022-10-14 15:53:49","post_date_gmt":"2022-10-14 13:53:49","post_content":"","post_title":"JOSE ORTEGA Y GASSET","post_excerpt":"","post_status":"publish","comment_status":"closed","ping_status":"closed","post_password":"","post_name":"jose-ortega-y-gasset","to_ping":"","pinged":"","post_modified":"2022-10-14 15:53:49","post_modified_gmt":"2022-10-14 13:53:49","post_content_filtered":"","post_parent":0,"guid":"http:\/\/dev.claret.cat\/autor\/jose-ortega-y-gasset\/","menu_order":0,"post_type":"autor","post_mime_type":"","comment_count":"0","filter":"raw"}],"booktrailer":"","resenas":""},"aioseo_notices":[],"_links":{"self":[{"href":"https:\/\/www.claret.cat\/es\/wp-json\/wp\/v2\/product\/945595","targetHints":{"allow":["GET"]}}],"collection":[{"href":"https:\/\/www.claret.cat\/es\/wp-json\/wp\/v2\/product"}],"about":[{"href":"https:\/\/www.claret.cat\/es\/wp-json\/wp\/v2\/types\/product"}],"wp:featuredmedia":[{"embeddable":true,"href":"https:\/\/www.claret.cat\/es\/wp-json\/wp\/v2\/media\/1047791"}],"wp:attachment":[{"href":"https:\/\/www.claret.cat\/es\/wp-json\/wp\/v2\/media?parent=945595"}],"wp:term":[{"taxonomy":"product_brand","embeddable":true,"href":"https:\/\/www.claret.cat\/es\/wp-json\/wp\/v2\/product_brand?post=945595"},{"taxonomy":"product_cat","embeddable":true,"href":"https:\/\/www.claret.cat\/es\/wp-json\/wp\/v2\/product_cat?post=945595"},{"taxonomy":"product_tag","embeddable":true,"href":"https:\/\/www.claret.cat\/es\/wp-json\/wp\/v2\/product_tag?post=945595"}],"curies":[{"name":"wp","href":"https:\/\/api.w.org\/{rel}","templated":true}]}}