{"id":945707,"date":"2023-12-18T16:35:02","date_gmt":"2023-12-18T15:35:02","guid":{"rendered":"https:\/\/www.claret.cat\/llibre\/amb-que-ens-sorprendras-avui-mare-natura-9788419785602\/"},"modified":"2024-04-23T17:50:15","modified_gmt":"2024-04-23T15:50:15","slug":"amb-que-ens-sorprendras-avui-mare-natura-9788419785602","status":"publish","type":"product","link":"https:\/\/www.claret.cat\/es\/libro\/amb-que-ens-sorprendras-avui-mare-natura-9788419785602\/","title":{"rendered":"AMB QU\u00c8 ENS SORPRENDR\u00c0S AVUI, MARE NATURA?"},"content":{"rendered":"<p>* Durant tot l&#8221;any, la Mare Natura est\u00e0 molt ocupada: creant n\u00favols perqu\u00e8 plogui, preparant un esquirol perqu\u00e8 amagui fruita seca per al fred hivern o guiant un pollet en el seu primer vol per mig m\u00f3n. <br \/> * Esbrina qu\u00e8 est\u00e0 fent ara mateix, a tots els racons del m\u00f3n, a trav\u00e9s de 48 hist\u00f2ries sobre els interminables cicles de la natura. <br \/> * Aquest tresor exquisidament il\u00b7lustrat ens ofereix els relats m\u00e9s impressionants i meravellosos de la hist\u00f2ria natural. <\/p>\n<p> Organitzat al voltant del cicle complet d&#8221;un any del calendari, el cap\u00edtol de cada mes presenta quatre hist\u00f2ries, cadascuna d&#8221;una part diferent del m\u00f3n, per mostrar que mentre en algun lloc \u00e9s ple estiu, en un altre lloc s\u00f3n a ple hivern, i que en alguns la sequera \u00e9s preponderant i en altres \u00e9s la pluja la que impera.<\/p>\n<p> Un llibre d&#8221;esdeveniments que, any rere any, tenen lloc davant dels nostres ulls.<\/p>\n","protected":false},"excerpt":{"rendered":"<p>BROWNRIDGE, LUCY \/ SAMSON ABADIE, MARGAUX<\/p>\n","protected":false},"featured_media":945729,"template":"","meta":{"_acf_changed":false,"om_disable_all_campaigns":false,"rs_blank_template":"","rs_page_bg_color":"","slide_template_v7":"","inline_featured_image":false,"_monsterinsights_skip_tracking":false,"_monsterinsights_sitenote_active":false,"_monsterinsights_sitenote_note":"","_monsterinsights_sitenote_category":0},"product_brand":[],"product_cat":[90,540],"product_tag":[],"class_list":{"0":"post-945707","1":"product","2":"type-product","3":"status-publish","4":"has-post-thumbnail","6":"product_cat-altres","7":"product_cat-otros","9":"first","10":"instock","11":"taxable","12":"shipping-taxable","13":"purchasable","14":"product-type-simple"},"acf":{"autor":"BROWNRIDGE, LUCY \/ SAMSON ABADIE, MARGAUX","codart":"841978560","libros-coleccion":"","ediciones":"1","encuadernacion":"Carton\u00e9","fecha_de_publicacion":"01\/12\/2023","novedad":"1","paginas":"107","subtitulo":"","orden":"0","portada":"1","idioma":"cat","editorial":[{"ID":147554,"post_author":"3","post_date":"2022-10-14 11:51:27","post_date_gmt":"2022-10-14 09:51:27","post_content":"","post_title":"BLUME (Naturart)","post_excerpt":"","post_status":"publish","comment_status":"closed","ping_status":"closed","post_password":"","post_name":"blume-naturart","to_ping":"","pinged":"","post_modified":"2022-10-14 11:51:27","post_modified_gmt":"2022-10-14 09:51:27","post_content_filtered":"","post_parent":0,"guid":"http:\/\/dev.claret.cat\/editorial\/blume-naturart\/","menu_order":0,"post_type":"editorial","post_mime_type":"","comment_count":"0","filter":"raw"}],"autores-libros":[{"ID":162620,"post_author":"3","post_date":"2022-10-14 17:32:28","post_date_gmt":"2022-10-14 15:32:28","post_content":"","post_title":"LUCY BROWNRIDGE","post_excerpt":"","post_status":"publish","comment_status":"closed","ping_status":"closed","post_password":"","post_name":"lucy-brownridge-2","to_ping":"","pinged":"","post_modified":"2022-10-14 17:32:28","post_modified_gmt":"2022-10-14 15:32:28","post_content_filtered":"","post_parent":0,"guid":"http:\/\/dev.claret.cat\/autor\/lucy-brownridge-2\/","menu_order":0,"post_type":"autor","post_mime_type":"","comment_count":"0","filter":"raw"},{"ID":945725,"post_author":"3","post_date":"2023-12-18 17:16:02","post_date_gmt":"2023-12-18 16:16:02","post_content":"","post_title":"MARGAUX SAMSON ABADIE","post_excerpt":"","post_status":"publish","comment_status":"closed","ping_status":"closed","post_password":"","post_name":"margaux-samson-abadie","to_ping":"","pinged":"","post_modified":"2023-12-18 17:16:02","post_modified_gmt":"2023-12-18 16:16:02","post_content_filtered":"","post_parent":0,"guid":"https:\/\/www.claret.cat\/autor\/margaux-samson-abadie\/","menu_order":0,"post_type":"autor","post_mime_type":"","comment_count":"0","filter":"raw"}]},"aioseo_notices":[],"_links":{"self":[{"href":"https:\/\/www.claret.cat\/es\/wp-json\/wp\/v2\/product\/945707","targetHints":{"allow":["GET"]}}],"collection":[{"href":"https:\/\/www.claret.cat\/es\/wp-json\/wp\/v2\/product"}],"about":[{"href":"https:\/\/www.claret.cat\/es\/wp-json\/wp\/v2\/types\/product"}],"wp:featuredmedia":[{"embeddable":true,"href":"https:\/\/www.claret.cat\/es\/wp-json\/wp\/v2\/media\/945729"}],"wp:attachment":[{"href":"https:\/\/www.claret.cat\/es\/wp-json\/wp\/v2\/media?parent=945707"}],"wp:term":[{"taxonomy":"product_brand","embeddable":true,"href":"https:\/\/www.claret.cat\/es\/wp-json\/wp\/v2\/product_brand?post=945707"},{"taxonomy":"product_cat","embeddable":true,"href":"https:\/\/www.claret.cat\/es\/wp-json\/wp\/v2\/product_cat?post=945707"},{"taxonomy":"product_tag","embeddable":true,"href":"https:\/\/www.claret.cat\/es\/wp-json\/wp\/v2\/product_tag?post=945707"}],"curies":[{"name":"wp","href":"https:\/\/api.w.org\/{rel}","templated":true}]}}