{"id":945710,"date":"2023-12-18T16:35:18","date_gmt":"2023-12-18T15:35:18","guid":{"rendered":"https:\/\/www.claret.cat\/llibre\/con-que-nos-sorprenderas-hoy-madre-naturaleza-9788419785596\/"},"modified":"2023-12-18T17:36:00","modified_gmt":"2023-12-18T16:36:00","slug":"con-que-nos-sorprenderas-hoy-madre-naturaleza-9788419785596","status":"publish","type":"product","link":"https:\/\/www.claret.cat\/es\/libro\/con-que-nos-sorprenderas-hoy-madre-naturaleza-9788419785596\/","title":{"rendered":"\u00bfCON QU\u00c9 NOS SORPRENDER\u00c1S HOY, MADRE NATURALEZA?"},"content":{"rendered":"<p>* La Madre Naturaleza est\u00e1 muy ocupada durante todo el a\u00f1o: crea nubes para que caiga la lluvia; prepara a una ardilla para que esconda frutos secos que recoger\u00e1 m\u00e1s tarde, en el fr\u00edo invierno, o gu\u00eda a un polluelo en su primer vuelo por medio mundo. <br \/> *  Averigua qu\u00e9 hace en este momento, en todos los rincones del planeta, a trav\u00e9s de 48 historias sobre los ciclos interminables de la naturaleza. <br \/> *  Este maravilloso volumen y sus exquisitas ilustraciones nos ofrecen los relatos m\u00e1s impactantes y hermosos de la historia natural.<\/p>\n<p> Organizado en torno al ciclo completo de un a\u00f1o del calendario, el cap\u00edtulo de cada mes presenta cuatro historias, cada una de una parte diferente del mundo, para mostrar que mientras en alg\u00fan lugar es pleno verano, en otro lugar est\u00e1n en pleno invierno, y que en algunos la sequ\u00eda es preponderante y en otros es la lluvia la que impera.<\/p>\n<p> Un libro de acontecimientos que se desarrollan ante nuestros ojos, a\u00f1o tras a\u00f1o.<\/p>\n","protected":false},"excerpt":{"rendered":"<p>BROWNRIDGE, LUCY \/ SAMSON ABADIE, MARGAUX<\/p>\n","protected":false},"featured_media":945731,"template":"","meta":{"_acf_changed":false,"om_disable_all_campaigns":false,"rs_blank_template":"","rs_page_bg_color":"","slide_template_v7":"","inline_featured_image":false,"_monsterinsights_skip_tracking":false,"_monsterinsights_sitenote_active":false,"_monsterinsights_sitenote_note":"","_monsterinsights_sitenote_category":0},"product_brand":[],"product_cat":[133,132,362,363],"product_tag":[],"class_list":{"0":"post-945710","1":"product","2":"type-product","3":"status-publish","4":"has-post-thumbnail","6":"product_cat-lectures-per-adolescents-12-18-anys","7":"product_cat-lectures-per-preadolescents-6-12-anys","8":"product_cat-libros-preadolescentes-6-12-anos","9":"product_cat-lecturas-por-adolescentes-12-18-anos","11":"first","12":"instock","13":"taxable","14":"shipping-taxable","15":"purchasable","16":"product-type-simple"},"acf":{"autor":"BROWNRIDGE, LUCY \/ SAMSON ABADIE, MARGAUX","codart":"841978559","libros-coleccion":"","ediciones":"1","encuadernacion":"Carton\u00e9","fecha_de_publicacion":"01\/12\/2023","novedad":"1","paginas":"107","subtitulo":"","orden":"0","portada":"1","idioma":"spa","editorial":[{"ID":147554,"post_author":"3","post_date":"2022-10-14 11:51:27","post_date_gmt":"2022-10-14 09:51:27","post_content":"","post_title":"BLUME (Naturart)","post_excerpt":"","post_status":"publish","comment_status":"closed","ping_status":"closed","post_password":"","post_name":"blume-naturart","to_ping":"","pinged":"","post_modified":"2022-10-14 11:51:27","post_modified_gmt":"2022-10-14 09:51:27","post_content_filtered":"","post_parent":0,"guid":"http:\/\/dev.claret.cat\/editorial\/blume-naturart\/","menu_order":0,"post_type":"editorial","post_mime_type":"","comment_count":"0","filter":"raw"}],"autores-libros":[{"ID":162620,"post_author":"3","post_date":"2022-10-14 17:32:28","post_date_gmt":"2022-10-14 15:32:28","post_content":"","post_title":"LUCY BROWNRIDGE","post_excerpt":"","post_status":"publish","comment_status":"closed","ping_status":"closed","post_password":"","post_name":"lucy-brownridge-2","to_ping":"","pinged":"","post_modified":"2022-10-14 17:32:28","post_modified_gmt":"2022-10-14 15:32:28","post_content_filtered":"","post_parent":0,"guid":"http:\/\/dev.claret.cat\/autor\/lucy-brownridge-2\/","menu_order":0,"post_type":"autor","post_mime_type":"","comment_count":"0","filter":"raw"},{"ID":945725,"post_author":"3","post_date":"2023-12-18 17:16:02","post_date_gmt":"2023-12-18 16:16:02","post_content":"","post_title":"MARGAUX SAMSON ABADIE","post_excerpt":"","post_status":"publish","comment_status":"closed","ping_status":"closed","post_password":"","post_name":"margaux-samson-abadie","to_ping":"","pinged":"","post_modified":"2023-12-18 17:16:02","post_modified_gmt":"2023-12-18 16:16:02","post_content_filtered":"","post_parent":0,"guid":"https:\/\/www.claret.cat\/autor\/margaux-samson-abadie\/","menu_order":0,"post_type":"autor","post_mime_type":"","comment_count":"0","filter":"raw"}]},"aioseo_notices":[],"_links":{"self":[{"href":"https:\/\/www.claret.cat\/es\/wp-json\/wp\/v2\/product\/945710","targetHints":{"allow":["GET"]}}],"collection":[{"href":"https:\/\/www.claret.cat\/es\/wp-json\/wp\/v2\/product"}],"about":[{"href":"https:\/\/www.claret.cat\/es\/wp-json\/wp\/v2\/types\/product"}],"wp:featuredmedia":[{"embeddable":true,"href":"https:\/\/www.claret.cat\/es\/wp-json\/wp\/v2\/media\/945731"}],"wp:attachment":[{"href":"https:\/\/www.claret.cat\/es\/wp-json\/wp\/v2\/media?parent=945710"}],"wp:term":[{"taxonomy":"product_brand","embeddable":true,"href":"https:\/\/www.claret.cat\/es\/wp-json\/wp\/v2\/product_brand?post=945710"},{"taxonomy":"product_cat","embeddable":true,"href":"https:\/\/www.claret.cat\/es\/wp-json\/wp\/v2\/product_cat?post=945710"},{"taxonomy":"product_tag","embeddable":true,"href":"https:\/\/www.claret.cat\/es\/wp-json\/wp\/v2\/product_tag?post=945710"}],"curies":[{"name":"wp","href":"https:\/\/api.w.org\/{rel}","templated":true}]}}