{"id":945747,"date":"2023-12-18T18:20:15","date_gmt":"2023-12-18T17:20:15","guid":{"rendered":"https:\/\/www.claret.cat\/llibre\/biblia-rvr160-tamano-manual-letra-grande-ipiel-cafecafe-con-indice-coleccion-banda-9788885160316\/"},"modified":"2026-04-23T13:41:27","modified_gmt":"2026-04-23T11:41:27","slug":"biblia-rvr160-tamano-manual-letra-grande-ipiel-cafecafe-con-indice-coleccion-banda-9788885160316","status":"publish","type":"product","link":"https:\/\/www.claret.cat\/es\/libro\/biblia-rvr160-tamano-manual-letra-grande-ipiel-cafecafe-con-indice-coleccion-banda-9788885160316\/","title":{"rendered":"BIBLIA RVR160 TAMA\u00d1O MANUAL LETRA GRANDE I\/PIEL CAF\u00c9\/CAF\u00c9 CON \u00cdNDICE (COLECCI\u00d3N BANDA)"},"content":{"rendered":"<p>Reina Valera 1960<br \/>Tama\u00f1o manual :13,8&#215;21,2cm<br \/>Portada: imitaci\u00f3n piel bitono de alta calidad<br \/>Letra grande: 12 puntos<br \/>Con \u00edndice<br \/>Canto dorado<br \/>Palabras de Jes\u00fas en rojo<br \/>Concordancia amplia<br \/>Concordancia de personajes b\u00edblicos<br \/>Ayudas<br \/>Referencias cruzadas.<br \/>P\u00e1gina de introducci\u00f3n a la Biblia por Spurgeon y Ryle<br \/>32 p\u00e1ginas a todo color con ayudas y esquemas que contienen:<\/p>\n<p>Vers\u00edculos clave de cada libro<br \/>Genealog\u00eda de Jes\u00fas<br \/>Fiestas Biblicas<br \/>Tipolog\u00eda de los salmos<br \/>Plano del templo<br \/>Cronolog\u00eda de Reyes y Profetas<br \/>Cuadro con las par\u00e1bolas de Jes\u00fas<br \/>Cuadro con los milagros de Jesus<br \/>Plan de salvaci\u00f3n<br \/>Promesas de Dios<br \/>Plan de lectura en un a\u00f1o<br \/>12 mapas a todo color<\/p>\n","protected":false},"excerpt":{"rendered":"<p>REINA VALERA<\/p>\n","protected":false},"featured_media":966307,"template":"","meta":{"_acf_changed":false,"om_disable_all_campaigns":false,"rs_blank_template":"","rs_page_bg_color":"","slide_template_v7":"","inline_featured_image":false,"_monsterinsights_skip_tracking":false,"_monsterinsights_sitenote_active":false,"_monsterinsights_sitenote_note":"","_monsterinsights_sitenote_category":0},"product_brand":[],"product_cat":[420,473,296,214],"product_tag":[],"class_list":{"0":"post-945747","1":"product","2":"type-product","3":"status-publish","4":"has-post-thumbnail","6":"product_cat-biblias","7":"product_cat-biblias-impresas","8":"product_cat-biblies","9":"product_cat-biblies-impreses","11":"first","12":"instock","13":"taxable","14":"shipping-taxable","15":"purchasable","16":"product-type-simple"},"acf":{"autor":"REINA VALERA","codart":"888516031","libros-coleccion":"","ediciones":"1","encuadernacion":"R\u00fastica","fecha_de_publicacion":"18\/12\/2023","novedad":"1","paginas":"1648","subtitulo":"","orden":"0","portada":"0","idioma":"spa","editorial":[{"ID":6366,"post_author":"3","post_date":"2022-07-28 17:50:39","post_date_gmt":"2022-07-28 15:50:39","post_content":"","post_title":"Sociedad B\u00edblica","post_excerpt":"","post_status":"publish","comment_status":"closed","ping_status":"closed","post_password":"","post_name":"sociedad-biblica","to_ping":"","pinged":"","post_modified":"2022-07-28 17:50:39","post_modified_gmt":"2022-07-28 15:50:39","post_content_filtered":"","post_parent":0,"guid":"http:\/\/dev.claret.cat\/editorial\/sociedad-biblica\/","menu_order":0,"post_type":"editorial","post_mime_type":"","comment_count":"0","filter":"raw"}],"autores-libros":[{"ID":167946,"post_author":"3","post_date":"2022-10-14 18:15:16","post_date_gmt":"2022-10-14 16:15:16","post_content":"","post_title":"REINA VALERA","post_excerpt":"","post_status":"publish","comment_status":"closed","ping_status":"closed","post_password":"","post_name":"reina-valera","to_ping":"","pinged":"","post_modified":"2022-10-14 18:15:16","post_modified_gmt":"2022-10-14 16:15:16","post_content_filtered":"","post_parent":0,"guid":"http:\/\/dev.claret.cat\/autor\/reina-valera\/","menu_order":0,"post_type":"autor","post_mime_type":"","comment_count":"0","filter":"raw"}],"booktrailer":"","resenas":""},"aioseo_notices":[],"_links":{"self":[{"href":"https:\/\/www.claret.cat\/es\/wp-json\/wp\/v2\/product\/945747","targetHints":{"allow":["GET"]}}],"collection":[{"href":"https:\/\/www.claret.cat\/es\/wp-json\/wp\/v2\/product"}],"about":[{"href":"https:\/\/www.claret.cat\/es\/wp-json\/wp\/v2\/types\/product"}],"wp:featuredmedia":[{"embeddable":true,"href":"https:\/\/www.claret.cat\/es\/wp-json\/wp\/v2\/media\/966307"}],"wp:attachment":[{"href":"https:\/\/www.claret.cat\/es\/wp-json\/wp\/v2\/media?parent=945747"}],"wp:term":[{"taxonomy":"product_brand","embeddable":true,"href":"https:\/\/www.claret.cat\/es\/wp-json\/wp\/v2\/product_brand?post=945747"},{"taxonomy":"product_cat","embeddable":true,"href":"https:\/\/www.claret.cat\/es\/wp-json\/wp\/v2\/product_cat?post=945747"},{"taxonomy":"product_tag","embeddable":true,"href":"https:\/\/www.claret.cat\/es\/wp-json\/wp\/v2\/product_tag?post=945747"}],"curies":[{"name":"wp","href":"https:\/\/api.w.org\/{rel}","templated":true}]}}