{"id":945762,"date":"2023-12-19T11:10:05","date_gmt":"2023-12-19T10:10:05","guid":{"rendered":"https:\/\/www.claret.cat\/llibre\/revista-frontera122-formacion-para-la-vida-religiosa-y-discernimiento-vocacional-9789513111229\/"},"modified":"2025-10-03T17:05:28","modified_gmt":"2025-10-03T15:05:28","slug":"revista-frontera122-formacion-para-la-vida-religiosa-y-discernimiento-vocacional-9789513111229","status":"publish","type":"product","link":"https:\/\/www.claret.cat\/es\/libro\/revista-frontera122-formacion-para-la-vida-religiosa-y-discernimiento-vocacional-9789513111229\/","title":{"rendered":"REVISTA FRONTERA,122: FORMACI\u00d3N PARA LA VIDA RELIGIOSA Y DISCERNIMIENTO VOCACIONAL"},"content":{"rendered":"<p>En el presente n\u00famero de FRONTERA-HEGIAN, Felic\u00edsimo Martinez<br \/>aborda el problema de la formaci\u00f3n para la vida religiosa y el gran desaf\u00edo<br \/>del discernimiento vocacional. La situaci\u00f3n actual de la vida religiosa urge<br \/>prestar especial atenci\u00f3n a estas dos tareas: la formaci\u00f3n y el discernimiento<br \/>vocacional. La escasez de vocaciones y la edad elevada de los<br \/>miembros hacen dif\u00edcil la vitalidad de las comunidades y el desempe\u00f1o de<br \/>las tareas apost\u00f3licas. De ah\u00ed la tentaci\u00f3n de ampliar el port\u00f3n de entrada<br \/>para facilitar el ingreso de nuevas vocaciones. Para ello se han atenuado<br \/>a veces las exigencias en la formaci\u00f3n y, sobre todo, se han rebajado los<br \/>criterios en el discernimiento vocacional. Pero la experiencia habida en<br \/>las \u00faltimas d\u00e9cadas va dejando claro que una formaci\u00f3n deficiente y una<br \/>capitulaci\u00f3n en el discernimiento vocacional multiplica los problemas en<br \/>las Congregaciones y no aporta nuevas soluciones. Con lo cual se est\u00e1<br \/>haciendo un mal favor a las Congregaciones y a los propios candidatos.<br \/>Por eso, el presente trabajo procura ser un ejercicio de sinceraci\u00f3n en<br \/>este sentido. Intenta responder a las siguientes preguntas: \u00bfCu\u00e1les son<br \/>los problemas fundamentales que presenta hoy la formaci\u00f3n para la vida<br \/>religiosa?; \u00bfcu\u00e1les deben ser los criterios irrenunciables para el discernimiento<br \/>vocacional?<br \/>Felic\u00edsimo Mart\u00ednez, dominico, adem\u00e1s de su larga trayectoria como<br \/>te\u00f3logo, docente y escritor, ha seguido muy de cerca los derroteros de<br \/>la vida religiosa, proponiendo caminos iluminadores de renovaci\u00f3n y de<br \/>revitalizaci\u00f3n. Entre sus numerosas publicaciones sobre VR, destacamos<br \/>algunos de sus n\u00fameros publicados en esta colecci\u00f3n FRONTERA-HEGIAN:<br \/>Situaci\u00f3n actual y desaf\u00edos de la vida religiosa (n\u00ba 44). Vida religiosa<br \/>y calidad de vida, \u00bfBienestar o calidad de vida? (n\u00ba 48).<\/p>\n","protected":false},"excerpt":{"rendered":"<p>FELIC\u00cdSIMO MART\u00cdNEZ D\u00cdEZ<\/p>\n","protected":false},"featured_media":945763,"template":"","meta":{"_acf_changed":false,"om_disable_all_campaigns":false,"rs_blank_template":"","rs_page_bg_color":"","slide_template_v7":"","inline_featured_image":false,"_monsterinsights_skip_tracking":false,"_monsterinsights_sitenote_active":false,"_monsterinsights_sitenote_note":"","_monsterinsights_sitenote_category":0},"product_brand":[],"product_cat":[90,540],"product_tag":[],"class_list":{"0":"post-945762","1":"product","2":"type-product","3":"status-publish","4":"has-post-thumbnail","6":"product_cat-altres","7":"product_cat-otros","9":"first","10":"instock","11":"taxable","12":"shipping-taxable","13":"purchasable","14":"product-type-simple"},"acf":{"autor":"FELIC\u00cdSIMO MART\u00cdNEZ D\u00cdEZ","codart":"951311122","libros-coleccion":"","ediciones":"1","encuadernacion":"R\u00fastica","fecha_de_publicacion":"19\/12\/2023","novedad":"1","paginas":"95","subtitulo":"","orden":"0","portada":"0","idioma":"spa","editorial":[{"ID":6224,"post_author":"3","post_date":"2022-07-28 17:47:33","post_date_gmt":"2022-07-28 15:47:33","post_content":"","post_title":"EDITORIAL FRONTERA","post_excerpt":"","post_status":"publish","comment_status":"closed","ping_status":"closed","post_password":"","post_name":"editorial-frontera","to_ping":"","pinged":"","post_modified":"2022-07-28 17:47:33","post_modified_gmt":"2022-07-28 15:47:33","post_content_filtered":"","post_parent":0,"guid":"http:\/\/dev.claret.cat\/editorial\/editorial-frontera\/","menu_order":0,"post_type":"editorial","post_mime_type":"","comment_count":"0","filter":"raw"}],"autores-libros":[{"ID":945761,"post_author":"3","post_date":"2023-12-19 11:10:02","post_date_gmt":"2023-12-19 10:10:02","post_content":"","post_title":"FELIC\u00cdSIMO MART\u00cdNEZ D\u00cdEZ","post_excerpt":"","post_status":"publish","comment_status":"closed","ping_status":"closed","post_password":"","post_name":"felicisimo-martinez-diez-2","to_ping":"","pinged":"","post_modified":"2023-12-19 11:10:02","post_modified_gmt":"2023-12-19 10:10:02","post_content_filtered":"","post_parent":0,"guid":"https:\/\/www.claret.cat\/autor\/felicisimo-martinez-diez-2\/","menu_order":0,"post_type":"autor","post_mime_type":"","comment_count":"0","filter":"raw"}],"booktrailer":"","resenas":""},"aioseo_notices":[],"_links":{"self":[{"href":"https:\/\/www.claret.cat\/es\/wp-json\/wp\/v2\/product\/945762","targetHints":{"allow":["GET"]}}],"collection":[{"href":"https:\/\/www.claret.cat\/es\/wp-json\/wp\/v2\/product"}],"about":[{"href":"https:\/\/www.claret.cat\/es\/wp-json\/wp\/v2\/types\/product"}],"wp:featuredmedia":[{"embeddable":true,"href":"https:\/\/www.claret.cat\/es\/wp-json\/wp\/v2\/media\/945763"}],"wp:attachment":[{"href":"https:\/\/www.claret.cat\/es\/wp-json\/wp\/v2\/media?parent=945762"}],"wp:term":[{"taxonomy":"product_brand","embeddable":true,"href":"https:\/\/www.claret.cat\/es\/wp-json\/wp\/v2\/product_brand?post=945762"},{"taxonomy":"product_cat","embeddable":true,"href":"https:\/\/www.claret.cat\/es\/wp-json\/wp\/v2\/product_cat?post=945762"},{"taxonomy":"product_tag","embeddable":true,"href":"https:\/\/www.claret.cat\/es\/wp-json\/wp\/v2\/product_tag?post=945762"}],"curies":[{"name":"wp","href":"https:\/\/api.w.org\/{rel}","templated":true}]}}