{"id":945992,"date":"2023-12-22T11:55:02","date_gmt":"2023-12-22T10:55:02","guid":{"rendered":"https:\/\/www.claret.cat\/llibre\/hemos-conocido-el-amor-9788410023055\/"},"modified":"2025-07-30T14:10:33","modified_gmt":"2025-07-30T12:10:33","slug":"hemos-conocido-el-amor-9788410023055","status":"publish","type":"product","link":"https:\/\/www.claret.cat\/es\/libro\/hemos-conocido-el-amor-9788410023055\/","title":{"rendered":"HEMOS CONOCIDO EL AMOR"},"content":{"rendered":"<p><span>En estos Ejercicios, el Director destaca por su claridad al exponer los contenidos ignacianos y al fundamentar b\u00edblicamente las meditaciones. Se enfatiza que nunca estamos solos si Cristo est\u00e1 presente en nuestras vidas. Estos Ejercicios capacitan para comprender que Dios perdona repetidamente, permiti\u00e9ndonos mantenernos como hijos de Dios. Se subraya el inmenso, \u00edntimo y personal amor de Dios, que se explica de manera continua y detallada. Se anima a sumergirse en las ense\u00f1anzas, desde la Pasi\u00f3n de Cristo hasta la de los santos, comprendiendo que Dios busca el arrepentimiento para mostrar misericordia, no culpabilidad. Las lecturas de las apariciones de Jes\u00fas resucitado inspiran un deseo profundo de amar a Cristo y encomendarse a \u00c9l con confianza.<\/span><\/p>\n","protected":false},"excerpt":{"rendered":"<p>CERRO CHAVES, FRANCISCO; CERVERA BARRANCO , PABLO<\/p>\n","protected":false},"featured_media":945993,"template":"","meta":{"_acf_changed":false,"om_disable_all_campaigns":false,"rs_blank_template":"","rs_page_bg_color":"","slide_template_v7":"","inline_featured_image":false,"_monsterinsights_skip_tracking":false,"_monsterinsights_sitenote_active":false,"_monsterinsights_sitenote_note":"","_monsterinsights_sitenote_category":0},"product_brand":[],"product_cat":[395,240],"product_tag":[],"class_list":{"0":"post-945992","1":"product","2":"type-product","3":"status-publish","4":"has-post-thumbnail","6":"product_cat-vida-religiosa-espiritualidad-1_espiritualidad","7":"product_cat-vida-religiosa-espiritualitat","9":"first","10":"instock","11":"taxable","12":"shipping-taxable","13":"purchasable","14":"product-type-simple"},"acf":{"autor":"CERRO CHAVES, FRANCISCO; CERVERA BARRANCO , PABLO","codart":"841002305","libros-coleccion":"Agua viva","ediciones":"1","encuadernacion":"R\u00fastica","fecha_de_publicacion":"14\/12\/2023","novedad":"1","paginas":"134","subtitulo":"EJERCICIOS ESPIRITUALES EN CLAVE MISIONERA PARA SACERDOTES, DI\u00c1CONOS PERMANENTES, SEMINARISTAS, VIDA CONSAGRADA Y LAICOS","orden":"0","portada":"0","idioma":"spa","editorial":[{"ID":6309,"post_author":"3","post_date":"2022-07-28 17:49:25","post_date_gmt":"2022-07-28 15:49:25","post_content":"","post_title":"Monte Carmelo","post_excerpt":"","post_status":"publish","comment_status":"closed","ping_status":"closed","post_password":"","post_name":"monte-carmelo","to_ping":"","pinged":"","post_modified":"2022-07-28 17:49:25","post_modified_gmt":"2022-07-28 15:49:25","post_content_filtered":"","post_parent":0,"guid":"http:\/\/dev.claret.cat\/editorial\/monte-carmelo\/","menu_order":0,"post_type":"editorial","post_mime_type":"","comment_count":"0","filter":"raw"}],"autores-libros":[{"ID":156229,"post_author":"3","post_date":"2022-10-14 15:19:08","post_date_gmt":"2022-10-14 13:19:08","post_content":"","post_title":"FRANCISCO CERRO CHAVES","post_excerpt":"","post_status":"publish","comment_status":"closed","ping_status":"closed","post_password":"","post_name":"francisco-cerro-chaves","to_ping":"","pinged":"","post_modified":"2022-10-14 15:19:08","post_modified_gmt":"2022-10-14 13:19:08","post_content_filtered":"","post_parent":0,"guid":"http:\/\/dev.claret.cat\/autor\/francisco-cerro-chaves\/","menu_order":0,"post_type":"autor","post_mime_type":"","comment_count":"0","filter":"raw"},{"ID":166400,"post_author":"3","post_date":"2022-10-14 18:02:52","post_date_gmt":"2022-10-14 16:02:52","post_content":"","post_title":"PABLO CERVERA BARRANCO","post_excerpt":"","post_status":"publish","comment_status":"closed","ping_status":"closed","post_password":"","post_name":"pablo-cervera-barranco","to_ping":"","pinged":"","post_modified":"2022-10-14 18:02:52","post_modified_gmt":"2022-10-14 16:02:52","post_content_filtered":"","post_parent":0,"guid":"http:\/\/dev.claret.cat\/autor\/pablo-cervera-barranco\/","menu_order":0,"post_type":"autor","post_mime_type":"","comment_count":"0","filter":"raw"}],"booktrailer":"","resenas":""},"aioseo_notices":[],"_links":{"self":[{"href":"https:\/\/www.claret.cat\/es\/wp-json\/wp\/v2\/product\/945992","targetHints":{"allow":["GET"]}}],"collection":[{"href":"https:\/\/www.claret.cat\/es\/wp-json\/wp\/v2\/product"}],"about":[{"href":"https:\/\/www.claret.cat\/es\/wp-json\/wp\/v2\/types\/product"}],"wp:featuredmedia":[{"embeddable":true,"href":"https:\/\/www.claret.cat\/es\/wp-json\/wp\/v2\/media\/945993"}],"wp:attachment":[{"href":"https:\/\/www.claret.cat\/es\/wp-json\/wp\/v2\/media?parent=945992"}],"wp:term":[{"taxonomy":"product_brand","embeddable":true,"href":"https:\/\/www.claret.cat\/es\/wp-json\/wp\/v2\/product_brand?post=945992"},{"taxonomy":"product_cat","embeddable":true,"href":"https:\/\/www.claret.cat\/es\/wp-json\/wp\/v2\/product_cat?post=945992"},{"taxonomy":"product_tag","embeddable":true,"href":"https:\/\/www.claret.cat\/es\/wp-json\/wp\/v2\/product_tag?post=945992"}],"curies":[{"name":"wp","href":"https:\/\/api.w.org\/{rel}","templated":true}]}}