{"id":946,"date":"2022-07-27T15:40:32","date_gmt":"2022-07-27T13:40:32","guid":{"rendered":"http:\/\/dev.claret.cat\/producto\/mis-primeras-cumbres-del-pirineo-aragones-9788480909204\/"},"modified":"2023-10-06T08:46:42","modified_gmt":"2023-10-06T06:46:42","slug":"mis-primeras-cumbres-del-pirineo-aragones-9788480909204","status":"publish","type":"product","link":"https:\/\/www.claret.cat\/es\/libro\/mis-primeras-cumbres-del-pirineo-aragones-9788480909204\/","title":{"rendered":"MIS PRIMERAS CUMBRES DEL PIRINEO ARAGON\u00c9S"},"content":{"rendered":"<p>Levantarse temprano, ponerse la mochila y caminar; algo que constituye un esfuerzo pero que todos los que tenemos este libro entre las manos deseamos hacer. La felicidad que nos proporciona llegar a una cima, contemplar el paisaje que nos rodea y, a ser posible, compartirlo con personas especiales es incomparable. Pero, \u00bfy si te dijera que a\u00fan se puede mejorar? Pues se puede.<br \/>Las 20 propuestas de ascensiones que nos acerca Marta Montmany en este libro son una excelente oportunidad de ir m\u00e1s all\u00e1 en nuestro conocimiento y amor por las monta\u00f1as oscenses. Y es que en esta selecci\u00f3n de cumbres f\u00e1ciles tenemos a nuestro alcance, escritas en sus rocas, las historias m\u00e1s fascinantes que han conducido a la formaci\u00f3n del Pirineo.<\/p>\n","protected":false},"excerpt":{"rendered":"<p>MONTMANY, MARTA<\/p>\n","protected":false},"featured_media":52589,"template":"","meta":{"_acf_changed":false,"om_disable_all_campaigns":false,"rs_blank_template":"","rs_page_bg_color":"","slide_template_v7":"","inline_featured_image":false,"_monsterinsights_skip_tracking":false,"_monsterinsights_sitenote_active":false,"_monsterinsights_sitenote_note":"","_monsterinsights_sitenote_category":0},"product_brand":[],"product_cat":[557],"product_tag":[],"class_list":{"0":"post-946","1":"product","2":"type-product","3":"status-publish","4":"has-post-thumbnail","6":"product_cat-guias-de-viaje","8":"first","9":"instock","10":"taxable","11":"shipping-taxable","12":"purchasable","13":"product-type-simple"},"acf":{"autor":"MONTMANY, MARTA","codart":"848090920","ediciones":"1","encuadernacion":"R\u00fastica","fecha_de_publicacion":"01\/06\/2022","novedad":"1","paginas":"0","subtitulo":"","orden":"0","portada":"0","idioma":"spa","libros-coleccion":"Alpina","autores-libros":[{"ID":5817,"post_author":"3","post_date":"2022-07-28 17:32:06","post_date_gmt":"2022-07-28 15:32:06","post_content":"","post_title":"MARTA MONTMANY","post_excerpt":"","post_status":"publish","comment_status":"closed","ping_status":"closed","post_password":"","post_name":"marta-montmany","to_ping":"","pinged":"","post_modified":"2022-07-28 17:32:06","post_modified_gmt":"2022-07-28 15:32:06","post_content_filtered":"","post_parent":0,"guid":"http:\/\/dev.claret.cat\/autor\/marta-montmany\/","menu_order":0,"post_type":"autor","post_mime_type":"","comment_count":"0","filter":"raw"}],"editorial":[{"ID":6217,"post_author":"3","post_date":"2022-07-28 17:47:23","post_date_gmt":"2022-07-28 15:47:23","post_content":"","post_title":"EDITORIAL ALPINA","post_excerpt":"","post_status":"publish","comment_status":"closed","ping_status":"closed","post_password":"","post_name":"editorial-alpina","to_ping":"","pinged":"","post_modified":"2022-07-28 17:47:23","post_modified_gmt":"2022-07-28 15:47:23","post_content_filtered":"","post_parent":0,"guid":"http:\/\/dev.claret.cat\/editorial\/editorial-alpina\/","menu_order":0,"post_type":"editorial","post_mime_type":"","comment_count":"0","filter":"raw"}]},"aioseo_notices":[],"_links":{"self":[{"href":"https:\/\/www.claret.cat\/es\/wp-json\/wp\/v2\/product\/946","targetHints":{"allow":["GET"]}}],"collection":[{"href":"https:\/\/www.claret.cat\/es\/wp-json\/wp\/v2\/product"}],"about":[{"href":"https:\/\/www.claret.cat\/es\/wp-json\/wp\/v2\/types\/product"}],"wp:featuredmedia":[{"embeddable":true,"href":"https:\/\/www.claret.cat\/es\/wp-json\/wp\/v2\/media\/52589"}],"wp:attachment":[{"href":"https:\/\/www.claret.cat\/es\/wp-json\/wp\/v2\/media?parent=946"}],"wp:term":[{"taxonomy":"product_brand","embeddable":true,"href":"https:\/\/www.claret.cat\/es\/wp-json\/wp\/v2\/product_brand?post=946"},{"taxonomy":"product_cat","embeddable":true,"href":"https:\/\/www.claret.cat\/es\/wp-json\/wp\/v2\/product_cat?post=946"},{"taxonomy":"product_tag","embeddable":true,"href":"https:\/\/www.claret.cat\/es\/wp-json\/wp\/v2\/product_tag?post=946"}],"curies":[{"name":"wp","href":"https:\/\/api.w.org\/{rel}","templated":true}]}}