{"id":946008,"date":"2023-12-22T12:31:13","date_gmt":"2023-12-22T11:31:13","guid":{"rendered":"https:\/\/www.claret.cat\/llibre\/tirant-el-blanc-9788473291347\/"},"modified":"2023-12-29T11:40:16","modified_gmt":"2023-12-29T10:40:16","slug":"tirant-el-blanc-9788473291347","status":"publish","type":"product","link":"https:\/\/www.claret.cat\/es\/libro\/tirant-el-blanc-9788473291347\/","title":{"rendered":"TIRANT EL BLANC"},"content":{"rendered":"<p>Si els Monty Python haguessin conegut el Tirant, n&#8221;haurien fet una pel\u00b7l\u00edcula amb gui\u00f3 de Joan Sales: les batalles s&#8221;hi fan en camisa de dormir, les justes amb ganivets de cuina, la m\u00e0xima alerta a palau la causa una cria de gats i les dones, sempre les dones, emboliquen la pol\u00edtica amb conxorxes i llen\u00e7ols.<\/p>\n","protected":false},"excerpt":{"rendered":"<p>MARTORELL, JOANOT<\/p>\n","protected":false},"featured_media":946009,"template":"","meta":{"_acf_changed":false,"om_disable_all_campaigns":false,"rs_blank_template":"","rs_page_bg_color":"","slide_template_v7":"","inline_featured_image":false,"_monsterinsights_skip_tracking":false,"_monsterinsights_sitenote_active":false,"_monsterinsights_sitenote_note":"","_monsterinsights_sitenote_category":0},"product_brand":[],"product_cat":[90,540],"product_tag":[],"class_list":{"0":"post-946008","1":"product","2":"type-product","3":"status-publish","4":"has-post-thumbnail","6":"product_cat-altres","7":"product_cat-otros","9":"first","10":"instock","11":"taxable","12":"shipping-taxable","13":"purchasable","14":"product-type-simple"},"acf":{"autor":"MARTORELL, JOANOT","codart":"847329134","libros-coleccion":"FORA DE COL.LECCI\u00d3","ediciones":"1","encuadernacion":"R\u00fastica","fecha_de_publicacion":"01\/01\/2008","novedad":"0","paginas":"252","subtitulo":"","orden":"0","portada":"0","idioma":"cat","editorial":[{"ID":6163,"post_author":"3","post_date":"2022-07-28 17:46:15","post_date_gmt":"2022-07-28 15:46:15","post_content":"","post_title":"CLUB EDITOR","post_excerpt":"","post_status":"publish","comment_status":"closed","ping_status":"closed","post_password":"","post_name":"club-editor","to_ping":"","pinged":"","post_modified":"2022-07-28 17:46:15","post_modified_gmt":"2022-07-28 15:46:15","post_content_filtered":"","post_parent":0,"guid":"http:\/\/dev.claret.cat\/editorial\/club-editor\/","menu_order":0,"post_type":"editorial","post_mime_type":"","comment_count":"0","filter":"raw"}],"autores-libros":[{"ID":159487,"post_author":"3","post_date":"2022-10-14 15:45:14","post_date_gmt":"2022-10-14 13:45:14","post_content":"","post_title":"JOANOT MARTORELL","post_excerpt":"","post_status":"publish","comment_status":"closed","ping_status":"closed","post_password":"","post_name":"joanot-martorell","to_ping":"","pinged":"","post_modified":"2022-10-14 15:45:14","post_modified_gmt":"2022-10-14 13:45:14","post_content_filtered":"","post_parent":0,"guid":"http:\/\/dev.claret.cat\/autor\/joanot-martorell\/","menu_order":0,"post_type":"autor","post_mime_type":"","comment_count":"0","filter":"raw"}]},"aioseo_notices":[],"_links":{"self":[{"href":"https:\/\/www.claret.cat\/es\/wp-json\/wp\/v2\/product\/946008","targetHints":{"allow":["GET"]}}],"collection":[{"href":"https:\/\/www.claret.cat\/es\/wp-json\/wp\/v2\/product"}],"about":[{"href":"https:\/\/www.claret.cat\/es\/wp-json\/wp\/v2\/types\/product"}],"wp:featuredmedia":[{"embeddable":true,"href":"https:\/\/www.claret.cat\/es\/wp-json\/wp\/v2\/media\/946009"}],"wp:attachment":[{"href":"https:\/\/www.claret.cat\/es\/wp-json\/wp\/v2\/media?parent=946008"}],"wp:term":[{"taxonomy":"product_brand","embeddable":true,"href":"https:\/\/www.claret.cat\/es\/wp-json\/wp\/v2\/product_brand?post=946008"},{"taxonomy":"product_cat","embeddable":true,"href":"https:\/\/www.claret.cat\/es\/wp-json\/wp\/v2\/product_cat?post=946008"},{"taxonomy":"product_tag","embeddable":true,"href":"https:\/\/www.claret.cat\/es\/wp-json\/wp\/v2\/product_tag?post=946008"}],"curies":[{"name":"wp","href":"https:\/\/api.w.org\/{rel}","templated":true}]}}