{"id":946133,"date":"2023-12-23T16:55:24","date_gmt":"2023-12-23T15:55:24","guid":{"rendered":"https:\/\/www.claret.cat\/llibre\/libreta-troquelada-juan-316-9780672920677\/"},"modified":"2025-05-15T12:01:12","modified_gmt":"2025-05-15T10:01:12","slug":"libreta-troquelada-juan-316-9780672920677","status":"publish","type":"product","link":"https:\/\/www.claret.cat\/es\/libro\/libreta-troquelada-juan-316-9780672920677\/","title":{"rendered":"LIBRETA TROQUELADA &#8216;JUAN 3:16&#8217;"},"content":{"rendered":"<p>Estas libretas troqueladas en tapa dura y encuadernadas con anillas son un regalo ideal a un precio fant\u00e1stico. Todas ellas llevan un vers\u00edculo en cada p\u00e1gina.<\/p>\n<p>N\u00famero de hojas : 80 hojas<br \/>Tama\u00f1o: Aprox. 12&#215;11 cm<\/p>\n","protected":false},"excerpt":{"rendered":"<p>ABBA<\/p>\n","protected":false},"featured_media":1021695,"template":"","meta":{"_acf_changed":false,"om_disable_all_campaigns":false,"rs_blank_template":"","rs_page_bg_color":"","slide_template_v7":"","inline_featured_image":false,"_monsterinsights_skip_tracking":false,"_monsterinsights_sitenote_active":false,"_monsterinsights_sitenote_note":"","_monsterinsights_sitenote_category":0},"product_brand":[],"product_cat":[106,556],"product_tag":[],"class_list":{"0":"post-946133","1":"product","2":"type-product","3":"status-publish","4":"has-post-thumbnail","6":"product_cat-objectes-religiosos","7":"product_cat-objetos-religiosos","9":"first","10":"outofstock","11":"taxable","12":"shipping-taxable","13":"purchasable","14":"product-type-simple"},"acf":{"autor":"ABBA","codart":"067292067","libros-coleccion":"","ediciones":"1","encuadernacion":"R\u00fastica","fecha_de_publicacion":"23\/12\/2023","novedad":"1","paginas":"0","subtitulo":"","orden":"0","portada":"0","idioma":"spa","editorial":[{"ID":147367,"post_author":"3","post_date":"2022-10-14 11:50:02","post_date_gmt":"2022-10-14 09:50:02","post_content":"","post_title":"ABBA","post_excerpt":"","post_status":"publish","comment_status":"closed","ping_status":"closed","post_password":"","post_name":"abba","to_ping":"","pinged":"","post_modified":"2022-10-14 11:50:02","post_modified_gmt":"2022-10-14 09:50:02","post_content_filtered":"","post_parent":0,"guid":"http:\/\/dev.claret.cat\/editorial\/abba\/","menu_order":0,"post_type":"editorial","post_mime_type":"","comment_count":"0","filter":"raw"}],"autores-libros":[{"ID":149059,"post_author":"3","post_date":"2022-10-14 14:21:49","post_date_gmt":"2022-10-14 12:21:49","post_content":"","post_title":"ABBA","post_excerpt":"","post_status":"publish","comment_status":"closed","ping_status":"closed","post_password":"","post_name":"abba","to_ping":"","pinged":"","post_modified":"2022-10-14 14:21:49","post_modified_gmt":"2022-10-14 12:21:49","post_content_filtered":"","post_parent":0,"guid":"http:\/\/dev.claret.cat\/autor\/abba\/","menu_order":0,"post_type":"autor","post_mime_type":"","comment_count":"0","filter":"raw"}],"booktrailer":"","resenas":""},"aioseo_notices":[],"_links":{"self":[{"href":"https:\/\/www.claret.cat\/es\/wp-json\/wp\/v2\/product\/946133","targetHints":{"allow":["GET"]}}],"collection":[{"href":"https:\/\/www.claret.cat\/es\/wp-json\/wp\/v2\/product"}],"about":[{"href":"https:\/\/www.claret.cat\/es\/wp-json\/wp\/v2\/types\/product"}],"wp:featuredmedia":[{"embeddable":true,"href":"https:\/\/www.claret.cat\/es\/wp-json\/wp\/v2\/media\/1021695"}],"wp:attachment":[{"href":"https:\/\/www.claret.cat\/es\/wp-json\/wp\/v2\/media?parent=946133"}],"wp:term":[{"taxonomy":"product_brand","embeddable":true,"href":"https:\/\/www.claret.cat\/es\/wp-json\/wp\/v2\/product_brand?post=946133"},{"taxonomy":"product_cat","embeddable":true,"href":"https:\/\/www.claret.cat\/es\/wp-json\/wp\/v2\/product_cat?post=946133"},{"taxonomy":"product_tag","embeddable":true,"href":"https:\/\/www.claret.cat\/es\/wp-json\/wp\/v2\/product_tag?post=946133"}],"curies":[{"name":"wp","href":"https:\/\/api.w.org\/{rel}","templated":true}]}}