{"id":946245,"date":"2023-12-28T10:50:03","date_gmt":"2023-12-28T09:50:03","guid":{"rendered":"https:\/\/www.claret.cat\/llibre\/acoger-proteger-y-alimentar-9788432163401\/"},"modified":"2026-03-19T19:00:13","modified_gmt":"2026-03-19T18:00:13","slug":"san-jose-acoger-proteger-y-alimentar-9788432163401","status":"publish","type":"product","link":"https:\/\/www.claret.cat\/es\/libro\/san-jose-acoger-proteger-y-alimentar-9788432163401\/","title":{"rendered":"SAN JOS\u00c9, ACOGER, PROTEGER Y ALIMENTAR"},"content":{"rendered":"<p>JOS\u00c9 ES EL PADRE QUE FALTA EN LA ACTUALIDAD. \u00c9L MISMO ACOGI\u00d3, PROTEGI\u00d3 Y ALIMENT\u00d3 AL MISMO DIOS Y A SU MADRE, MAR\u00cdA.<\/p>\n<p>Los \u00e1ngeles hablan, a veces en sue\u00f1os. As\u00ed le sucedi\u00f3 a un joven llamado Jos\u00e9, descendiente de David. Obedecer las palabras del \u00e1ngel le convertir\u00eda en custodio de una historia maravillosa: la de acoger, proteger y alimentar al mismo Dios y a su madre, Mar\u00eda. Este libro trata de amplificar la voz de ese \u00e1ngel, para que tambi\u00e9n nosotros la escuchemos.<\/p>\n<p>En la escuela de Jos\u00e9, un hombre tan s\u00f3lido como humilde, tan fuerte como d\u00f3cil, podemos aprender el arte de custodiar la vida, ajena y propia, no solo la vida natural sino tambi\u00e9n la del Esp\u00edritu. Jos\u00e9 es el padre que le falta a esta generaci\u00f3n y que debemos redescubrir e imitar.<\/p>\n","protected":false},"excerpt":{"rendered":"<p>ROSINI, FABIO<\/p>\n","protected":false},"featured_media":1077002,"template":"","meta":{"_acf_changed":false,"om_disable_all_campaigns":false,"rs_blank_template":"","rs_page_bg_color":"","slide_template_v7":"","inline_featured_image":false,"_monsterinsights_skip_tracking":false,"_monsterinsights_sitenote_active":false,"_monsterinsights_sitenote_note":"","_monsterinsights_sitenote_category":0},"product_brand":[],"product_cat":[95,545],"product_tag":[],"class_list":{"0":"post-946245","1":"product","2":"type-product","3":"status-publish","4":"has-post-thumbnail","6":"product_cat-santoral","7":"product_cat-santoral-1_espiritualidad-spa","9":"first","10":"instock","11":"taxable","12":"shipping-taxable","13":"purchasable","14":"product-type-simple"},"acf":{"autor":"ROSINI, FABIO","codart":"843216340","libros-coleccion":"PATMOS","ediciones":"1","encuadernacion":"R\u00fastica","fecha_de_publicacion":"03\/02\/2023","novedad":"0","paginas":"147","subtitulo":"","orden":"999","portada":"0","idioma":"spa","editorial":[{"ID":6348,"post_author":"3","post_date":"2022-07-28 17:50:16","post_date_gmt":"2022-07-28 15:50:16","post_content":"","post_title":"Rialp","post_excerpt":"","post_status":"publish","comment_status":"closed","ping_status":"closed","post_password":"","post_name":"rialp","to_ping":"","pinged":"","post_modified":"2022-07-28 17:50:16","post_modified_gmt":"2022-07-28 15:50:16","post_content_filtered":"","post_parent":0,"guid":"http:\/\/dev.claret.cat\/editorial\/rialp\/","menu_order":0,"post_type":"editorial","post_mime_type":"","comment_count":"0","filter":"raw"}],"autores-libros":[{"ID":155612,"post_author":"3","post_date":"2022-10-14 15:14:13","post_date_gmt":"2022-10-14 13:14:13","post_content":"","post_title":"FABIO ROSINI","post_excerpt":"","post_status":"publish","comment_status":"closed","ping_status":"closed","post_password":"","post_name":"fabio-rosini","to_ping":"","pinged":"","post_modified":"2022-10-14 15:14:13","post_modified_gmt":"2022-10-14 13:14:13","post_content_filtered":"","post_parent":0,"guid":"http:\/\/dev.claret.cat\/autor\/fabio-rosini\/","menu_order":0,"post_type":"autor","post_mime_type":"","comment_count":"0","filter":"raw"}],"booktrailer":"","resenas":""},"aioseo_notices":[],"_links":{"self":[{"href":"https:\/\/www.claret.cat\/es\/wp-json\/wp\/v2\/product\/946245","targetHints":{"allow":["GET"]}}],"collection":[{"href":"https:\/\/www.claret.cat\/es\/wp-json\/wp\/v2\/product"}],"about":[{"href":"https:\/\/www.claret.cat\/es\/wp-json\/wp\/v2\/types\/product"}],"wp:featuredmedia":[{"embeddable":true,"href":"https:\/\/www.claret.cat\/es\/wp-json\/wp\/v2\/media\/1077002"}],"wp:attachment":[{"href":"https:\/\/www.claret.cat\/es\/wp-json\/wp\/v2\/media?parent=946245"}],"wp:term":[{"taxonomy":"product_brand","embeddable":true,"href":"https:\/\/www.claret.cat\/es\/wp-json\/wp\/v2\/product_brand?post=946245"},{"taxonomy":"product_cat","embeddable":true,"href":"https:\/\/www.claret.cat\/es\/wp-json\/wp\/v2\/product_cat?post=946245"},{"taxonomy":"product_tag","embeddable":true,"href":"https:\/\/www.claret.cat\/es\/wp-json\/wp\/v2\/product_tag?post=946245"}],"curies":[{"name":"wp","href":"https:\/\/api.w.org\/{rel}","templated":true}]}}