{"id":946260,"date":"2023-12-28T13:05:35","date_gmt":"2023-12-28T12:05:35","guid":{"rendered":"https:\/\/www.claret.cat\/llibre\/revolucion-9788466371520\/"},"modified":"2023-12-28T14:20:25","modified_gmt":"2023-12-28T13:20:25","slug":"revolucion-9788466371520","status":"publish","type":"product","link":"https:\/\/www.claret.cat\/es\/libro\/revolucion-9788466371520\/","title":{"rendered":"REVOLUCI\u00d3N"},"content":{"rendered":"<p>UN HOMBRE, TRES MUJERES Y UNA REVOLUCI\u00d3N.<br \/>UN VIAJE AL CORAZ\u00d3N HUMANO Y A LA AVENTURA. UNO DE LOS LIBROS DEL A\u00d1O SEG\u00daN EL CORREO \u00abLa etapa creativa que est\u00e1 atravesando Arturo P\u00e9rez-Reverte resulta asombrosa. \u00bf[Revoluci\u00f3n es] la mejor novela de P\u00e9rez-Reverte? Al menos y sin duda, una de las mejores\u00bb.<br \/>Sergio Vila-Sanju\u00e1n, La Vanguardia  \u00c9sta es la historia de un hombre, tres mujeres, una revoluci\u00f3n y un tesoro. La revoluci\u00f3n fue la de M\u00e9xico en tiempos de Emiliano Zapata y Francisco Villa. El tesoro fueron quince mil monedas de oro de a veinte pesos de las denominadas maximilianos, robadas en un banco de Ciudad Ju\u00e1rez el 8 de mayo de 1911. El hombre se llamaba Mart\u00edn Garret Ortiz y era un joven ingeniero de minas espa\u00f1ol. Todo empez\u00f3 para \u00e9l ese mismo d\u00eda, cuando desde su hotel oy\u00f3 un primer disparo lejano. Sali\u00f3 a la calle para ver qu\u00e9 ocurr\u00eda y a partir de ese momento su vida cambi\u00f3 para siempre&#8230; Revoluci\u00f3n es mucho m\u00e1s que una novela sobre los dram\u00e1ticos acontecimientos que sacudieron la rep\u00fablica mexicana en el primer  tercio del siglo XX. Es un relato de iniciaci\u00f3n y madurez a trav\u00e9s del caos, la lucidez y la violencia: el asombroso descubrimiento de las reglas ocultas que determinan el amor, la lealtad, la muerte y la vida. \u00abToda la vida escuch\u00e9 en mi casa la historia de aquel amigo de mi bisabuelo, ingeniero de minas, que trabaj\u00f3 en M\u00e9xico en plena revoluci\u00f3n. Ese recuerdo remoto me ha aproximado a mi propia relaci\u00f3n con la aventura y me ha llevado a escribir esta historia. Es una novela de iniciaci\u00f3n y aprendizaje y es, de alg\u00fan modo, mi propia biograf\u00eda de juventud. Es mi Flecha de oro \u00bb.<br \/>Arturo P\u00e9rez-ReverteRese\u00f1as:<br \/>\u00abUn libro de grandes balconajes literarios provisto con las honduras adecuadas para sumergirse en el terreno de la aventura, pero tambi\u00e9n de los grandes valores, donde los lugares comunes que guardamos sobre el bien y el mal se desvanecen y las l\u00edneas habituales que los separa se vuelven grises y confusas.[&#8230;] Una narraci\u00f3n vertiginosa\u00bb.<br \/>Javier Ors, El Debate\u00abHero\u00edsmo, valent\u00eda, la seducci\u00f3n ante los abismos del peligro, el coraje, la camarader\u00eda, la impronta de situaciones extremas en la idiosincrasia del ser humano\u2026 Son los elementos intr\u00ednsecos de la literatura \u00e9pica de Arturo P\u00e9rez-Reverte y todos ellos est\u00e1n presentes en Revoluci\u00f3n.[&#8230;][Un autor] volc\u00e1nico\u00bb.<br \/>David Barreira, El Espa\u00f1ol\u00abP\u00e9rez-Reverte se cruza las cananas al pecho, se deja mostacho, y llega a las librer\u00edas al galope con Revoluci\u00f3n,[donde] el lector encontrar\u00e1 todos los ingredientes que le han convertido en un superventas mundial\u00bb.<br \/>Grego Casanova, Vozp\u00f3puli \u00abAlgo te ata firmemente a un lugar al que has sobrevivido y, aunque el autor ha sobrevivido a varios, en M\u00e9xico tuvo que hacerlo a golpe de tequila. Algo se torci\u00f3 en una cantina y solo el destilado apacigu\u00f3 los \u00e1nimos y le permiti\u00f3 llegar a los 71 a\u00f1os que est\u00e1 a punto de cumplir\u00bb.<br \/>Mar\u00eda Paredes, The Objective \u00abUn cl\u00e1sico vivo. Algunos le han comparado con Dumas o Verne [&#8230;]. Su maestr\u00eda narrativa incluye una perspectiva estoica de la existencia, una tr\u00e1gica conformidadcon las leyes de la naturaleza, una celebraci\u00f3n de la vida en lo que tiene de juego y riesgo\u00bb.<br \/>Rafael Narbona, El Cultural<\/p>\n","protected":false},"excerpt":{"rendered":"<p>P\u00c9REZ-REVERTE, ARTURO<\/p>\n","protected":false},"featured_media":946266,"template":"","meta":{"_acf_changed":false,"om_disable_all_campaigns":false,"rs_blank_template":"","rs_page_bg_color":"","slide_template_v7":"","inline_featured_image":false,"_monsterinsights_skip_tracking":false,"_monsterinsights_sitenote_active":false,"_monsterinsights_sitenote_note":"","_monsterinsights_sitenote_category":0},"product_brand":[],"product_cat":[130,360],"product_tag":[],"class_list":{"0":"post-946260","1":"product","2":"type-product","3":"status-publish","4":"has-post-thumbnail","6":"product_cat-novella-historica-i-ficcio","7":"product_cat-novela-historica-y-ficcion","9":"first","10":"instock","11":"taxable","12":"shipping-taxable","13":"purchasable","14":"product-type-simple"},"acf":{"autor":"P\u00c9REZ-REVERTE, ARTURO","codart":"846637152","libros-coleccion":"BEST SELLER","ediciones":"1","encuadernacion":"R\u00fastica","fecha_de_publicacion":"01\/01\/2024","novedad":"1","paginas":"458","subtitulo":"UNA NOVELA","orden":"0","portada":"0","idioma":"spa","editorial":[{"ID":6178,"post_author":"3","post_date":"2022-07-28 17:46:34","post_date_gmt":"2022-07-28 15:46:34","post_content":"","post_title":"DEBOLSILLO","post_excerpt":"","post_status":"publish","comment_status":"closed","ping_status":"closed","post_password":"","post_name":"debolsillo","to_ping":"","pinged":"","post_modified":"2022-07-28 17:46:34","post_modified_gmt":"2022-07-28 15:46:34","post_content_filtered":"","post_parent":0,"guid":"http:\/\/dev.claret.cat\/editorial\/debolsillo\/","menu_order":0,"post_type":"editorial","post_mime_type":"","comment_count":"0","filter":"raw"}],"autores-libros":[{"ID":151165,"post_author":"3","post_date":"2022-10-14 14:38:43","post_date_gmt":"2022-10-14 12:38:43","post_content":"","post_title":"ARTURO PEREZ-REVERTE","post_excerpt":"","post_status":"publish","comment_status":"closed","ping_status":"closed","post_password":"","post_name":"arturo-perez-reverte-2","to_ping":"","pinged":"","post_modified":"2022-10-14 14:38:43","post_modified_gmt":"2022-10-14 12:38:43","post_content_filtered":"","post_parent":0,"guid":"http:\/\/dev.claret.cat\/autor\/arturo-perez-reverte-2\/","menu_order":0,"post_type":"autor","post_mime_type":"","comment_count":"0","filter":"raw"}]},"aioseo_notices":[],"_links":{"self":[{"href":"https:\/\/www.claret.cat\/es\/wp-json\/wp\/v2\/product\/946260","targetHints":{"allow":["GET"]}}],"collection":[{"href":"https:\/\/www.claret.cat\/es\/wp-json\/wp\/v2\/product"}],"about":[{"href":"https:\/\/www.claret.cat\/es\/wp-json\/wp\/v2\/types\/product"}],"wp:featuredmedia":[{"embeddable":true,"href":"https:\/\/www.claret.cat\/es\/wp-json\/wp\/v2\/media\/946266"}],"wp:attachment":[{"href":"https:\/\/www.claret.cat\/es\/wp-json\/wp\/v2\/media?parent=946260"}],"wp:term":[{"taxonomy":"product_brand","embeddable":true,"href":"https:\/\/www.claret.cat\/es\/wp-json\/wp\/v2\/product_brand?post=946260"},{"taxonomy":"product_cat","embeddable":true,"href":"https:\/\/www.claret.cat\/es\/wp-json\/wp\/v2\/product_cat?post=946260"},{"taxonomy":"product_tag","embeddable":true,"href":"https:\/\/www.claret.cat\/es\/wp-json\/wp\/v2\/product_tag?post=946260"}],"curies":[{"name":"wp","href":"https:\/\/api.w.org\/{rel}","templated":true}]}}