{"id":946283,"date":"2023-12-29T09:30:03","date_gmt":"2023-12-29T08:30:03","guid":{"rendered":"https:\/\/www.claret.cat\/llibre\/blancura-premio-nobel-de-literatura-2023-9788439744061\/"},"modified":"2025-11-24T13:16:08","modified_gmt":"2025-11-24T12:16:08","slug":"blancura-premio-nobel-de-literatura-2023-9788439744061","status":"publish","type":"product","link":"https:\/\/www.claret.cat\/es\/libro\/blancura-premio-nobel-de-literatura-2023-9788439744061\/","title":{"rendered":"BLANCURA: PREMIO NOBEL DE LITERATURA 2023"},"content":{"rendered":"<p>La novela m\u00e1s reciente del Premio Nobel de Literatura 2023. Una magn\u00edfica e intensa pieza literaria de cadencia hipn\u00f3tica. \u00abLa obra de Fosse es un enigma que da vida y esperanza a quien la lee. Ilumina el alma humana como solo lo hacen los elegidos\u00bb.Manuel Vilas Un hombre conduce sin un rumbo en mente, hasta que su coche queda atascado al final de una pista forestal. Es una tarde de finales de oto\u00f1o, ya casi no hay luz y comienza a nevar. En lugar de volver caminando hacia atr\u00e1s en busca de ayuda o quedarse en el coche, de forma imprudente y sin saber muy bien por qu\u00e9, el hombre decide adentrarse en el bosque. Inevitablemente, se pierde, y la noche sigue avanzando. Cuando el agotamiento y el fr\u00edo empiezan a vencerlo, vislumbra un extra\u00f1o resplandor en medio de la oscuridad.Blancura es la \u00faltima novela de Jon Fosse. El autor galardonado con el Nobel arrastra al lector en una narraci\u00f3n enigm\u00e1tica, inquietante e hipn\u00f3tica: una lectura tan breve como intensa.La cr\u00edtica ha dicho: \u00abEl Beckett del siglo veintiuno\u00bb. Le Monde \u00abUno de los m\u00e1s importantes escritores europeos\u00bb. Karl Ove Knausg\u00e5rd \u00abSus innovadoras obras de teatro y su prosa han dado voz a lo impronunciable\u00bb. Jurado del Premio Nobel\u00abUna de las voces literarias m\u00e1s interesantes y vers\u00e1tiles del mundo\u00bb. Juan Arnau, El Pa\u00eds \u00abEstamos ante una grandeza literaria fuera de lo com\u00fan. Por esta grandeza, la Academia sueca ha concedido con toda raz\u00f3n el premio Nobel a Jon Fosse\u00bb. Paul Binding, The Times Literary Supplement\u00abLa prosa de Fosse no habla tanto como atestigua, despliega, acumula. Fluye como la conciencia misma [&#8230;]. Quiz\u00e1 por eso Blancura resulta tan trascendental [&#8230;]. No sabes muy bien hacia d\u00f3nde te diriges. Pero no importa: quieres seguir leyendo, moverte al ritmo de esas palabras\u00bb. Matthew Janney, Financial Times \u00abSe ha comparado a Fosse con Ibsen y Beckett, y es f\u00e1cil ver que su obra, como la de Ibsen, se enraiza en lo esencial de las emociones. Pero es mucho m\u00e1s. Entre otras cosas, cuenta con una feroz simplicidad po\u00e9tica\u00bb. Anita Gates, The New York Times \u00abMe atrap\u00f3 desde el primer libro esa manera de contar tan hipn\u00f3tica [\u2026]. Septolog\u00eda es una obra global, redonda, en la que la manera de narrar es m\u00e1s importante que lo que se narra\u00bb. Pilar Ad\u00f3n<\/p>\n","protected":false},"excerpt":{"rendered":"<p>FOSSE, JON<\/p>\n","protected":false},"featured_media":946284,"template":"","meta":{"_acf_changed":false,"om_disable_all_campaigns":false,"rs_blank_template":"","rs_page_bg_color":"","slide_template_v7":"","inline_featured_image":false,"_monsterinsights_skip_tracking":false,"_monsterinsights_sitenote_active":false,"_monsterinsights_sitenote_note":"","_monsterinsights_sitenote_category":0},"product_brand":[],"product_cat":[127,357],"product_tag":[],"class_list":{"0":"post-946283","1":"product","2":"type-product","3":"status-publish","4":"has-post-thumbnail","6":"product_cat-novella-contemporania","7":"product_cat-novela-contemporanea","9":"first","10":"instock","11":"taxable","12":"shipping-taxable","13":"purchasable","14":"product-type-simple"},"acf":{"autor":"FOSSE, JON","codart":"843974406","libros-coleccion":"RANDOM HOUSE","ediciones":"1","encuadernacion":"Carton\u00e9","fecha_de_publicacion":"01\/12\/2023","novedad":"1","paginas":"0","subtitulo":"","orden":"0","portada":"0","idioma":"spa","editorial":[{"ID":6290,"post_author":"3","post_date":"2022-07-28 17:49:01","post_date_gmt":"2022-07-28 15:49:01","post_content":"","post_title":"LITERATURA RANDOM HOUSE","post_excerpt":"","post_status":"publish","comment_status":"closed","ping_status":"closed","post_password":"","post_name":"literatura-random-house","to_ping":"","pinged":"","post_modified":"2022-07-28 17:49:01","post_modified_gmt":"2022-07-28 15:49:01","post_content_filtered":"","post_parent":0,"guid":"http:\/\/dev.claret.cat\/editorial\/literatura-random-house\/","menu_order":0,"post_type":"editorial","post_mime_type":"","comment_count":"0","filter":"raw"}],"autores-libros":[{"ID":159734,"post_author":"3","post_date":"2022-10-14 15:47:17","post_date_gmt":"2022-10-14 13:47:17","post_content":"","post_title":"JON FOSSE","post_excerpt":"","post_status":"publish","comment_status":"closed","ping_status":"closed","post_password":"","post_name":"jon-fosse","to_ping":"","pinged":"","post_modified":"2022-10-14 15:47:17","post_modified_gmt":"2022-10-14 13:47:17","post_content_filtered":"","post_parent":0,"guid":"http:\/\/dev.claret.cat\/autor\/jon-fosse\/","menu_order":0,"post_type":"autor","post_mime_type":"","comment_count":"0","filter":"raw"}],"booktrailer":"","resenas":""},"aioseo_notices":[],"_links":{"self":[{"href":"https:\/\/www.claret.cat\/es\/wp-json\/wp\/v2\/product\/946283","targetHints":{"allow":["GET"]}}],"collection":[{"href":"https:\/\/www.claret.cat\/es\/wp-json\/wp\/v2\/product"}],"about":[{"href":"https:\/\/www.claret.cat\/es\/wp-json\/wp\/v2\/types\/product"}],"wp:featuredmedia":[{"embeddable":true,"href":"https:\/\/www.claret.cat\/es\/wp-json\/wp\/v2\/media\/946284"}],"wp:attachment":[{"href":"https:\/\/www.claret.cat\/es\/wp-json\/wp\/v2\/media?parent=946283"}],"wp:term":[{"taxonomy":"product_brand","embeddable":true,"href":"https:\/\/www.claret.cat\/es\/wp-json\/wp\/v2\/product_brand?post=946283"},{"taxonomy":"product_cat","embeddable":true,"href":"https:\/\/www.claret.cat\/es\/wp-json\/wp\/v2\/product_cat?post=946283"},{"taxonomy":"product_tag","embeddable":true,"href":"https:\/\/www.claret.cat\/es\/wp-json\/wp\/v2\/product_tag?post=946283"}],"curies":[{"name":"wp","href":"https:\/\/api.w.org\/{rel}","templated":true}]}}