{"id":946286,"date":"2023-12-29T09:30:27","date_gmt":"2023-12-29T08:30:27","guid":{"rendered":"https:\/\/www.claret.cat\/llibre\/melancolia-premio-nobel-de-literatura-2023-9788439743972\/"},"modified":"2024-01-04T10:50:20","modified_gmt":"2024-01-04T09:50:20","slug":"melancolia-premio-nobel-de-literatura-2023-9788439743972","status":"publish","type":"product","link":"https:\/\/www.claret.cat\/es\/libro\/melancolia-premio-nobel-de-literatura-2023-9788439743972\/","title":{"rendered":"MELANCOL\u00cdA: PREMIO NOBEL DE LITERATURA 2023"},"content":{"rendered":"<p>El Premio Nobel de Literatura 2023 narra en este maravilloso libro la emocionante y triste historia de Lars Hertervig, un pintor noruego del siglo XIX. D\u00fcsseldorf, 1853. El joven artista Lars Hertervig, alumno de Hans Gude en la Academia de Arte de D\u00fcsseldorf, est\u00e1 encerrado en su habitaci\u00f3n, paralizado por la ansiedad que le provocan las clases de arte y el amor irracional que siente hacia Helene Winckelmann, la hija de su casera. La fijaci\u00f3n de Lars por Helene, marcada por alucinaciones y furiosos delirios sexuales, obliga a la familia de la joven a expulsarlo de la habitaci\u00f3n donde se hospeda. Sin ning\u00fan lugar adonde ir, Hertervig deambula entre un caf\u00e9 donde soporta las burlas de sus compa\u00f1eros de la academia y el apartamento de los Winckelmann, en el que intenta desesperadamente ser admitido de nuevo: una especie de limbo que lo lleva a un inexorable estado de locura. Melancol\u00eda es una ficcional, salvaje y febril invocaci\u00f3n del artista noruego del siglo XIX Lars Hertervig, que pint\u00f3 paisajes ba\u00f1ados de luz, sufri\u00f3 una enfermedad mental y muri\u00f3 pobre en 1902. Galardonada con el Melsom Prize y el Sunnm\u00f8re Prize, est\u00e1 considerada una de las grandes novelas de quien ha sido llamado \u00abel Beckett del siglo XXI\u00bb( Le Monde).La cr\u00edtica ha dicho:<\/p>\n<p>\u00abSus innovadoras obras de teatro y su prosa han dado voz a lo impronunciable\u00bb. Jurado del Premio Nobel \u00abLa obra de Fosse es un enigma que da vida y esperanza a quien la lee. Ilumina el alma humana como solo lo hacen los elegidos\u00bb. Manuel Vilas \u00abJon Fosse es uno de los m\u00e1s importantes escritores europeos\u00bb. Karl Ove Knausg\u00e5rd\u00abEl Beckett del siglo veintiuno\u00bb. Le Monde \u00abSe ha comparado a Fosse con Ibsen y Beckett, y es f\u00e1cil ver que su obra, como la de Ibsen, se enraiza en lo esencial de las emociones. Pero es mucho m\u00e1s. Entre otras cosas, cuenta con una feroz simplicidad po\u00e9tica\u00bb. Anita Gates, The New York Times \u00abEs desesperadamente conmovedor [\u2026]. Una obra esencial para comprender los temas principals y la evoluci\u00f3n de la t\u00e9cnica y la vision art\u00edstica del autor\u00bb. R\u00f3n\u00e1n Hession, The Irish Times \u00abEn Fosse, la fusion de lo cotidiano y lo existencial, junto con sus dram\u00e1ticas incursions en el pasado, conforman una obra que no puedes dejar de leer\u00bb. Catherine Taylor, The Guardian \u00abLa poes\u00eda suena en todos los escritos de Fosse, que busca la esencia y la verdad\u00bb. Andrea Aguilar, El Pa\u00eds\u00abLeer a Fosse desencadena una curiosa euphoria, una fascinaci\u00f3n pr\u00f3xima a la que generan las leyendas o los mitos\u00bb. Pilar Ad\u00f3n<\/p>\n","protected":false},"excerpt":{"rendered":"<p>FOSSE, JON<\/p>\n","protected":false},"featured_media":946287,"template":"","meta":{"_acf_changed":false,"om_disable_all_campaigns":false,"rs_blank_template":"","rs_page_bg_color":"","slide_template_v7":"","inline_featured_image":false,"_monsterinsights_skip_tracking":false,"_monsterinsights_sitenote_active":false,"_monsterinsights_sitenote_note":"","_monsterinsights_sitenote_category":0},"product_brand":[],"product_cat":[127,130,357,360],"product_tag":[],"class_list":{"0":"post-946286","1":"product","2":"type-product","3":"status-publish","4":"has-post-thumbnail","6":"product_cat-novella-contemporania","7":"product_cat-novella-historica-i-ficcio","8":"product_cat-novela-contemporanea","9":"product_cat-novela-historica-y-ficcion","11":"first","12":"instock","13":"taxable","14":"shipping-taxable","15":"purchasable","16":"product-type-simple"},"acf":{"autor":"FOSSE, JON","codart":"843974397","libros-coleccion":"RANDOM HOUSE","ediciones":"1","encuadernacion":"R\u00fastica","fecha_de_publicacion":"01\/12\/2023","novedad":"1","paginas":"376","subtitulo":"","orden":"0","portada":"0","idioma":"spa","editorial":[{"ID":6290,"post_author":"3","post_date":"2022-07-28 17:49:01","post_date_gmt":"2022-07-28 15:49:01","post_content":"","post_title":"LITERATURA RANDOM HOUSE","post_excerpt":"","post_status":"publish","comment_status":"closed","ping_status":"closed","post_password":"","post_name":"literatura-random-house","to_ping":"","pinged":"","post_modified":"2022-07-28 17:49:01","post_modified_gmt":"2022-07-28 15:49:01","post_content_filtered":"","post_parent":0,"guid":"http:\/\/dev.claret.cat\/editorial\/literatura-random-house\/","menu_order":0,"post_type":"editorial","post_mime_type":"","comment_count":"0","filter":"raw"}],"autores-libros":[{"ID":159734,"post_author":"3","post_date":"2022-10-14 15:47:17","post_date_gmt":"2022-10-14 13:47:17","post_content":"","post_title":"JON FOSSE","post_excerpt":"","post_status":"publish","comment_status":"closed","ping_status":"closed","post_password":"","post_name":"jon-fosse","to_ping":"","pinged":"","post_modified":"2022-10-14 15:47:17","post_modified_gmt":"2022-10-14 13:47:17","post_content_filtered":"","post_parent":0,"guid":"http:\/\/dev.claret.cat\/autor\/jon-fosse\/","menu_order":0,"post_type":"autor","post_mime_type":"","comment_count":"0","filter":"raw"}]},"aioseo_notices":[],"_links":{"self":[{"href":"https:\/\/www.claret.cat\/es\/wp-json\/wp\/v2\/product\/946286","targetHints":{"allow":["GET"]}}],"collection":[{"href":"https:\/\/www.claret.cat\/es\/wp-json\/wp\/v2\/product"}],"about":[{"href":"https:\/\/www.claret.cat\/es\/wp-json\/wp\/v2\/types\/product"}],"wp:featuredmedia":[{"embeddable":true,"href":"https:\/\/www.claret.cat\/es\/wp-json\/wp\/v2\/media\/946287"}],"wp:attachment":[{"href":"https:\/\/www.claret.cat\/es\/wp-json\/wp\/v2\/media?parent=946286"}],"wp:term":[{"taxonomy":"product_brand","embeddable":true,"href":"https:\/\/www.claret.cat\/es\/wp-json\/wp\/v2\/product_brand?post=946286"},{"taxonomy":"product_cat","embeddable":true,"href":"https:\/\/www.claret.cat\/es\/wp-json\/wp\/v2\/product_cat?post=946286"},{"taxonomy":"product_tag","embeddable":true,"href":"https:\/\/www.claret.cat\/es\/wp-json\/wp\/v2\/product_tag?post=946286"}],"curies":[{"name":"wp","href":"https:\/\/api.w.org\/{rel}","templated":true}]}}