{"id":946299,"date":"2023-12-29T11:05:14","date_gmt":"2023-12-29T10:05:14","guid":{"rendered":"https:\/\/www.claret.cat\/llibre\/pere-casaldaliga-quan-la-fe-es-fa-poesia-9788491363569\/"},"modified":"2025-02-21T11:46:24","modified_gmt":"2025-02-21T10:46:24","slug":"pere-casaldaliga-quan-la-fe-es-fa-poesia-9788491363569","status":"publish","type":"product","link":"https:\/\/www.claret.cat\/es\/libro\/pere-casaldaliga-quan-la-fe-es-fa-poesia-9788491363569\/","title":{"rendered":"PERE CASALD\u00c0LIGA: QUAN LA FE ES FA POESIA"},"content":{"rendered":"<p>Michael Moore, amb gran sensibilitat po\u00e8tica i en un clima de profund respecte, posa en clar els ressons dels escrits de Pere Casald\u00e0liga. Senzill i entenedor, condueix el lector a l&#8217;encontre del missatge fet carn i sang que s&#8217;hi enclou. No solament podr\u00e0 escoltar en les seves poesies l&#8217;eco del crit comprom\u00e8s de la vida del bisbe de l&#8217;Araguaia, sin\u00f3 tota la seva vida que es revela en cadascun dels seus versos.<\/p>\n<p>Tamb\u00e9 disponible en <a href='https:\/\/www.claret.cat\/ca\/llibre\/PEDRO-CASALDALIGA-CUANDO-LA-FE-SE-HACE-POESIA-849136357'>castell\u00e0<\/a>.<\/p>\n<p>Podeu descarregar la versi\u00f3 Kindle (ebook): &lt;a href=&#039;https:\/\/amzn.to\/3qUHBsa&#039;<br \/>aqu\u00ed<\/p>\n<p><\/p>\n","protected":false},"excerpt":{"rendered":"<p>MOORE, MICHAEL P.<\/p>\n","protected":false},"featured_media":946300,"template":"","meta":{"_acf_changed":false,"om_disable_all_campaigns":false,"rs_blank_template":"","rs_page_bg_color":"","slide_template_v7":"","inline_featured_image":false,"_monsterinsights_skip_tracking":false,"_monsterinsights_sitenote_active":false,"_monsterinsights_sitenote_note":"","_monsterinsights_sitenote_category":0},"product_brand":[],"product_cat":[307,581],"product_tag":[],"class_list":{"0":"post-946299","1":"product","2":"type-product","3":"status-publish","4":"has-post-thumbnail","6":"product_cat-catala","7":"product_cat-editorial-claret","9":"first","10":"instock","11":"taxable","12":"shipping-taxable","13":"purchasable","14":"product-type-simple"},"acf":{"autor":"MOORE, MICHAEL P.","codart":"849136356","libros-coleccion":"","ediciones":"1","encuadernacion":"R\u00fastica","fecha_de_publicacion":"15\/06\/2021","novedad":"0","paginas":"142","subtitulo":"","orden":"12","portada":"0","idioma":"cat","editorial":[{"ID":6158,"post_author":"3","post_date":"2022-07-28 17:46:08","post_date_gmt":"2022-07-28 15:46:08","post_content":"","post_title":"CLARET","post_excerpt":"","post_status":"publish","comment_status":"closed","ping_status":"closed","post_password":"","post_name":"claret","to_ping":"","pinged":"","post_modified":"2022-07-28 17:46:08","post_modified_gmt":"2022-07-28 15:46:08","post_content_filtered":"","post_parent":0,"guid":"http:\/\/dev.claret.cat\/editorial\/claret\/","menu_order":0,"post_type":"editorial","post_mime_type":"","comment_count":"0","filter":"raw"}],"autores-libros":[{"ID":5842,"post_author":"3","post_date":"2022-07-28 17:32:39","post_date_gmt":"2022-07-28 15:32:39","post_content":"","post_title":"MICHAEL P. MOORE","post_excerpt":"","post_status":"publish","comment_status":"closed","ping_status":"closed","post_password":"","post_name":"michael-p-moore","to_ping":"","pinged":"","post_modified":"2022-07-28 17:32:39","post_modified_gmt":"2022-07-28 15:32:39","post_content_filtered":"","post_parent":0,"guid":"http:\/\/dev.claret.cat\/autor\/michael-p-moore\/","menu_order":0,"post_type":"autor","post_mime_type":"","comment_count":"0","filter":"raw"}],"traductores-libros":"","ilustradores-libros":"","formato":"","linkebook":"","precioebook":"","ebookportada":false,"ficha":"","muestra":"","presentacion":"","booktrailer":"","resenas":"","recomendamos":"","mas_vendido":""},"aioseo_notices":[],"_links":{"self":[{"href":"https:\/\/www.claret.cat\/es\/wp-json\/wp\/v2\/product\/946299","targetHints":{"allow":["GET"]}}],"collection":[{"href":"https:\/\/www.claret.cat\/es\/wp-json\/wp\/v2\/product"}],"about":[{"href":"https:\/\/www.claret.cat\/es\/wp-json\/wp\/v2\/types\/product"}],"wp:featuredmedia":[{"embeddable":true,"href":"https:\/\/www.claret.cat\/es\/wp-json\/wp\/v2\/media\/946300"}],"wp:attachment":[{"href":"https:\/\/www.claret.cat\/es\/wp-json\/wp\/v2\/media?parent=946299"}],"wp:term":[{"taxonomy":"product_brand","embeddable":true,"href":"https:\/\/www.claret.cat\/es\/wp-json\/wp\/v2\/product_brand?post=946299"},{"taxonomy":"product_cat","embeddable":true,"href":"https:\/\/www.claret.cat\/es\/wp-json\/wp\/v2\/product_cat?post=946299"},{"taxonomy":"product_tag","embeddable":true,"href":"https:\/\/www.claret.cat\/es\/wp-json\/wp\/v2\/product_tag?post=946299"}],"curies":[{"name":"wp","href":"https:\/\/api.w.org\/{rel}","templated":true}]}}