{"id":946383,"date":"2024-01-02T15:55:36","date_gmt":"2024-01-02T14:55:36","guid":{"rendered":"https:\/\/www.claret.cat\/llibre\/tu-y-yo-invencibles-9788408282921\/"},"modified":"2024-01-15T19:25:17","modified_gmt":"2024-01-15T18:25:17","slug":"tu-y-yo-invencibles-9788408282921","status":"publish","type":"product","link":"https:\/\/www.claret.cat\/es\/libro\/tu-y-yo-invencibles-9788408282921\/","title":{"rendered":"T\u00da Y YO, INVENCIBLES"},"content":{"rendered":"<p>\u00bfEs eterna la pasi\u00f3n? \u00bfSe pueden olvidar la mentira y la traici\u00f3n sin que queden esquirlas? \u00bfQu\u00e9 ocurre cuando dos meteoritos que prometieron ser invencibles colisionan?<br \/> Por la autora del bestseller Nosotros en la luna. Sus libros han fascinado a m\u00e1s de dos millones de lectores.Lucas es familiar, impulsivo y transparente.<br \/> Juliette es fuerte, introspectiva y enigm\u00e1tica.<br \/> \u00c9l vive en Vallecas, trabaja en un taller de coches junto con su mejor amigo y por las tardes tocan en un grupo de m\u00fasica que marcar\u00e1 el curso de sus vidas para siempre.<br \/> Ella ha crecido con su abuela en un barrio acomodado, pero sue\u00f1a con ser independiente, volar alto y dejar huella en el coraz\u00f3n de alguien.<br \/> Una noche de 1978, en pleno estallido de la movida madrile\u00f1a, sus caminos se cruzan. Entonces surge la atracci\u00f3n, el deseo, el amor. Un amor radiactivo que lo arrolla todo a su paso mientras los dos se vuelven inseparables en un ambiente desenfrenado lleno de cambios, atrapados entre el \u00e9xito y el fracaso, la luz y la oscuridad, el perd\u00f3n y el orgullo.<br \/> Pero Lucas es imperfecto.<br \/> Y Juliette guarda secretos.<br \/> \u00a0<br \/> \u00bfEs eterna la pasi\u00f3n? \u00bfSe pueden olvidar la mentira y la traici\u00f3n sin que queden esquirlas? \u00bfQu\u00e9 ocurre cuando dos meteoritos que prometieron ser invencibles colisionan?<\/p>\n","protected":false},"excerpt":{"rendered":"<p>KELLEN, ALICE<\/p>\n","protected":false},"featured_media":946384,"template":"","meta":{"_acf_changed":false,"om_disable_all_campaigns":false,"rs_blank_template":"","rs_page_bg_color":"","slide_template_v7":"","inline_featured_image":false,"_monsterinsights_skip_tracking":false,"_monsterinsights_sitenote_active":false,"_monsterinsights_sitenote_note":"","_monsterinsights_sitenote_category":0},"product_brand":[],"product_cat":[127,357],"product_tag":[],"class_list":{"0":"post-946383","1":"product","2":"type-product","3":"status-publish","4":"has-post-thumbnail","6":"product_cat-novella-contemporania","7":"product_cat-novela-contemporanea","9":"first","10":"instock","11":"taxable","12":"shipping-taxable","13":"purchasable","14":"product-type-simple"},"acf":{"autor":"KELLEN, ALICE","codart":"840828292","libros-coleccion":"FORA DE COL.LECCI\u00d3","ediciones":"1","encuadernacion":"R\u00fastica","fecha_de_publicacion":"01\/01\/2024","novedad":"1","paginas":"405","subtitulo":"EDICI\u00d3N LIMITADA A PRECIO ESPECIAL","orden":"0","portada":"0","idioma":"spa","editorial":[{"ID":6233,"post_author":"3","post_date":"2022-07-28 17:47:48","post_date_gmt":"2022-07-28 15:47:48","post_content":"","post_title":"EDITORIAL PLANETA","post_excerpt":"","post_status":"publish","comment_status":"closed","ping_status":"closed","post_password":"","post_name":"editorial-planeta","to_ping":"","pinged":"","post_modified":"2022-07-28 17:47:48","post_modified_gmt":"2022-07-28 15:47:48","post_content_filtered":"","post_parent":0,"guid":"http:\/\/dev.claret.cat\/editorial\/editorial-planeta\/","menu_order":0,"post_type":"editorial","post_mime_type":"","comment_count":"0","filter":"raw"}],"autores-libros":[{"ID":149824,"post_author":"3","post_date":"2022-10-14 14:27:59","post_date_gmt":"2022-10-14 12:27:59","post_content":"","post_title":"ALICE KELLEN","post_excerpt":"","post_status":"publish","comment_status":"closed","ping_status":"closed","post_password":"","post_name":"alice-kellen","to_ping":"","pinged":"","post_modified":"2022-10-14 14:27:59","post_modified_gmt":"2022-10-14 12:27:59","post_content_filtered":"","post_parent":0,"guid":"http:\/\/dev.claret.cat\/autor\/alice-kellen\/","menu_order":0,"post_type":"autor","post_mime_type":"","comment_count":"0","filter":"raw"}]},"aioseo_notices":[],"_links":{"self":[{"href":"https:\/\/www.claret.cat\/es\/wp-json\/wp\/v2\/product\/946383","targetHints":{"allow":["GET"]}}],"collection":[{"href":"https:\/\/www.claret.cat\/es\/wp-json\/wp\/v2\/product"}],"about":[{"href":"https:\/\/www.claret.cat\/es\/wp-json\/wp\/v2\/types\/product"}],"wp:featuredmedia":[{"embeddable":true,"href":"https:\/\/www.claret.cat\/es\/wp-json\/wp\/v2\/media\/946384"}],"wp:attachment":[{"href":"https:\/\/www.claret.cat\/es\/wp-json\/wp\/v2\/media?parent=946383"}],"wp:term":[{"taxonomy":"product_brand","embeddable":true,"href":"https:\/\/www.claret.cat\/es\/wp-json\/wp\/v2\/product_brand?post=946383"},{"taxonomy":"product_cat","embeddable":true,"href":"https:\/\/www.claret.cat\/es\/wp-json\/wp\/v2\/product_cat?post=946383"},{"taxonomy":"product_tag","embeddable":true,"href":"https:\/\/www.claret.cat\/es\/wp-json\/wp\/v2\/product_tag?post=946383"}],"curies":[{"name":"wp","href":"https:\/\/api.w.org\/{rel}","templated":true}]}}