{"id":94640,"date":"2022-10-12T06:33:43","date_gmt":"2022-10-12T04:33:43","guid":{"rendered":"http:\/\/dev.claret.cat\/producte\/101-arbusts-lianes-i-altres-enfiladisses-de-catalunya\/"},"modified":"2025-06-27T14:15:11","modified_gmt":"2025-06-27T12:15:11","slug":"101-arbusts-lianes-i-altres-enfiladisses-de-catalunya-9788413560397","status":"publish","type":"product","link":"https:\/\/www.claret.cat\/es\/libro\/101-arbusts-lianes-i-altres-enfiladisses-de-catalunya-9788413560397\/","title":{"rendered":"101 ARBUSTS, LIANES I ALTRES ENFILADISSES DE CATALUNYA"},"content":{"rendered":"<p>IL\u00b7LUSTRACIONS: TONI LLOBET LA MINIGUIA PLEGABLE M\u00c9S COMPLETA I IL\u00b7LUSTRATIVA SOBRE ELS ARBUSTS I LIANES QUE ES PODEN TROBAR A CATALUNYA.  Els arbusts s\u00f3n part essencial del nostre paisatge natural. Dominen especialment a les zones \u00e0rides i a les m\u00e9s fredes, aix\u00ed com en ambients de transici\u00f3 despr\u00e9s de pertorbacions naturals o alteracions d&#8217;origen hum\u00e0 (allaus, inundacions, incendis, tales&#8230;) en ecosistemes boscans. Juntament amb les plantes enfiladisses \u2013les que, mancades de tija r\u00edgida, grimpen sobre altres vegetals o elements\u2013, tamb\u00e9 s\u00f3n una part caracter\u00edstica dels boscos, donant-los estructura i complexitat. A m\u00e9s de paisatge, arbustos i enfiladisses s\u00f3n font inesgotable de recursos per a la fauna i per als humans. La guia mostra la majoria de les esp\u00e8cies aut\u00f2ctones que us trobareu al llarg i ample del pa\u00eds.   * Amb una gran quantitat d&#8217;il\u00b7lustracions a tot color.  * Cada esp\u00e8cie s&#8221;acompanya d&#8221;informaci\u00f3 precisa i senzilla per facilitar-ne el reconeixement al camp.<\/p>\n","protected":false},"excerpt":{"rendered":"<p>LLOBET FRAN\u00c7OIS, TONI \/ CARRERA BONET, DAVID<\/p>\n","protected":false},"featured_media":1035997,"template":"","meta":{"_acf_changed":false,"om_disable_all_campaigns":false,"rs_blank_template":"","rs_page_bg_color":"","slide_template_v7":"","inline_featured_image":false,"_monsterinsights_skip_tracking":false,"_monsterinsights_sitenote_active":false,"_monsterinsights_sitenote_note":"","_monsterinsights_sitenote_category":0},"product_brand":[],"product_cat":[90,540],"product_tag":[],"class_list":{"0":"post-94640","1":"product","2":"type-product","3":"status-publish","4":"has-post-thumbnail","6":"product_cat-altres","7":"product_cat-otros","9":"first","10":"instock","11":"taxable","12":"shipping-taxable","13":"purchasable","14":"product-type-simple"},"acf":{"editorial":[{"ID":6171,"post_author":"3","post_date":"2022-07-28 17:46:25","post_date_gmt":"2022-07-28 15:46:25","post_content":"","post_title":"COSSETANIA EDICIONS","post_excerpt":"","post_status":"publish","comment_status":"closed","ping_status":"closed","post_password":"","post_name":"cossetania-edicions","to_ping":"","pinged":"","post_modified":"2022-07-28 17:46:25","post_modified_gmt":"2022-07-28 15:46:25","post_content_filtered":"","post_parent":0,"guid":"http:\/\/dev.claret.cat\/editorial\/cossetania-edicions\/","menu_order":0,"post_type":"editorial","post_mime_type":"","comment_count":"0","filter":"raw"}],"autores-libros":[{"ID":170546,"post_author":"3","post_date":"2022-10-14 22:36:13","post_date_gmt":"2022-10-14 20:36:13","post_content":"","post_title":"TONI LLOBET FRAN\u00c7OIS","post_excerpt":"","post_status":"publish","comment_status":"closed","ping_status":"closed","post_password":"","post_name":"toni-llobet-francois","to_ping":"","pinged":"","post_modified":"2022-10-14 22:36:13","post_modified_gmt":"2022-10-14 20:36:13","post_content_filtered":"","post_parent":0,"guid":"http:\/\/dev.claret.cat\/autor\/toni-llobet-francois\/","menu_order":0,"post_type":"autor","post_mime_type":"","comment_count":"0","filter":"raw"},{"ID":153770,"post_author":"3","post_date":"2022-10-14 14:59:23","post_date_gmt":"2022-10-14 12:59:23","post_content":"","post_title":"DAVID CARRERA BONET","post_excerpt":"","post_status":"publish","comment_status":"closed","ping_status":"closed","post_password":"","post_name":"david-carrera-bonet","to_ping":"","pinged":"","post_modified":"2022-10-14 14:59:23","post_modified_gmt":"2022-10-14 12:59:23","post_content_filtered":"","post_parent":0,"guid":"http:\/\/dev.claret.cat\/autor\/david-carrera-bonet\/","menu_order":0,"post_type":"autor","post_mime_type":"","comment_count":"0","filter":"raw"}],"autor":"LLOBET FRAN\u00c7OIS, TONI \/ CARRERA BONET, DAVID","codart":"841356039","libros-coleccion":"Miniguia de camp","ediciones":"1","encuadernacion":"Carpeta","fecha_de_publicacion":"01\/03\/2021","novedad":"1","paginas":"1","subtitulo":"QUE CAL CON\u00c8IXER","orden":"0","portada":"0","idioma":"cat","booktrailer":"","resenas":""},"aioseo_notices":[],"_links":{"self":[{"href":"https:\/\/www.claret.cat\/es\/wp-json\/wp\/v2\/product\/94640","targetHints":{"allow":["GET"]}}],"collection":[{"href":"https:\/\/www.claret.cat\/es\/wp-json\/wp\/v2\/product"}],"about":[{"href":"https:\/\/www.claret.cat\/es\/wp-json\/wp\/v2\/types\/product"}],"wp:featuredmedia":[{"embeddable":true,"href":"https:\/\/www.claret.cat\/es\/wp-json\/wp\/v2\/media\/1035997"}],"wp:attachment":[{"href":"https:\/\/www.claret.cat\/es\/wp-json\/wp\/v2\/media?parent=94640"}],"wp:term":[{"taxonomy":"product_brand","embeddable":true,"href":"https:\/\/www.claret.cat\/es\/wp-json\/wp\/v2\/product_brand?post=94640"},{"taxonomy":"product_cat","embeddable":true,"href":"https:\/\/www.claret.cat\/es\/wp-json\/wp\/v2\/product_cat?post=94640"},{"taxonomy":"product_tag","embeddable":true,"href":"https:\/\/www.claret.cat\/es\/wp-json\/wp\/v2\/product_tag?post=94640"}],"curies":[{"name":"wp","href":"https:\/\/api.w.org\/{rel}","templated":true}]}}