{"id":946607,"date":"2024-01-08T12:25:02","date_gmt":"2024-01-08T11:25:02","guid":{"rendered":"https:\/\/www.claret.cat\/llibre\/homilias-sobre-las-cartas-12-timoteo-tito-y-filemon-9788497155717\/"},"modified":"2024-07-15T14:15:11","modified_gmt":"2024-07-15T12:15:11","slug":"homilias-sobre-las-cartas-12-timoteo-tito-y-filemon-9788497155717","status":"publish","type":"product","link":"https:\/\/www.claret.cat\/es\/libro\/homilias-sobre-las-cartas-12-timoteo-tito-y-filemon-9788497155717\/","title":{"rendered":"HOMIL\u00cdAS SOBRE LAS CARTAS 1-2 TIMOTEO, TITO Y FILEM\u00d3N"},"content":{"rendered":"<p class='ql-align-justify'>La predicaci\u00f3n del Cris\u00f3stomo sobre las cartas de Pablo a Timoteo y Tito manifiesta con toda claridad el objetivo de que el pueblo cristiano vaya siguiendo con \u00e9l, de forma ordenada, el hilo y la estructura de la argumentaci\u00f3n que el Ap\u00f3stol de los gentiles emplea en cada carta, a la vez que explica las recomendaciones paulinas, que sirven para los cristianos de todos los tiempos.<\/p>\n<p class='ql-align-justify'>Las tres homil\u00edas que componen el comentario a Filem\u00f3n recuerdan que esta carta no es de segundo nivel en el pensamiento paulino y que forma parte, como el resto de las cartas, del corpus epistolar del Ap\u00f3stol de los gentiles.<\/p>\n<p class='ql-align-justify'>Es la primera vez que se presenta una traducci\u00f3n completa de estas homil\u00edas en lengua castellana.<\/p>\n<p><\/p>\n","protected":false},"excerpt":{"rendered":"<p>CRIS\u00d3STOMO,  JUAN<\/p>\n","protected":false},"featured_media":946608,"template":"","meta":{"_acf_changed":false,"om_disable_all_campaigns":false,"rs_blank_template":"","rs_page_bg_color":"","slide_template_v7":"","inline_featured_image":false,"_monsterinsights_skip_tracking":false,"_monsterinsights_sitenote_active":false,"_monsterinsights_sitenote_note":"","_monsterinsights_sitenote_category":0},"product_brand":[],"product_cat":[280,510],"product_tag":[],"class_list":{"0":"post-946607","1":"product","2":"type-product","3":"status-publish","4":"has-post-thumbnail","6":"product_cat-patrologia","7":"product_cat-patrologia-teologia-1_espiritualidad","9":"first","10":"instock","11":"taxable","12":"shipping-taxable","13":"purchasable","14":"product-type-simple"},"acf":{"autor":"CRIS\u00d3STOMO,  JUAN","codart":"849715571","libros-coleccion":"","ediciones":"1","encuadernacion":"R\u00fastica","fecha_de_publicacion":"21\/12\/2023","novedad":"1","paginas":"634","subtitulo":"","orden":"0","portada":"0","idioma":"spa","editorial":[{"ID":6157,"post_author":"3","post_date":"2022-07-28 17:46:07","post_date_gmt":"2022-07-28 15:46:07","post_content":"","post_title":"Ciudad Nueva","post_excerpt":"","post_status":"publish","comment_status":"closed","ping_status":"closed","post_password":"","post_name":"ciudad-nueva","to_ping":"","pinged":"","post_modified":"2022-07-28 17:46:07","post_modified_gmt":"2022-07-28 15:46:07","post_content_filtered":"","post_parent":0,"guid":"http:\/\/dev.claret.cat\/editorial\/ciudad-nueva\/","menu_order":0,"post_type":"editorial","post_mime_type":"","comment_count":"0","filter":"raw"}],"autores-libros":[{"ID":5676,"post_author":"3","post_date":"2022-07-28 17:29:06","post_date_gmt":"2022-07-28 15:29:06","post_content":"","post_title":"JUAN CRIS\u00d3STOMO","post_excerpt":"","post_status":"publish","comment_status":"closed","ping_status":"closed","post_password":"","post_name":"juan-crisostomo","to_ping":"","pinged":"","post_modified":"2022-07-28 17:29:06","post_modified_gmt":"2022-07-28 15:29:06","post_content_filtered":"","post_parent":0,"guid":"http:\/\/dev.claret.cat\/autor\/juan-crisostomo\/","menu_order":0,"post_type":"autor","post_mime_type":"","comment_count":"0","filter":"raw"}]},"aioseo_notices":[],"_links":{"self":[{"href":"https:\/\/www.claret.cat\/es\/wp-json\/wp\/v2\/product\/946607","targetHints":{"allow":["GET"]}}],"collection":[{"href":"https:\/\/www.claret.cat\/es\/wp-json\/wp\/v2\/product"}],"about":[{"href":"https:\/\/www.claret.cat\/es\/wp-json\/wp\/v2\/types\/product"}],"wp:featuredmedia":[{"embeddable":true,"href":"https:\/\/www.claret.cat\/es\/wp-json\/wp\/v2\/media\/946608"}],"wp:attachment":[{"href":"https:\/\/www.claret.cat\/es\/wp-json\/wp\/v2\/media?parent=946607"}],"wp:term":[{"taxonomy":"product_brand","embeddable":true,"href":"https:\/\/www.claret.cat\/es\/wp-json\/wp\/v2\/product_brand?post=946607"},{"taxonomy":"product_cat","embeddable":true,"href":"https:\/\/www.claret.cat\/es\/wp-json\/wp\/v2\/product_cat?post=946607"},{"taxonomy":"product_tag","embeddable":true,"href":"https:\/\/www.claret.cat\/es\/wp-json\/wp\/v2\/product_tag?post=946607"}],"curies":[{"name":"wp","href":"https:\/\/api.w.org\/{rel}","templated":true}]}}