{"id":94667,"date":"2022-10-12T06:34:04","date_gmt":"2022-10-12T04:34:04","guid":{"rendered":"http:\/\/dev.claret.cat\/producte\/aprender-a-ser\/"},"modified":"2024-05-02T05:43:04","modified_gmt":"2024-05-02T03:43:04","slug":"aprender-a-ser-9788428836616","status":"publish","type":"product","link":"https:\/\/www.claret.cat\/es\/libro\/aprender-a-ser-9788428836616\/","title":{"rendered":"APRENDER A SER"},"content":{"rendered":"<p>Educar la interioridad es el gran regalo que podemos hacer a nuestros alumnos, a nuestros hijos. Aprender a ser no es una propuesta global ni un plan completo de educaci\u00f3n de la interioridad, sino una serie de recursos que se pueden incorporar en cualquier plan de interioridad que est\u00e9 dise\u00f1ado.<\/p>\n<p>El autor nos propone materiales para elaborar \u201csesiones a la carta\u201d, con una estructura abierta, flexible, al servicio de los objetivos y necesidades de cada persona o grupo, con sus caracter\u00edsticas y estilo propios. Para ello, ofrece una amplia carta con aperitivos, primeros platos, segundos y postre, para poder elegir cu\u00e1les son los m\u00e1s nutritivos y aplicarlos para conseguir los objetivos deseados.<\/p>\n<p>La flexibilidad de los contenidos es una de las muchas cualidades de este libro, ya que las metodolog\u00edas est\u00e1n al servicio de la persona y no al rev\u00e9s. La centralidad del alumno, en este caso adolescente, de la persona, es un ineludible criterio educativo de calidad.<\/p>\n","protected":false},"excerpt":{"rendered":"<p>S\u00c1NCHEZ RAMOS, LORENZO<\/p>\n","protected":false},"featured_media":338179,"template":"","meta":{"_acf_changed":false,"om_disable_all_campaigns":false,"rs_blank_template":"","rs_page_bg_color":"","slide_template_v7":"","inline_featured_image":false,"_monsterinsights_skip_tracking":false,"_monsterinsights_sitenote_active":false,"_monsterinsights_sitenote_note":"","_monsterinsights_sitenote_category":0},"product_brand":[],"product_cat":[189,453],"product_tag":[],"class_list":{"0":"post-94667","1":"product","2":"type-product","3":"status-publish","4":"has-post-thumbnail","6":"product_cat-didactica-i-praxi-escolar","7":"product_cat-didactica-y-praxis-escolar","9":"first","10":"instock","11":"taxable","12":"shipping-taxable","13":"purchasable","14":"product-type-simple"},"acf":{"editorial":[{"ID":6335,"post_author":"3","post_date":"2022-07-28 17:49:59","post_date_gmt":"2022-07-28 15:49:59","post_content":"","post_title":"PPC altres","post_excerpt":"","post_status":"publish","comment_status":"closed","ping_status":"closed","post_password":"","post_name":"ppc-altres","to_ping":"","pinged":"","post_modified":"2022-07-28 17:49:59","post_modified_gmt":"2022-07-28 15:49:59","post_content_filtered":"","post_parent":0,"guid":"http:\/\/dev.claret.cat\/editorial\/ppc-altres\/","menu_order":0,"post_type":"editorial","post_mime_type":"","comment_count":"0","filter":"raw"}],"autores-libros":[{"ID":5738,"post_author":"3","post_date":"2022-07-28 17:30:24","post_date_gmt":"2022-07-28 15:30:24","post_content":"","post_title":"LORENZO S\u00c1NCHEZ RAMOS","post_excerpt":"","post_status":"publish","comment_status":"closed","ping_status":"closed","post_password":"","post_name":"lorenzo-sanchez-ramos","to_ping":"","pinged":"","post_modified":"2022-07-28 17:30:24","post_modified_gmt":"2022-07-28 15:30:24","post_content_filtered":"","post_parent":0,"guid":"http:\/\/dev.claret.cat\/autor\/lorenzo-sanchez-ramos\/","menu_order":0,"post_type":"autor","post_mime_type":"","comment_count":"0","filter":"raw"}],"autor":"S\u00c1NCHEZ RAMOS, LORENZO","codart":"842883661","libros-coleccion":"Pastoral escolar","ediciones":"1","encuadernacion":"R\u00fastica","fecha_de_publicacion":"08\/03\/2021","novedad":"1","paginas":"272","subtitulo":"PROPUESTAS PARA EDUCAR LA INTERIORIDAD EN SECUNDARIA Y BACHILLERATO","orden":"0","portada":"0","idioma":"spa"},"aioseo_notices":[],"_links":{"self":[{"href":"https:\/\/www.claret.cat\/es\/wp-json\/wp\/v2\/product\/94667","targetHints":{"allow":["GET"]}}],"collection":[{"href":"https:\/\/www.claret.cat\/es\/wp-json\/wp\/v2\/product"}],"about":[{"href":"https:\/\/www.claret.cat\/es\/wp-json\/wp\/v2\/types\/product"}],"wp:featuredmedia":[{"embeddable":true,"href":"https:\/\/www.claret.cat\/es\/wp-json\/wp\/v2\/media\/338179"}],"wp:attachment":[{"href":"https:\/\/www.claret.cat\/es\/wp-json\/wp\/v2\/media?parent=94667"}],"wp:term":[{"taxonomy":"product_brand","embeddable":true,"href":"https:\/\/www.claret.cat\/es\/wp-json\/wp\/v2\/product_brand?post=94667"},{"taxonomy":"product_cat","embeddable":true,"href":"https:\/\/www.claret.cat\/es\/wp-json\/wp\/v2\/product_cat?post=94667"},{"taxonomy":"product_tag","embeddable":true,"href":"https:\/\/www.claret.cat\/es\/wp-json\/wp\/v2\/product_tag?post=94667"}],"curies":[{"name":"wp","href":"https:\/\/api.w.org\/{rel}","templated":true}]}}