{"id":946678,"date":"2024-01-10T09:50:34","date_gmt":"2024-01-10T08:50:34","guid":{"rendered":"https:\/\/www.claret.cat\/llibre\/la-resiliencia-de-job-9788429331868\/"},"modified":"2024-12-11T13:35:12","modified_gmt":"2024-12-11T12:35:12","slug":"la-resiliencia-de-job-9788429331868","status":"publish","type":"product","link":"https:\/\/www.claret.cat\/es\/libro\/la-resiliencia-de-job-9788429331868\/","title":{"rendered":"LA RESILIENCIA DE JOB"},"content":{"rendered":"<p><span>En este libro Luciano Sandrin explora el antiguo texto b\u00edblico de Job bajo una luz reveladora: la capacidad de resistir y renacer en medio del sufrimiento m\u00e1s crudo e inevitable. Sandrin ofrece un an\u00e1lisis contempor\u00e1neo que trasciende lo teol\u00f3gico y lo psicol\u00f3gico para ofrecer una mirada emp\u00e1tica y pr\u00e1ctica hacia la adversidad. Toda una invitaci\u00f3n a dialogar con nuestras dudas y emociones m\u00e1s crudas, que alienta encontrar consuelo y fortaleza en la esencia de la fe. Una lectura para cualquier persona que busque comprensi\u00f3n y consuelo en las pruebas de la vida.<\/span><\/p>\n","protected":false},"excerpt":{"rendered":"<p>SANDRIN, LUCIANO<\/p>\n","protected":false},"featured_media":946679,"template":"","meta":{"_acf_changed":false,"om_disable_all_campaigns":false,"rs_blank_template":"","rs_page_bg_color":"","slide_template_v7":"","inline_featured_image":false,"_monsterinsights_skip_tracking":false,"_monsterinsights_sitenote_active":false,"_monsterinsights_sitenote_note":"","_monsterinsights_sitenote_category":0},"product_brand":[],"product_cat":[497,248,542,92],"product_tag":[],"class_list":{"0":"post-946678","1":"product","2":"type-product","3":"status-publish","4":"has-post-thumbnail","6":"product_cat-meditaciones","7":"product_cat-meditacions","8":"product_cat-vida-religiosa-1_espiritualidad-spa","9":"product_cat-vida-religiosa","11":"first","12":"instock","13":"taxable","14":"shipping-taxable","15":"purchasable","16":"product-type-simple"},"acf":{"autor":"SANDRIN, LUCIANO","codart":"842933186","libros-coleccion":"","ediciones":"1","encuadernacion":"R\u00fastica","fecha_de_publicacion":"04\/01\/2024","novedad":"1","paginas":"176","subtitulo":"","orden":"0","portada":"1","idioma":"spa","editorial":[{"ID":6351,"post_author":"3","post_date":"2022-07-28 17:50:19","post_date_gmt":"2022-07-28 15:50:19","post_content":"","post_title":"Sal Terrae","post_excerpt":"","post_status":"publish","comment_status":"closed","ping_status":"closed","post_password":"","post_name":"sal-terrae","to_ping":"","pinged":"","post_modified":"2022-07-28 17:50:19","post_modified_gmt":"2022-07-28 15:50:19","post_content_filtered":"","post_parent":0,"guid":"http:\/\/dev.claret.cat\/editorial\/sal-terrae\/","menu_order":0,"post_type":"editorial","post_mime_type":"","comment_count":"0","filter":"raw"}],"autores-libros":[{"ID":162599,"post_author":"3","post_date":"2022-10-14 17:32:18","post_date_gmt":"2022-10-14 15:32:18","post_content":"","post_title":"LUCIANO SANDRIN","post_excerpt":"","post_status":"publish","comment_status":"closed","ping_status":"closed","post_password":"","post_name":"luciano-sandrin","to_ping":"","pinged":"","post_modified":"2022-10-14 17:32:18","post_modified_gmt":"2022-10-14 15:32:18","post_content_filtered":"","post_parent":0,"guid":"http:\/\/dev.claret.cat\/autor\/luciano-sandrin\/","menu_order":0,"post_type":"autor","post_mime_type":"","comment_count":"0","filter":"raw"}]},"aioseo_notices":[],"_links":{"self":[{"href":"https:\/\/www.claret.cat\/es\/wp-json\/wp\/v2\/product\/946678","targetHints":{"allow":["GET"]}}],"collection":[{"href":"https:\/\/www.claret.cat\/es\/wp-json\/wp\/v2\/product"}],"about":[{"href":"https:\/\/www.claret.cat\/es\/wp-json\/wp\/v2\/types\/product"}],"wp:featuredmedia":[{"embeddable":true,"href":"https:\/\/www.claret.cat\/es\/wp-json\/wp\/v2\/media\/946679"}],"wp:attachment":[{"href":"https:\/\/www.claret.cat\/es\/wp-json\/wp\/v2\/media?parent=946678"}],"wp:term":[{"taxonomy":"product_brand","embeddable":true,"href":"https:\/\/www.claret.cat\/es\/wp-json\/wp\/v2\/product_brand?post=946678"},{"taxonomy":"product_cat","embeddable":true,"href":"https:\/\/www.claret.cat\/es\/wp-json\/wp\/v2\/product_cat?post=946678"},{"taxonomy":"product_tag","embeddable":true,"href":"https:\/\/www.claret.cat\/es\/wp-json\/wp\/v2\/product_tag?post=946678"}],"curies":[{"name":"wp","href":"https:\/\/api.w.org\/{rel}","templated":true}]}}