{"id":946686,"date":"2024-01-10T09:51:03","date_gmt":"2024-01-10T08:51:03","guid":{"rendered":"https:\/\/www.claret.cat\/llibre\/os-bru-os-bru-que-hi-veus-aqui-9788448866631\/"},"modified":"2024-01-10T09:58:12","modified_gmt":"2024-01-10T08:58:12","slug":"os-bru-os-bru-que-hi-veus-aqui-9788448866631","status":"publish","type":"product","link":"https:\/\/www.claret.cat\/es\/libro\/os-bru-os-bru-que-hi-veus-aqui-9788448866631\/","title":{"rendered":"OS BRU, OS BRU, QU\u00c8 HI VEUS, AQU\u00cd?"},"content":{"rendered":"<p>Descobreix els animals i els colors amb aquest fant\u00e0stic cl\u00e0ssic infantil, de la m\u00e0 de Bill Martin i amb les il\u00b7lustracions d&#8217;Eric Carle, autor de L&#8217;erugueta golafre. L&#8221;\u00f3s bru veu un ocell vermell; l&#8217;ocell veu un \u00e0nec groc, aquest veu un cavall blau, que veu una granota verda, que veu un gat morat&#8230; Qui m\u00e9s veur\u00e0 l&#8217;\u00f3s bru? Un preci\u00f3s conte de Bill Martin i il\u00b7lustrat per Eric Carle centrat en la repetici\u00f3 d&#8217;elements perqu\u00e8 els m\u00e9s petits aprenguin a nomenar animals i colors. Acompanyat de les emblem\u00e0tiques il\u00b7lustracions originals, aquest llibre \u00e9s el m\u00e9s conegut de l&#8217;autor i ja ha captivat mig m\u00f3n. *Els llibres de cartr\u00f3 s\u00f3n l&#8217;eina perfecta perqu\u00e8 els m\u00e9s petits puguin manejar el format i apropar-se per primer cop a la lectura. *Ambles ic\u00f2niques il\u00b7lustracions d&#8217;Eric Carle i els seus colors vius, ning\u00fa no voldr\u00e0 deixar de llegir aquesta hist\u00f2ria. *Els elements de repetici\u00f3 s\u00f3n un m\u00e8tode fant\u00e0stic per seguir la hist\u00f2ria i aprendre elements b\u00e0sics com ara colors o noms.<\/p>\n","protected":false},"excerpt":{"rendered":"<p>MARTIN JR., BILL \/ CARLE, ERIC<\/p>\n","protected":false},"featured_media":946687,"template":"","meta":{"_acf_changed":false,"om_disable_all_campaigns":false,"rs_blank_template":"","rs_page_bg_color":"","slide_template_v7":"","inline_featured_image":false,"_monsterinsights_skip_tracking":false,"_monsterinsights_sitenote_active":false,"_monsterinsights_sitenote_note":"","_monsterinsights_sitenote_category":0},"product_brand":[],"product_cat":[131,361],"product_tag":[],"class_list":{"0":"post-946686","1":"product","2":"type-product","3":"status-publish","4":"has-post-thumbnail","6":"product_cat-contes-per-infants-0-6-anys","7":"product_cat-cuentos-para-ninos-0-6-anos","9":"first","10":"instock","11":"taxable","12":"shipping-taxable","13":"purchasable","14":"product-type-simple"},"acf":{"autor":"MARTIN JR., BILL \/ CARLE, ERIC","codart":"844886663","libros-coleccion":"FORA DE COL.LECCI\u00d3","ediciones":"1","encuadernacion":"Carpeta","fecha_de_publicacion":"01\/01\/2024","novedad":"1","paginas":"24","subtitulo":"","orden":"0","portada":"0","idioma":"cat","editorial":[{"ID":6141,"post_author":"3","post_date":"2022-07-28 17:45:46","post_date_gmt":"2022-07-28 15:45:46","post_content":"","post_title":"BEASCOA","post_excerpt":"","post_status":"publish","comment_status":"closed","ping_status":"closed","post_password":"","post_name":"beascoa","to_ping":"","pinged":"","post_modified":"2022-07-28 17:45:46","post_modified_gmt":"2022-07-28 15:45:46","post_content_filtered":"","post_parent":0,"guid":"http:\/\/dev.claret.cat\/editorial\/beascoa\/","menu_order":0,"post_type":"editorial","post_mime_type":"","comment_count":"0","filter":"raw"}],"autores-libros":[{"ID":946685,"post_author":"3","post_date":"2024-01-10 09:51:00","post_date_gmt":"2024-01-10 08:51:00","post_content":"","post_title":"BILL MARTIN JR.","post_excerpt":"","post_status":"publish","comment_status":"closed","ping_status":"closed","post_password":"","post_name":"bill-martin-jr","to_ping":"","pinged":"","post_modified":"2024-01-10 09:51:00","post_modified_gmt":"2024-01-10 08:51:00","post_content_filtered":"","post_parent":0,"guid":"https:\/\/www.claret.cat\/autor\/bill-martin-jr\/","menu_order":0,"post_type":"autor","post_mime_type":"","comment_count":"0","filter":"raw"},{"ID":155252,"post_author":"3","post_date":"2022-10-14 15:11:21","post_date_gmt":"2022-10-14 13:11:21","post_content":"","post_title":"ERIC CARLE","post_excerpt":"","post_status":"publish","comment_status":"closed","ping_status":"closed","post_password":"","post_name":"eric-carle","to_ping":"","pinged":"","post_modified":"2022-10-14 15:11:21","post_modified_gmt":"2022-10-14 13:11:21","post_content_filtered":"","post_parent":0,"guid":"http:\/\/dev.claret.cat\/autor\/eric-carle\/","menu_order":0,"post_type":"autor","post_mime_type":"","comment_count":"0","filter":"raw"}]},"aioseo_notices":[],"_links":{"self":[{"href":"https:\/\/www.claret.cat\/es\/wp-json\/wp\/v2\/product\/946686","targetHints":{"allow":["GET"]}}],"collection":[{"href":"https:\/\/www.claret.cat\/es\/wp-json\/wp\/v2\/product"}],"about":[{"href":"https:\/\/www.claret.cat\/es\/wp-json\/wp\/v2\/types\/product"}],"wp:featuredmedia":[{"embeddable":true,"href":"https:\/\/www.claret.cat\/es\/wp-json\/wp\/v2\/media\/946687"}],"wp:attachment":[{"href":"https:\/\/www.claret.cat\/es\/wp-json\/wp\/v2\/media?parent=946686"}],"wp:term":[{"taxonomy":"product_brand","embeddable":true,"href":"https:\/\/www.claret.cat\/es\/wp-json\/wp\/v2\/product_brand?post=946686"},{"taxonomy":"product_cat","embeddable":true,"href":"https:\/\/www.claret.cat\/es\/wp-json\/wp\/v2\/product_cat?post=946686"},{"taxonomy":"product_tag","embeddable":true,"href":"https:\/\/www.claret.cat\/es\/wp-json\/wp\/v2\/product_tag?post=946686"}],"curies":[{"name":"wp","href":"https:\/\/api.w.org\/{rel}","templated":true}]}}