{"id":946697,"date":"2024-01-10T09:51:50","date_gmt":"2024-01-10T08:51:50","guid":{"rendered":"https:\/\/www.claret.cat\/llibre\/pasion-inutil-o-pasion-esperanzada-9788429331875\/"},"modified":"2026-01-23T18:44:19","modified_gmt":"2026-01-23T17:44:19","slug":"pasion-inutil-o-pasion-esperanzada-9788429331875","status":"publish","type":"product","link":"https:\/\/www.claret.cat\/es\/libro\/pasion-inutil-o-pasion-esperanzada-9788429331875\/","title":{"rendered":"PASI\u00d3N IN\u00daTIL O PASI\u00d3N ESPERANZADA?"},"content":{"rendered":"<p><span>Jos\u00e9 Ignacio Gonz\u00e1lez Faus ofrece una reflexi\u00f3n profunda y din\u00e1mica sobre el sentido de la vida humana, contraponiendo la idea de que somos seres sin prop\u00f3sito, como suger\u00eda Sartre, con la visi\u00f3n de que nuestra existencia est\u00e1 llena de esperanza y amor. Este libro explora c\u00f3mo, pese a nuestras contradicciones y limitaciones, somos capaces de reflejar la imagen de Dios y vivir con una libertad que nos eleva. Toda una invitaci\u00f3n a descubrir que nuestras vidas, lejos de ser in\u00fatiles, tienen un destino lleno de significado.<\/span><\/p>\n","protected":false},"excerpt":{"rendered":"<p>GONZ\u00c1LEZ FAUS, JOS\u00c9 IGNACIO<\/p>\n","protected":false},"featured_media":1077329,"template":"","meta":{"_acf_changed":false,"om_disable_all_campaigns":false,"rs_blank_template":"","rs_page_bg_color":"","slide_template_v7":"","inline_featured_image":false,"_monsterinsights_skip_tracking":false,"_monsterinsights_sitenote_active":false,"_monsterinsights_sitenote_note":"","_monsterinsights_sitenote_category":0},"product_brand":[],"product_cat":[275,413],"product_tag":[],"class_list":{"0":"post-946697","1":"product","2":"type-product","3":"status-publish","4":"has-post-thumbnail","6":"product_cat-fonamental","7":"product_cat-fundamental","9":"first","10":"instock","11":"taxable","12":"shipping-taxable","13":"purchasable","14":"product-type-simple"},"acf":{"autor":"GONZ\u00c1LEZ FAUS, JOS\u00c9 IGNACIO","codart":"842933187","libros-coleccion":"","ediciones":"1","encuadernacion":"R\u00fastica","fecha_de_publicacion":"04\/01\/2024","novedad":"1","paginas":"232","subtitulo":"LEER LOS SIGNOS DE LOS TIEMPOS","orden":"0","portada":"1","idioma":"spa","editorial":[{"ID":6351,"post_author":"3","post_date":"2022-07-28 17:50:19","post_date_gmt":"2022-07-28 15:50:19","post_content":"","post_title":"Sal Terrae","post_excerpt":"","post_status":"publish","comment_status":"closed","ping_status":"closed","post_password":"","post_name":"sal-terrae","to_ping":"","pinged":"","post_modified":"2022-07-28 17:50:19","post_modified_gmt":"2022-07-28 15:50:19","post_content_filtered":"","post_parent":0,"guid":"http:\/\/dev.claret.cat\/editorial\/sal-terrae\/","menu_order":0,"post_type":"editorial","post_mime_type":"","comment_count":"0","filter":"raw"}],"autores-libros":[{"ID":160278,"post_author":"3","post_date":"2022-10-14 15:51:47","post_date_gmt":"2022-10-14 13:51:47","post_content":"","post_title":"JOS\u00c9 IGNACIO GONZ\u00c1LEZ FAUS","post_excerpt":"","post_status":"publish","comment_status":"closed","ping_status":"closed","post_password":"","post_name":"jose-ignacio-gonzalez-faus","to_ping":"","pinged":"","post_modified":"2022-10-14 15:51:47","post_modified_gmt":"2022-10-14 13:51:47","post_content_filtered":"","post_parent":0,"guid":"http:\/\/dev.claret.cat\/autor\/jose-ignacio-gonzalez-faus\/","menu_order":0,"post_type":"autor","post_mime_type":"","comment_count":"0","filter":"raw"}],"booktrailer":"","resenas":""},"aioseo_notices":[],"_links":{"self":[{"href":"https:\/\/www.claret.cat\/es\/wp-json\/wp\/v2\/product\/946697","targetHints":{"allow":["GET"]}}],"collection":[{"href":"https:\/\/www.claret.cat\/es\/wp-json\/wp\/v2\/product"}],"about":[{"href":"https:\/\/www.claret.cat\/es\/wp-json\/wp\/v2\/types\/product"}],"wp:featuredmedia":[{"embeddable":true,"href":"https:\/\/www.claret.cat\/es\/wp-json\/wp\/v2\/media\/1077329"}],"wp:attachment":[{"href":"https:\/\/www.claret.cat\/es\/wp-json\/wp\/v2\/media?parent=946697"}],"wp:term":[{"taxonomy":"product_brand","embeddable":true,"href":"https:\/\/www.claret.cat\/es\/wp-json\/wp\/v2\/product_brand?post=946697"},{"taxonomy":"product_cat","embeddable":true,"href":"https:\/\/www.claret.cat\/es\/wp-json\/wp\/v2\/product_cat?post=946697"},{"taxonomy":"product_tag","embeddable":true,"href":"https:\/\/www.claret.cat\/es\/wp-json\/wp\/v2\/product_tag?post=946697"}],"curies":[{"name":"wp","href":"https:\/\/api.w.org\/{rel}","templated":true}]}}