{"id":946700,"date":"2024-01-10T09:52:02","date_gmt":"2024-01-10T08:52:02","guid":{"rendered":"https:\/\/www.claret.cat\/llibre\/sexo-y-genero-a-debate-9788427148864\/"},"modified":"2026-04-01T01:57:49","modified_gmt":"2026-03-31T23:57:49","slug":"sexo-y-genero-a-debate-9788427148864","status":"publish","type":"product","link":"https:\/\/www.claret.cat\/es\/libro\/sexo-y-genero-a-debate-9788427148864\/","title":{"rendered":"SEXO Y GENERO A DEBATE"},"content":{"rendered":"<p><span>Juan Mar\u00eda Uriarte aborda con valent\u00eda el enrevesado tema de las identidades de g\u00e9nero, una cuesti\u00f3n que est\u00e1 redefiniendo el concepto de lo que significa ser hombre o mujer en la sociedad actual. Este libro ofrece una perspectiva equilibrada, reconociendo la validez de ciertos aspectos de la tradici\u00f3n, al tiempo que critica la tendencia contempor\u00e1nea de disolver las distinciones de g\u00e9nero en un espectro amplio y a menudo confuso. Es un recurso esencial para aquellos que buscan una comprensi\u00f3n clara y sensata de la evoluci\u00f3n de la identidad sexual y de g\u00e9nero en nuestros d\u00edas, ofreciendo una mano experta a los que navegan por este complejo debate.<\/span><\/p>\n","protected":false},"excerpt":{"rendered":"<p>URIARTE, JUAN MARIA<\/p>\n","protected":false},"featured_media":946701,"template":"","meta":{"_acf_changed":false,"om_disable_all_campaigns":false,"rs_blank_template":"","rs_page_bg_color":"","slide_template_v7":"","inline_featured_image":false,"_monsterinsights_skip_tracking":false,"_monsterinsights_sitenote_active":false,"_monsterinsights_sitenote_note":"","_monsterinsights_sitenote_category":0},"product_brand":[],"product_cat":[289,515,516,290],"product_tag":[],"class_list":{"0":"post-946700","1":"product","2":"type-product","3":"status-publish","4":"has-post-thumbnail","6":"product_cat-moral-de-la-persona-bioetica","7":"product_cat-moral-de-la-persona-bioetica-teologia-1_espiritualidad","8":"product_cat-moral-de-la-persona-sexualidad","9":"product_cat-moral-de-la-persona-sexualitat","11":"first","12":"instock","13":"taxable","14":"shipping-taxable","15":"purchasable","16":"product-type-simple"},"acf":{"autor":"URIARTE, JUAN MARIA","codart":"842714886","libros-coleccion":"EDUCACI\u00d3N Y APRENDIZAJE","ediciones":"1","encuadernacion":"R\u00fastica","fecha_de_publicacion":"04\/01\/2024","novedad":"1","paginas":"176","subtitulo":"","orden":"0","portada":"1","idioma":"spa","editorial":[{"ID":8258,"post_author":"3","post_date":"2022-09-30 09:21:32","post_date_gmt":"2022-09-30 07:21:32","post_content":"","post_title":"MENSAJERO","post_excerpt":"","post_status":"publish","comment_status":"closed","ping_status":"closed","post_password":"","post_name":"mensajero","to_ping":"","pinged":"","post_modified":"2022-09-30 09:21:32","post_modified_gmt":"2022-09-30 07:21:32","post_content_filtered":"","post_parent":0,"guid":"http:\/\/dev.claret.cat\/editorial\/mensajero\/","menu_order":0,"post_type":"editorial","post_mime_type":"","comment_count":"0","filter":"raw"}],"autores-libros":[{"ID":161118,"post_author":"3","post_date":"2022-10-14 17:15:39","post_date_gmt":"2022-10-14 15:15:39","post_content":"","post_title":"JUAN MAR\u00cdA URIARTE","post_excerpt":"","post_status":"publish","comment_status":"closed","ping_status":"closed","post_password":"","post_name":"juan-maria-uriarte","to_ping":"","pinged":"","post_modified":"2022-10-14 17:15:39","post_modified_gmt":"2022-10-14 15:15:39","post_content_filtered":"","post_parent":0,"guid":"http:\/\/dev.claret.cat\/autor\/juan-maria-uriarte\/","menu_order":0,"post_type":"autor","post_mime_type":"","comment_count":"0","filter":"raw"}],"booktrailer":"","resenas":""},"aioseo_notices":[],"_links":{"self":[{"href":"https:\/\/www.claret.cat\/es\/wp-json\/wp\/v2\/product\/946700","targetHints":{"allow":["GET"]}}],"collection":[{"href":"https:\/\/www.claret.cat\/es\/wp-json\/wp\/v2\/product"}],"about":[{"href":"https:\/\/www.claret.cat\/es\/wp-json\/wp\/v2\/types\/product"}],"wp:featuredmedia":[{"embeddable":true,"href":"https:\/\/www.claret.cat\/es\/wp-json\/wp\/v2\/media\/946701"}],"wp:attachment":[{"href":"https:\/\/www.claret.cat\/es\/wp-json\/wp\/v2\/media?parent=946700"}],"wp:term":[{"taxonomy":"product_brand","embeddable":true,"href":"https:\/\/www.claret.cat\/es\/wp-json\/wp\/v2\/product_brand?post=946700"},{"taxonomy":"product_cat","embeddable":true,"href":"https:\/\/www.claret.cat\/es\/wp-json\/wp\/v2\/product_cat?post=946700"},{"taxonomy":"product_tag","embeddable":true,"href":"https:\/\/www.claret.cat\/es\/wp-json\/wp\/v2\/product_tag?post=946700"}],"curies":[{"name":"wp","href":"https:\/\/api.w.org\/{rel}","templated":true}]}}