{"id":946706,"date":"2024-01-10T09:53:23","date_gmt":"2024-01-10T08:53:23","guid":{"rendered":"https:\/\/www.claret.cat\/llibre\/oso-pardo-oso-pardo-que-ves-alli-9788448866617\/"},"modified":"2024-01-10T09:58:04","modified_gmt":"2024-01-10T08:58:04","slug":"oso-pardo-oso-pardo-que-ves-alli-9788448866617","status":"publish","type":"product","link":"https:\/\/www.claret.cat\/es\/libro\/oso-pardo-oso-pardo-que-ves-alli-9788448866617\/","title":{"rendered":"OSO PARDO, OSO PARDO, \u00bfQU\u00c9 VES ALL\u00cd?"},"content":{"rendered":"<p>Aprende los animales y los colores con este fant\u00e1stico cl\u00e1sico infantil, de la mano de Bill Martin y con las ilustraciones de Eric Carle, autor de La oruga glotona. El oso pardo ve un p\u00e1jaro rojo; el p\u00e1jaro ve un pato amarillo, este ve un caballo azul, que ve una rana verde, que ve un gato morado\u2026 \u00bfA qui\u00e9n m\u00e1s ver\u00e1 el oso pardo? Un precioso cuento de Bill Martin e ilustrado por Eric Carle centrado en la repetici\u00f3n de elementos para que los m\u00e1s peque\u00f1os aprendan a nombrar animales y colores. Acompa\u00f1ado de las caracter\u00edsticas ilustraciones originales, este libro es el m\u00e1s conocido del autor y ha cautivado ya a medio mundo. *Los libros de cart\u00f3n son la herramienta perfecta para que los m\u00e1s peque\u00f1os puedan manejar el formato y acercarse por primera vez a la lectura. *Con las ic\u00f3nicas ilustraciones de Eric Carle y sus vivos colores, nadie querr\u00e1 apartar la vista de esta historia.*Los elementos de repetici\u00f3n son un fant\u00e1stico m\u00e9todo para seguir la historia y aprender elementos b\u00e1sicos como colores o nombres.<\/p>\n","protected":false},"excerpt":{"rendered":"<p>MARTIN JR., BILL \/ CARLE, ERIC<\/p>\n","protected":false},"featured_media":946707,"template":"","meta":{"_acf_changed":false,"om_disable_all_campaigns":false,"rs_blank_template":"","rs_page_bg_color":"","slide_template_v7":"","inline_featured_image":false,"_monsterinsights_skip_tracking":false,"_monsterinsights_sitenote_active":false,"_monsterinsights_sitenote_note":"","_monsterinsights_sitenote_category":0},"product_brand":[],"product_cat":[131,361],"product_tag":[],"class_list":{"0":"post-946706","1":"product","2":"type-product","3":"status-publish","4":"has-post-thumbnail","6":"product_cat-contes-per-infants-0-6-anys","7":"product_cat-cuentos-para-ninos-0-6-anos","9":"first","10":"instock","11":"taxable","12":"shipping-taxable","13":"purchasable","14":"product-type-simple"},"acf":{"autor":"MARTIN JR., BILL \/ CARLE, ERIC","codart":"844886661","libros-coleccion":"Peque\u00f1as manitas","ediciones":"1","encuadernacion":"Carpeta","fecha_de_publicacion":"01\/01\/2024","novedad":"1","paginas":"24","subtitulo":"","orden":"0","portada":"0","idioma":"spa","editorial":[{"ID":6141,"post_author":"3","post_date":"2022-07-28 17:45:46","post_date_gmt":"2022-07-28 15:45:46","post_content":"","post_title":"BEASCOA","post_excerpt":"","post_status":"publish","comment_status":"closed","ping_status":"closed","post_password":"","post_name":"beascoa","to_ping":"","pinged":"","post_modified":"2022-07-28 17:45:46","post_modified_gmt":"2022-07-28 15:45:46","post_content_filtered":"","post_parent":0,"guid":"http:\/\/dev.claret.cat\/editorial\/beascoa\/","menu_order":0,"post_type":"editorial","post_mime_type":"","comment_count":"0","filter":"raw"}],"autores-libros":[{"ID":946685,"post_author":"3","post_date":"2024-01-10 09:51:00","post_date_gmt":"2024-01-10 08:51:00","post_content":"","post_title":"BILL MARTIN JR.","post_excerpt":"","post_status":"publish","comment_status":"closed","ping_status":"closed","post_password":"","post_name":"bill-martin-jr","to_ping":"","pinged":"","post_modified":"2024-01-10 09:51:00","post_modified_gmt":"2024-01-10 08:51:00","post_content_filtered":"","post_parent":0,"guid":"https:\/\/www.claret.cat\/autor\/bill-martin-jr\/","menu_order":0,"post_type":"autor","post_mime_type":"","comment_count":"0","filter":"raw"},{"ID":155252,"post_author":"3","post_date":"2022-10-14 15:11:21","post_date_gmt":"2022-10-14 13:11:21","post_content":"","post_title":"ERIC CARLE","post_excerpt":"","post_status":"publish","comment_status":"closed","ping_status":"closed","post_password":"","post_name":"eric-carle","to_ping":"","pinged":"","post_modified":"2022-10-14 15:11:21","post_modified_gmt":"2022-10-14 13:11:21","post_content_filtered":"","post_parent":0,"guid":"http:\/\/dev.claret.cat\/autor\/eric-carle\/","menu_order":0,"post_type":"autor","post_mime_type":"","comment_count":"0","filter":"raw"}]},"aioseo_notices":[],"_links":{"self":[{"href":"https:\/\/www.claret.cat\/es\/wp-json\/wp\/v2\/product\/946706","targetHints":{"allow":["GET"]}}],"collection":[{"href":"https:\/\/www.claret.cat\/es\/wp-json\/wp\/v2\/product"}],"about":[{"href":"https:\/\/www.claret.cat\/es\/wp-json\/wp\/v2\/types\/product"}],"wp:featuredmedia":[{"embeddable":true,"href":"https:\/\/www.claret.cat\/es\/wp-json\/wp\/v2\/media\/946707"}],"wp:attachment":[{"href":"https:\/\/www.claret.cat\/es\/wp-json\/wp\/v2\/media?parent=946706"}],"wp:term":[{"taxonomy":"product_brand","embeddable":true,"href":"https:\/\/www.claret.cat\/es\/wp-json\/wp\/v2\/product_brand?post=946706"},{"taxonomy":"product_cat","embeddable":true,"href":"https:\/\/www.claret.cat\/es\/wp-json\/wp\/v2\/product_cat?post=946706"},{"taxonomy":"product_tag","embeddable":true,"href":"https:\/\/www.claret.cat\/es\/wp-json\/wp\/v2\/product_tag?post=946706"}],"curies":[{"name":"wp","href":"https:\/\/api.w.org\/{rel}","templated":true}]}}