{"id":946727,"date":"2024-01-10T09:55:12","date_gmt":"2024-01-10T08:55:12","guid":{"rendered":"https:\/\/www.claret.cat\/llibre\/aprender-a-leer-en-la-escuela-de-monstruos-13-el-artista-de-la-pista-9788419650641\/"},"modified":"2026-04-16T13:46:05","modified_gmt":"2026-04-16T11:46:05","slug":"aprender-a-leer-en-la-escuela-de-monstruos-13-el-artista-de-la-pista-9788419650641","status":"publish","type":"product","link":"https:\/\/www.claret.cat\/es\/libro\/aprender-a-leer-en-la-escuela-de-monstruos-13-el-artista-de-la-pista-9788419650641\/","title":{"rendered":"APRENDER A LEER EN LA ESCUELA DE MONSTRUOS 13 &#8211; EL ARTISTA DE LA PISTA"},"content":{"rendered":"<p>APRENDE A LEER EN LA ESCUELA DE MONSTRUOS BIENVENIDOS A LA ESCUELA DE MONSTRUOS, LA M\u00c1S APESTOSA Y DIVERTIDA QUE EXISTE M\u00e1s de 1 mill\u00f3n de peque\u00f1os lectores Bruno cree que los lobos no pueden bailar, pero con Lobo Jacobo, el bailar\u00edn, \u00a1la diversi\u00f3n no tiene fin! \u00bfConseguir\u00e1 Bruno ser el artista de la pista?Una escuela en la que aprenderemos a leer de forma sencilla y divertida. &#8211; Letra may\u00fascula &#8211; Frases rimadas &#8211; Ilustraciones a todo color &#8211; \u00a1Y una historia de lo m\u00e1s divertida protagonizada por un grupo de monstruos!Con letra may\u00fascula y texto rimado, \u00a1aprender a leer est\u00e1 asegurado!<\/p>\n","protected":false},"excerpt":{"rendered":"<p>RIPPIN, SALLY<\/p>\n","protected":false},"featured_media":946728,"template":"","meta":{"_acf_changed":false,"om_disable_all_campaigns":false,"rs_blank_template":"","rs_page_bg_color":"","slide_template_v7":"","inline_featured_image":false,"_monsterinsights_skip_tracking":false,"_monsterinsights_sitenote_active":false,"_monsterinsights_sitenote_note":"","_monsterinsights_sitenote_category":0},"product_brand":[],"product_cat":[132,362],"product_tag":[],"class_list":{"0":"post-946727","1":"product","2":"type-product","3":"status-publish","4":"has-post-thumbnail","6":"product_cat-lectures-per-preadolescents-6-12-anys","7":"product_cat-libros-preadolescentes-6-12-anos","9":"first","10":"instock","11":"taxable","12":"shipping-taxable","13":"purchasable","14":"product-type-simple"},"acf":{"autor":"RIPPIN, SALLY","codart":"841965064","libros-coleccion":"","ediciones":"1","encuadernacion":"R\u00fastica","fecha_de_publicacion":"01\/01\/2024","novedad":"1","paginas":"48","subtitulo":"EN LETRA MAY\u00daSCULA PARA APRENDER A LEER (LIBROS PARA NI\u00d1OS A PARTIR DE 5 A\u00d1OS)","orden":"0","portada":"0","idioma":"spa","editorial":[{"ID":6310,"post_author":"3","post_date":"2022-07-28 17:49:26","post_date_gmt":"2022-07-28 15:49:26","post_content":"","post_title":"MONTENA","post_excerpt":"","post_status":"publish","comment_status":"closed","ping_status":"closed","post_password":"","post_name":"montena","to_ping":"","pinged":"","post_modified":"2022-07-28 17:49:26","post_modified_gmt":"2022-07-28 15:49:26","post_content_filtered":"","post_parent":0,"guid":"http:\/\/dev.claret.cat\/editorial\/montena\/","menu_order":0,"post_type":"editorial","post_mime_type":"","comment_count":"0","filter":"raw"}],"autores-libros":[{"ID":168816,"post_author":"3","post_date":"2022-10-14 22:22:11","post_date_gmt":"2022-10-14 20:22:11","post_content":"","post_title":"SALLY RIPPIN","post_excerpt":"","post_status":"publish","comment_status":"closed","ping_status":"closed","post_password":"","post_name":"sally-rippin","to_ping":"","pinged":"","post_modified":"2022-10-14 22:22:11","post_modified_gmt":"2022-10-14 20:22:11","post_content_filtered":"","post_parent":0,"guid":"http:\/\/dev.claret.cat\/autor\/sally-rippin\/","menu_order":0,"post_type":"autor","post_mime_type":"","comment_count":"0","filter":"raw"}],"booktrailer":"","resenas":""},"aioseo_notices":[],"_links":{"self":[{"href":"https:\/\/www.claret.cat\/es\/wp-json\/wp\/v2\/product\/946727","targetHints":{"allow":["GET"]}}],"collection":[{"href":"https:\/\/www.claret.cat\/es\/wp-json\/wp\/v2\/product"}],"about":[{"href":"https:\/\/www.claret.cat\/es\/wp-json\/wp\/v2\/types\/product"}],"wp:featuredmedia":[{"embeddable":true,"href":"https:\/\/www.claret.cat\/es\/wp-json\/wp\/v2\/media\/946728"}],"wp:attachment":[{"href":"https:\/\/www.claret.cat\/es\/wp-json\/wp\/v2\/media?parent=946727"}],"wp:term":[{"taxonomy":"product_brand","embeddable":true,"href":"https:\/\/www.claret.cat\/es\/wp-json\/wp\/v2\/product_brand?post=946727"},{"taxonomy":"product_cat","embeddable":true,"href":"https:\/\/www.claret.cat\/es\/wp-json\/wp\/v2\/product_cat?post=946727"},{"taxonomy":"product_tag","embeddable":true,"href":"https:\/\/www.claret.cat\/es\/wp-json\/wp\/v2\/product_tag?post=946727"}],"curies":[{"name":"wp","href":"https:\/\/api.w.org\/{rel}","templated":true}]}}