{"id":946800,"date":"2024-01-10T10:38:45","date_gmt":"2024-01-10T09:38:45","guid":{"rendered":"https:\/\/www.claret.cat\/llibre\/stars-academy-3-con-la-musica-en-el-corazon-9788408280453\/"},"modified":"2024-01-10T10:42:04","modified_gmt":"2024-01-10T09:42:04","slug":"stars-academy-3-con-la-musica-en-el-corazon-9788408280453","status":"publish","type":"product","link":"https:\/\/www.claret.cat\/es\/libro\/stars-academy-3-con-la-musica-en-el-corazon-9788408280453\/","title":{"rendered":"STARS ACADEMY 3. CON LA M\u00daSICA EN EL CORAZ\u00d3N"},"content":{"rendered":"<p>Prep\u00e1rate para darlo todo y llegar a lo m\u00e1s alto en la Stars AcademyLa Stars Academy es la escuela m\u00e1s famosa de Broadway. En esta escuela, artistas de todas las disciplinas se preparan antes de salir a los escenarios de los teatros que llenan la calle m\u00e1s famosa del mundo. All\u00ed, Colette, Pamela y Violet trabajar\u00e1n muy duro para ser las mejores&#8230; Pero trabajar en equipo no es f\u00e1cil y, ante el en\u00e9simo desplante de una compa\u00f1era, Violet entra en crisis. Por suerte, un m\u00fasico misterioso la har\u00e1 recapacitar\u2026<\/p>\n","protected":false},"excerpt":{"rendered":"<p>STILTON, TEA<\/p>\n","protected":false},"featured_media":946801,"template":"","meta":{"_acf_changed":false,"om_disable_all_campaigns":false,"rs_blank_template":"","rs_page_bg_color":"","slide_template_v7":"","inline_featured_image":false,"_monsterinsights_skip_tracking":false,"_monsterinsights_sitenote_active":false,"_monsterinsights_sitenote_note":"","_monsterinsights_sitenote_category":0},"product_brand":[],"product_cat":[131,361],"product_tag":[],"class_list":{"0":"post-946800","1":"product","2":"type-product","3":"status-publish","4":"has-post-thumbnail","6":"product_cat-contes-per-infants-0-6-anys","7":"product_cat-cuentos-para-ninos-0-6-anos","9":"first","10":"instock","11":"taxable","12":"shipping-taxable","13":"purchasable","14":"product-type-simple"},"acf":{"autor":"STILTON, TEA","codart":"840828045","libros-coleccion":"FORA DE COL.LECCI\u00d3","ediciones":"1","encuadernacion":"R\u00fastica","fecha_de_publicacion":"01\/01\/2024","novedad":"1","paginas":"123","subtitulo":"","orden":"0","portada":"0","idioma":"spa","editorial":[{"ID":6233,"post_author":"3","post_date":"2022-07-28 17:47:48","post_date_gmt":"2022-07-28 15:47:48","post_content":"","post_title":"EDITORIAL PLANETA","post_excerpt":"","post_status":"publish","comment_status":"closed","ping_status":"closed","post_password":"","post_name":"editorial-planeta","to_ping":"","pinged":"","post_modified":"2022-07-28 17:47:48","post_modified_gmt":"2022-07-28 15:47:48","post_content_filtered":"","post_parent":0,"guid":"http:\/\/dev.claret.cat\/editorial\/editorial-planeta\/","menu_order":0,"post_type":"editorial","post_mime_type":"","comment_count":"0","filter":"raw"}],"autores-libros":[{"ID":170162,"post_author":"3","post_date":"2022-10-14 22:33:05","post_date_gmt":"2022-10-14 20:33:05","post_content":"","post_title":"TEA STILTON","post_excerpt":"","post_status":"publish","comment_status":"closed","ping_status":"closed","post_password":"","post_name":"tea-stilton","to_ping":"","pinged":"","post_modified":"2022-10-14 22:33:05","post_modified_gmt":"2022-10-14 20:33:05","post_content_filtered":"","post_parent":0,"guid":"http:\/\/dev.claret.cat\/autor\/tea-stilton\/","menu_order":0,"post_type":"autor","post_mime_type":"","comment_count":"0","filter":"raw"}]},"aioseo_notices":[],"_links":{"self":[{"href":"https:\/\/www.claret.cat\/es\/wp-json\/wp\/v2\/product\/946800","targetHints":{"allow":["GET"]}}],"collection":[{"href":"https:\/\/www.claret.cat\/es\/wp-json\/wp\/v2\/product"}],"about":[{"href":"https:\/\/www.claret.cat\/es\/wp-json\/wp\/v2\/types\/product"}],"wp:featuredmedia":[{"embeddable":true,"href":"https:\/\/www.claret.cat\/es\/wp-json\/wp\/v2\/media\/946801"}],"wp:attachment":[{"href":"https:\/\/www.claret.cat\/es\/wp-json\/wp\/v2\/media?parent=946800"}],"wp:term":[{"taxonomy":"product_brand","embeddable":true,"href":"https:\/\/www.claret.cat\/es\/wp-json\/wp\/v2\/product_brand?post=946800"},{"taxonomy":"product_cat","embeddable":true,"href":"https:\/\/www.claret.cat\/es\/wp-json\/wp\/v2\/product_cat?post=946800"},{"taxonomy":"product_tag","embeddable":true,"href":"https:\/\/www.claret.cat\/es\/wp-json\/wp\/v2\/product_tag?post=946800"}],"curies":[{"name":"wp","href":"https:\/\/api.w.org\/{rel}","templated":true}]}}