{"id":946803,"date":"2024-01-10T10:39:14","date_gmt":"2024-01-10T09:39:14","guid":{"rendered":"https:\/\/www.claret.cat\/llibre\/el-misterio-de-la-gondola-de-cristal-9788408280439\/"},"modified":"2024-01-10T10:41:57","modified_gmt":"2024-01-10T09:41:57","slug":"el-misterio-de-la-gondola-de-cristal-9788408280439","status":"publish","type":"product","link":"https:\/\/www.claret.cat\/es\/libro\/el-misterio-de-la-gondola-de-cristal-9788408280439\/","title":{"rendered":"EL MISTERIO DE LA G\u00d3NDOLA DE CRISTAL"},"content":{"rendered":"<p>\u00bfQui\u00e9n habr\u00e1 metido el papelito con una petici\u00f3n de ayuda dentro de un recuerdo de Venecia? Nada m\u00e1s encontrar el mensaje, he partido y me he puesto a investigar&#8230; \u00a1Ah, qu\u00e9 aventura m\u00e1s incre\u00edble!<br \/> Este nuevo n\u00famero mantiene las claves del \u00e9xito de Geronimo Stilton:<br \/> &#8211; Acci\u00f3n.<br \/> &#8211; Humor.<br \/> &#8211; Juegos tipogr\u00e1ficos.<br \/> &#8211; Aventuras.<br \/> Y todo esto junto una cuidada presentacio\u00b4n gra\u00b4fica que incorpora agilidad y dinamismo a la lectura.<br \/> La colecci\u00f3n con la que millones de ni\u00f1os y ni\u00f1as han empezado a leer.<\/p>\n","protected":false},"excerpt":{"rendered":"<p>STILTON, GERONIMO<\/p>\n","protected":false},"featured_media":946804,"template":"","meta":{"_acf_changed":false,"om_disable_all_campaigns":false,"rs_blank_template":"","rs_page_bg_color":"","slide_template_v7":"","inline_featured_image":false,"_monsterinsights_skip_tracking":false,"_monsterinsights_sitenote_active":false,"_monsterinsights_sitenote_note":"","_monsterinsights_sitenote_category":0},"product_brand":[],"product_cat":[132,362],"product_tag":[],"class_list":{"0":"post-946803","1":"product","2":"type-product","3":"status-publish","4":"has-post-thumbnail","6":"product_cat-lectures-per-preadolescents-6-12-anys","7":"product_cat-libros-preadolescentes-6-12-anos","9":"first","10":"instock","11":"taxable","12":"shipping-taxable","13":"purchasable","14":"product-type-simple"},"acf":{"autor":"STILTON, GERONIMO","codart":"840828043","libros-coleccion":"FORA DE COL.LECCI\u00d3","ediciones":"1","encuadernacion":"R\u00fastica","fecha_de_publicacion":"01\/01\/2024","novedad":"1","paginas":"116","subtitulo":"","orden":"0","portada":"0","idioma":"spa","editorial":[{"ID":6233,"post_author":"3","post_date":"2022-07-28 17:47:48","post_date_gmt":"2022-07-28 15:47:48","post_content":"","post_title":"EDITORIAL PLANETA","post_excerpt":"","post_status":"publish","comment_status":"closed","ping_status":"closed","post_password":"","post_name":"editorial-planeta","to_ping":"","pinged":"","post_modified":"2022-07-28 17:47:48","post_modified_gmt":"2022-07-28 15:47:48","post_content_filtered":"","post_parent":0,"guid":"http:\/\/dev.claret.cat\/editorial\/editorial-planeta\/","menu_order":0,"post_type":"editorial","post_mime_type":"","comment_count":"0","filter":"raw"}],"autores-libros":[{"ID":5510,"post_author":"3","post_date":"2022-07-28 17:25:32","post_date_gmt":"2022-07-28 15:25:32","post_content":"","post_title":"GERONIMO STILTON","post_excerpt":"","post_status":"publish","comment_status":"closed","ping_status":"closed","post_password":"","post_name":"geronimo-stilton","to_ping":"","pinged":"","post_modified":"2022-07-28 17:25:32","post_modified_gmt":"2022-07-28 15:25:32","post_content_filtered":"","post_parent":0,"guid":"http:\/\/dev.claret.cat\/autor\/geronimo-stilton\/","menu_order":0,"post_type":"autor","post_mime_type":"","comment_count":"0","filter":"raw"}]},"aioseo_notices":[],"_links":{"self":[{"href":"https:\/\/www.claret.cat\/es\/wp-json\/wp\/v2\/product\/946803","targetHints":{"allow":["GET"]}}],"collection":[{"href":"https:\/\/www.claret.cat\/es\/wp-json\/wp\/v2\/product"}],"about":[{"href":"https:\/\/www.claret.cat\/es\/wp-json\/wp\/v2\/types\/product"}],"wp:featuredmedia":[{"embeddable":true,"href":"https:\/\/www.claret.cat\/es\/wp-json\/wp\/v2\/media\/946804"}],"wp:attachment":[{"href":"https:\/\/www.claret.cat\/es\/wp-json\/wp\/v2\/media?parent=946803"}],"wp:term":[{"taxonomy":"product_brand","embeddable":true,"href":"https:\/\/www.claret.cat\/es\/wp-json\/wp\/v2\/product_brand?post=946803"},{"taxonomy":"product_cat","embeddable":true,"href":"https:\/\/www.claret.cat\/es\/wp-json\/wp\/v2\/product_cat?post=946803"},{"taxonomy":"product_tag","embeddable":true,"href":"https:\/\/www.claret.cat\/es\/wp-json\/wp\/v2\/product_tag?post=946803"}],"curies":[{"name":"wp","href":"https:\/\/api.w.org\/{rel}","templated":true}]}}