{"id":946827,"date":"2024-01-10T10:41:26","date_gmt":"2024-01-10T09:41:26","guid":{"rendered":"https:\/\/www.claret.cat\/llibre\/a-dormir-animales-de-compania-9788408272144\/"},"modified":"2024-06-22T12:50:16","modified_gmt":"2024-06-22T10:50:16","slug":"a-dormir-animales-de-compania-9788408272144","status":"publish","type":"product","link":"https:\/\/www.claret.cat\/es\/libro\/a-dormir-animales-de-compania-9788408272144\/","title":{"rendered":"\u00a1A DORMIR! ANIMALES DE COMPA\u00d1\u00cdA"},"content":{"rendered":"<p>Comparte con el beb\u00e9 un momento lleno de ternura antes de ir a dormir.<br \/> Dales las buenas noches y cierra los ojos de las cobayas, las tortugas, los gatitos y los perritos. Gracias a un sencillo mecanismo, el mismo beb\u00e9 podr\u00e1 cerrar los ojos de los animales dom\u00e9sticos, prepar\u00e1ndose para cerrar los suyos al final.<br \/> Con ilustraciones tiernas\u00a0que fascinar\u00e1n a las criaturas y las invitar\u00e1n a tener dulces sue\u00f1os.<br \/> Un libro perfecto para el ritual de ir a la cama.<br \/> Recomendado a partir de 6 meses.<br \/> Ilustrado por Charlotte Roederer.<br \/> T\u00edtulos de la colecci\u00f3n \u00a1A dormir!: <\/p>\n<p> \u00a1A dormir! El bosque<br \/> \u00a1A dormir! El jard\u00edn<br \/> \u00a1A dormir! La granja<br \/> \u00a1A dormir! Animales de compa\u00f1\u00eda<\/p>\n","protected":false},"excerpt":{"rendered":"<p>ROEDERER, CHARLOTTE<\/p>\n","protected":false},"featured_media":946828,"template":"","meta":{"_acf_changed":false,"om_disable_all_campaigns":false,"rs_blank_template":"","rs_page_bg_color":"","slide_template_v7":"","inline_featured_image":false,"_monsterinsights_skip_tracking":false,"_monsterinsights_sitenote_active":false,"_monsterinsights_sitenote_note":"","_monsterinsights_sitenote_category":0},"product_brand":[],"product_cat":[131,361],"product_tag":[],"class_list":{"0":"post-946827","1":"product","2":"type-product","3":"status-publish","4":"has-post-thumbnail","6":"product_cat-contes-per-infants-0-6-anys","7":"product_cat-cuentos-para-ninos-0-6-anos","9":"first","10":"instock","11":"taxable","12":"shipping-taxable","13":"purchasable","14":"product-type-simple"},"acf":{"autor":"ROEDERER, CHARLOTTE","codart":"840827214","libros-coleccion":"FORA DE COL.LECCI\u00d3","ediciones":"1","encuadernacion":"Carton\u00e9","fecha_de_publicacion":"01\/01\/2024","novedad":"1","paginas":"12","subtitulo":"","orden":"0","portada":"0","idioma":"spa","editorial":[{"ID":6233,"post_author":"3","post_date":"2022-07-28 17:47:48","post_date_gmt":"2022-07-28 15:47:48","post_content":"","post_title":"EDITORIAL PLANETA","post_excerpt":"","post_status":"publish","comment_status":"closed","ping_status":"closed","post_password":"","post_name":"editorial-planeta","to_ping":"","pinged":"","post_modified":"2022-07-28 17:47:48","post_modified_gmt":"2022-07-28 15:47:48","post_content_filtered":"","post_parent":0,"guid":"http:\/\/dev.claret.cat\/editorial\/editorial-planeta\/","menu_order":0,"post_type":"editorial","post_mime_type":"","comment_count":"0","filter":"raw"}],"autores-libros":[{"ID":152804,"post_author":"3","post_date":"2022-10-14 14:51:43","post_date_gmt":"2022-10-14 12:51:43","post_content":"","post_title":"CHARLOTTE ROEDERER","post_excerpt":"","post_status":"publish","comment_status":"closed","ping_status":"closed","post_password":"","post_name":"charlotte-roederer","to_ping":"","pinged":"","post_modified":"2022-10-14 14:51:43","post_modified_gmt":"2022-10-14 12:51:43","post_content_filtered":"","post_parent":0,"guid":"http:\/\/dev.claret.cat\/autor\/charlotte-roederer\/","menu_order":0,"post_type":"autor","post_mime_type":"","comment_count":"0","filter":"raw"}]},"aioseo_notices":[],"_links":{"self":[{"href":"https:\/\/www.claret.cat\/es\/wp-json\/wp\/v2\/product\/946827","targetHints":{"allow":["GET"]}}],"collection":[{"href":"https:\/\/www.claret.cat\/es\/wp-json\/wp\/v2\/product"}],"about":[{"href":"https:\/\/www.claret.cat\/es\/wp-json\/wp\/v2\/types\/product"}],"wp:featuredmedia":[{"embeddable":true,"href":"https:\/\/www.claret.cat\/es\/wp-json\/wp\/v2\/media\/946828"}],"wp:attachment":[{"href":"https:\/\/www.claret.cat\/es\/wp-json\/wp\/v2\/media?parent=946827"}],"wp:term":[{"taxonomy":"product_brand","embeddable":true,"href":"https:\/\/www.claret.cat\/es\/wp-json\/wp\/v2\/product_brand?post=946827"},{"taxonomy":"product_cat","embeddable":true,"href":"https:\/\/www.claret.cat\/es\/wp-json\/wp\/v2\/product_cat?post=946827"},{"taxonomy":"product_tag","embeddable":true,"href":"https:\/\/www.claret.cat\/es\/wp-json\/wp\/v2\/product_tag?post=946827"}],"curies":[{"name":"wp","href":"https:\/\/api.w.org\/{rel}","templated":true}]}}