{"id":946834,"date":"2024-01-10T10:43:59","date_gmt":"2024-01-10T09:43:59","guid":{"rendered":"https:\/\/www.claret.cat\/llibre\/la-possibilitat-de-dirne-casa-9788419107985\/"},"modified":"2024-04-17T17:50:57","modified_gmt":"2024-04-17T15:50:57","slug":"la-possibilitat-de-dirne-casa-9788419107985","status":"publish","type":"product","link":"https:\/\/www.claret.cat\/es\/libro\/la-possibilitat-de-dirne-casa-9788419107985\/","title":{"rendered":"LA POSSIBILITAT DE DIR-NE CASA"},"content":{"rendered":"<p>La novel\u00b7la m\u00e9s esperada.<br \/> Una corresponsal a l&#8217;estranger decideix tornar, despr\u00e9s de molts anys fora, per repensar el seu itinerari vital.Una corresponsal torna a Barcelona despr\u00e9s de gaireb\u00e9 vint anys a l&#8217;estranger. Vol agafar dist\u00e0ncia d&#8217;una regi\u00f3 del m\u00f3n que l&#8217;apassiona i la desgasta, d&#8217;una professi\u00f3 que voldria exercir d&#8217;una altra manera, i tamb\u00e9 d&#8217;una amistat amb una dona m\u00e9s jove que la porta a q\u00fcestionar-se els fonaments de la seva intimitat. Un cop tornada al poble on va cr\u00e9ixer, retroba la fam\u00edlia, els amics i l&#8217;home que havia estimat. L&#8217;espai familiar es converteix en una font de petites revelacions que l&#8217;ajudaran a tra\u00e7ar el seu itinerari vital i a recon\u00e8ixer la seva necessitat de pert\u00e0nyer a un lloc i a unes persones. Marta Orriols ofereix una hist\u00f2ria que \u00e9s quotidiana i alhora excepcional, i ho fa amb una veu que connecta sempre amb la intimitat del lector.<br \/> \u00abCommovedora, subtil, delicada, honesta: aix\u00ed \u00e9s l&#8217;escriptura de Marta Orriols\u00bb. Laura Ferrero<br \/> \u00abLa Marta Orriols torna a encarar-nos amb la vida, i quina sort que ho faci\u00bb. Marta Vives<br \/> \u00abLa novel\u00b7la m\u00e9s rodona de Marta Orriols\u00bb. Jordi Nopca<br \/> \u00abLa Marta Orriols ens regala una novel\u00b7la sobre les emocions del retorn, quan tot s&#8217;ha mogut i ja no som la mateixa persona\u00bb. Txell Feixas<br \/> \u00abUna novel\u00b7la sobre el pes de les decisions que prenem i sobre el dif\u00edcil equilibri entre la llibertat i la pertinen\u00e7a\u00bb. Carlota Rubio<br \/> \u00abOrriols reflexiona sobre com s&#8217;est\u00e0 transformant la idea de l&#8217;amor\u00bb. Anna Carreras<\/p>\n","protected":false},"excerpt":{"rendered":"<p>ORRIOLS, MARTA<\/p>\n","protected":false},"featured_media":946835,"template":"","meta":{"_acf_changed":false,"om_disable_all_campaigns":false,"rs_blank_template":"","rs_page_bg_color":"","slide_template_v7":"","inline_featured_image":false,"_monsterinsights_skip_tracking":false,"_monsterinsights_sitenote_active":false,"_monsterinsights_sitenote_note":"","_monsterinsights_sitenote_category":0},"product_brand":[],"product_cat":[127,357],"product_tag":[],"class_list":{"0":"post-946834","1":"product","2":"type-product","3":"status-publish","4":"has-post-thumbnail","6":"product_cat-novella-contemporania","7":"product_cat-novela-contemporanea","9":"first","10":"instock","11":"taxable","12":"shipping-taxable","13":"purchasable","14":"product-type-simple"},"acf":{"autor":"ORRIOLS, MARTA","codart":"841910798","libros-coleccion":"LABUTXACA","ediciones":"1","encuadernacion":"R\u00fastica","fecha_de_publicacion":"01\/01\/2024","novedad":"1","paginas":"297","subtitulo":"","orden":"0","portada":"0","idioma":"cat","editorial":[{"ID":6281,"post_author":"3","post_date":"2022-07-28 17:48:50","post_date_gmt":"2022-07-28 15:48:50","post_content":"","post_title":"LABUTXACA","post_excerpt":"","post_status":"publish","comment_status":"closed","ping_status":"closed","post_password":"","post_name":"labutxaca","to_ping":"","pinged":"","post_modified":"2022-07-28 17:48:50","post_modified_gmt":"2022-07-28 15:48:50","post_content_filtered":"","post_parent":0,"guid":"http:\/\/dev.claret.cat\/editorial\/labutxaca\/","menu_order":0,"post_type":"editorial","post_mime_type":"","comment_count":"0","filter":"raw"}],"autores-libros":[{"ID":164189,"post_author":"3","post_date":"2022-10-14 17:45:05","post_date_gmt":"2022-10-14 15:45:05","post_content":"","post_title":"MARTA ORRIOLS","post_excerpt":"","post_status":"publish","comment_status":"closed","ping_status":"closed","post_password":"","post_name":"marta-orriols","to_ping":"","pinged":"","post_modified":"2022-10-14 17:45:05","post_modified_gmt":"2022-10-14 15:45:05","post_content_filtered":"","post_parent":0,"guid":"http:\/\/dev.claret.cat\/autor\/marta-orriols\/","menu_order":0,"post_type":"autor","post_mime_type":"","comment_count":"0","filter":"raw"}]},"aioseo_notices":[],"_links":{"self":[{"href":"https:\/\/www.claret.cat\/es\/wp-json\/wp\/v2\/product\/946834","targetHints":{"allow":["GET"]}}],"collection":[{"href":"https:\/\/www.claret.cat\/es\/wp-json\/wp\/v2\/product"}],"about":[{"href":"https:\/\/www.claret.cat\/es\/wp-json\/wp\/v2\/types\/product"}],"wp:featuredmedia":[{"embeddable":true,"href":"https:\/\/www.claret.cat\/es\/wp-json\/wp\/v2\/media\/946835"}],"wp:attachment":[{"href":"https:\/\/www.claret.cat\/es\/wp-json\/wp\/v2\/media?parent=946834"}],"wp:term":[{"taxonomy":"product_brand","embeddable":true,"href":"https:\/\/www.claret.cat\/es\/wp-json\/wp\/v2\/product_brand?post=946834"},{"taxonomy":"product_cat","embeddable":true,"href":"https:\/\/www.claret.cat\/es\/wp-json\/wp\/v2\/product_cat?post=946834"},{"taxonomy":"product_tag","embeddable":true,"href":"https:\/\/www.claret.cat\/es\/wp-json\/wp\/v2\/product_tag?post=946834"}],"curies":[{"name":"wp","href":"https:\/\/api.w.org\/{rel}","templated":true}]}}