{"id":946837,"date":"2024-01-10T10:44:21","date_gmt":"2024-01-10T09:44:21","guid":{"rendered":"https:\/\/www.claret.cat\/llibre\/esperant-el-diluvi-9788419107961\/"},"modified":"2024-04-23T10:25:21","modified_gmt":"2024-04-23T08:25:21","slug":"esperant-el-diluvi-9788419107961","status":"publish","type":"product","link":"https:\/\/www.claret.cat\/es\/libro\/esperant-el-diluvi-9788419107961\/","title":{"rendered":"ESPERANT EL DILUVI"},"content":{"rendered":"<p>Un assass\u00ed en s\u00e8rie salvatge. Una recerca fins a l&#8217;\u00faltim al\u00e8. Una ciutat amena\u00e7ada per un diluvi.Entre 1968 i 1969, l&#8217;assass\u00ed a qui la premsa batejaria com a John B\u00edblia va matar tres dones a Glasgow. Mai no se&#8217;l va identificar i el cas encara continua obert. A la novel\u00b7la, a principis dels vuitanta l&#8217;investigador de policia Noah Scott Sherrington aconsegueix arribar fins a John B\u00edblia, per\u00f2 un problema de cor a l&#8217;\u00faltim moment li impedeix detenir-lo. Tot i el seu estat de salut fr\u00e0gil, i contra els consells m\u00e8dics i la negativa dels seus superiors perqu\u00e8 continu\u00ef la persecuci\u00f3, en Noah segueix una intu\u00efci\u00f3 que el dur\u00e0 fins al Bilbao del 1983, just uns quants dies abans que un diluvi arrasi la ciutat.<br \/> Amb aquesta novel\u00b7la basada en fets reals Dolores Redondo ens condueix fins a l&#8217;epicentre d&#8217;una de les tempestes m\u00e9s grans del segle passat, alhora que retrata una \u00e8poca en plena ebullici\u00f3 pol\u00edtica i social. \u00c9s un homenatge a la cultura del treball, ple de nost\u00e0lgia per un temps en qu\u00e8 la r\u00e0dio era una de les poques finestres al m\u00f3n i, sobretot, a la m\u00fasica. I \u00e9s tamb\u00e9 un cant a la camaraderia de les quadrilles i a les hist\u00f2ries d&#8217;amor que neixen d&#8217;un pressentiment.<br \/> Una obra enlluernadora amb uns personatges que ens porten de la crueltat m\u00e9s espantosa a l&#8217;esperan\u00e7a en l&#8217;\u00e9sser hum\u00e0.<br \/> \u00abDolores Redondo, la reina del thriller literari\u00bb. Carlos Ruiz Zaf\u00f3n<\/p>\n","protected":false},"excerpt":{"rendered":"<p>REDONDO, DOLORES<\/p>\n","protected":false},"featured_media":946838,"template":"","meta":{"_acf_changed":false,"om_disable_all_campaigns":false,"rs_blank_template":"","rs_page_bg_color":"","slide_template_v7":"","inline_featured_image":false,"_monsterinsights_skip_tracking":false,"_monsterinsights_sitenote_active":false,"_monsterinsights_sitenote_note":"","_monsterinsights_sitenote_category":0},"product_brand":[],"product_cat":[127,357],"product_tag":[],"class_list":{"0":"post-946837","1":"product","2":"type-product","3":"status-publish","4":"has-post-thumbnail","6":"product_cat-novella-contemporania","7":"product_cat-novela-contemporanea","9":"first","10":"instock","11":"taxable","12":"shipping-taxable","13":"purchasable","14":"product-type-simple"},"acf":{"autor":"REDONDO, DOLORES","codart":"841910796","libros-coleccion":"LABUTXACA","ediciones":"1","encuadernacion":"R\u00fastica","fecha_de_publicacion":"01\/01\/2024","novedad":"1","paginas":"573","subtitulo":"","orden":"0","portada":"0","idioma":"cat","editorial":[{"ID":6281,"post_author":"3","post_date":"2022-07-28 17:48:50","post_date_gmt":"2022-07-28 15:48:50","post_content":"","post_title":"LABUTXACA","post_excerpt":"","post_status":"publish","comment_status":"closed","ping_status":"closed","post_password":"","post_name":"labutxaca","to_ping":"","pinged":"","post_modified":"2022-07-28 17:48:50","post_modified_gmt":"2022-07-28 15:48:50","post_content_filtered":"","post_parent":0,"guid":"http:\/\/dev.claret.cat\/editorial\/labutxaca\/","menu_order":0,"post_type":"editorial","post_mime_type":"","comment_count":"0","filter":"raw"}],"autores-libros":[{"ID":154233,"post_author":"3","post_date":"2022-10-14 15:03:10","post_date_gmt":"2022-10-14 13:03:10","post_content":"","post_title":"DOLORES REDONDO","post_excerpt":"","post_status":"publish","comment_status":"closed","ping_status":"closed","post_password":"","post_name":"dolores-redondo-2","to_ping":"","pinged":"","post_modified":"2022-10-14 15:03:10","post_modified_gmt":"2022-10-14 13:03:10","post_content_filtered":"","post_parent":0,"guid":"http:\/\/dev.claret.cat\/autor\/dolores-redondo-2\/","menu_order":0,"post_type":"autor","post_mime_type":"","comment_count":"0","filter":"raw"}]},"aioseo_notices":[],"_links":{"self":[{"href":"https:\/\/www.claret.cat\/es\/wp-json\/wp\/v2\/product\/946837","targetHints":{"allow":["GET"]}}],"collection":[{"href":"https:\/\/www.claret.cat\/es\/wp-json\/wp\/v2\/product"}],"about":[{"href":"https:\/\/www.claret.cat\/es\/wp-json\/wp\/v2\/types\/product"}],"wp:featuredmedia":[{"embeddable":true,"href":"https:\/\/www.claret.cat\/es\/wp-json\/wp\/v2\/media\/946838"}],"wp:attachment":[{"href":"https:\/\/www.claret.cat\/es\/wp-json\/wp\/v2\/media?parent=946837"}],"wp:term":[{"taxonomy":"product_brand","embeddable":true,"href":"https:\/\/www.claret.cat\/es\/wp-json\/wp\/v2\/product_brand?post=946837"},{"taxonomy":"product_cat","embeddable":true,"href":"https:\/\/www.claret.cat\/es\/wp-json\/wp\/v2\/product_cat?post=946837"},{"taxonomy":"product_tag","embeddable":true,"href":"https:\/\/www.claret.cat\/es\/wp-json\/wp\/v2\/product_tag?post=946837"}],"curies":[{"name":"wp","href":"https:\/\/api.w.org\/{rel}","templated":true}]}}