{"id":946846,"date":"2024-01-10T10:45:02","date_gmt":"2024-01-10T09:45:02","guid":{"rendered":"https:\/\/www.claret.cat\/llibre\/a-dormir-animals-de-companyia-9788413895390\/"},"modified":"2025-10-20T21:42:08","modified_gmt":"2025-10-20T19:42:08","slug":"a-dormir-animals-de-companyia-9788413895390","status":"publish","type":"product","link":"https:\/\/www.claret.cat\/es\/libro\/a-dormir-animals-de-companyia-9788413895390\/","title":{"rendered":"A DORMIR! ANIMALS DE COMPANYIA"},"content":{"rendered":"<p>Un llibre perfecte per al ritual d&#8221;anar al llit.Comparteix amb el nad\u00f3 un moment ple de tendresa abans d&#8221;anar a dormir.<br \/> Digues bona nit i ajuda a tancar els ulls de les cobaies, les tortugues, els gatets i els gossets. Gr\u00e0cies a un senzill mecanisme, el mateix nad\u00f3 podr\u00e0 tancar els ulls dels animals que li fan companyia, preparant-se per tancar els seus al final.<br \/> Amb il\u00b7lustracions tendres que fascinaran les criatures i les convidaran a tenir dol\u00e7os somnis.<br \/> Un llibre perfecte per al ritual d&#8221;anar al llit.<br \/> Recomanat a partir de 6 mesos.<br \/> Il\u00b7lustrat per Charlotte Roederer.<br \/> T\u00edtols de la col\u00b7lecci\u00f3 A dormir!:<\/p>\n<p> A dormir! El bosc<br \/> A dormir! El jard\u00ed<br \/> A dormir! La granja<br \/> A dormir! Animals de companyia<\/p>\n","protected":false},"excerpt":{"rendered":"<p>ROEDERER, CHARLOTTE<\/p>\n","protected":false},"featured_media":946847,"template":"","meta":{"_acf_changed":false,"om_disable_all_campaigns":false,"rs_blank_template":"","rs_page_bg_color":"","slide_template_v7":"","inline_featured_image":false,"_monsterinsights_skip_tracking":false,"_monsterinsights_sitenote_active":false,"_monsterinsights_sitenote_note":"","_monsterinsights_sitenote_category":0},"product_brand":[],"product_cat":[131,361],"product_tag":[],"class_list":{"0":"post-946846","1":"product","2":"type-product","3":"status-publish","4":"has-post-thumbnail","6":"product_cat-contes-per-infants-0-6-anys","7":"product_cat-cuentos-para-ninos-0-6-anos","9":"first","10":"instock","11":"taxable","12":"shipping-taxable","13":"purchasable","14":"product-type-simple"},"acf":{"autor":"ROEDERER, CHARLOTTE","codart":"841389539","libros-coleccion":"FORA DE COL.LECCI\u00d3","ediciones":"1","encuadernacion":"Carpeta","fecha_de_publicacion":"01\/01\/2024","novedad":"1","paginas":"12","subtitulo":"","orden":"0","portada":"0","idioma":"cat","editorial":[{"ID":6249,"post_author":"3","post_date":"2022-07-28 17:48:09","post_date_gmt":"2022-07-28 15:48:09","post_content":"","post_title":"Estrella Polar","post_excerpt":"","post_status":"publish","comment_status":"closed","ping_status":"closed","post_password":"","post_name":"estrella-polar","to_ping":"","pinged":"","post_modified":"2022-07-28 17:48:09","post_modified_gmt":"2022-07-28 15:48:09","post_content_filtered":"","post_parent":0,"guid":"http:\/\/dev.claret.cat\/editorial\/estrella-polar\/","menu_order":0,"post_type":"editorial","post_mime_type":"","comment_count":"0","filter":"raw"}],"autores-libros":[{"ID":152804,"post_author":"3","post_date":"2022-10-14 14:51:43","post_date_gmt":"2022-10-14 12:51:43","post_content":"","post_title":"CHARLOTTE ROEDERER","post_excerpt":"","post_status":"publish","comment_status":"closed","ping_status":"closed","post_password":"","post_name":"charlotte-roederer","to_ping":"","pinged":"","post_modified":"2022-10-14 14:51:43","post_modified_gmt":"2022-10-14 12:51:43","post_content_filtered":"","post_parent":0,"guid":"http:\/\/dev.claret.cat\/autor\/charlotte-roederer\/","menu_order":0,"post_type":"autor","post_mime_type":"","comment_count":"0","filter":"raw"}],"booktrailer":"","resenas":""},"aioseo_notices":[],"_links":{"self":[{"href":"https:\/\/www.claret.cat\/es\/wp-json\/wp\/v2\/product\/946846","targetHints":{"allow":["GET"]}}],"collection":[{"href":"https:\/\/www.claret.cat\/es\/wp-json\/wp\/v2\/product"}],"about":[{"href":"https:\/\/www.claret.cat\/es\/wp-json\/wp\/v2\/types\/product"}],"wp:featuredmedia":[{"embeddable":true,"href":"https:\/\/www.claret.cat\/es\/wp-json\/wp\/v2\/media\/946847"}],"wp:attachment":[{"href":"https:\/\/www.claret.cat\/es\/wp-json\/wp\/v2\/media?parent=946846"}],"wp:term":[{"taxonomy":"product_brand","embeddable":true,"href":"https:\/\/www.claret.cat\/es\/wp-json\/wp\/v2\/product_brand?post=946846"},{"taxonomy":"product_cat","embeddable":true,"href":"https:\/\/www.claret.cat\/es\/wp-json\/wp\/v2\/product_cat?post=946846"},{"taxonomy":"product_tag","embeddable":true,"href":"https:\/\/www.claret.cat\/es\/wp-json\/wp\/v2\/product_tag?post=946846"}],"curies":[{"name":"wp","href":"https:\/\/api.w.org\/{rel}","templated":true}]}}