{"id":946979,"date":"2024-01-11T12:50:06","date_gmt":"2024-01-11T11:50:06","guid":{"rendered":"https:\/\/www.claret.cat\/llibre\/sobre-el-duelo-y-el-dolor-9788419164865\/"},"modified":"2024-01-26T09:15:42","modified_gmt":"2024-01-26T08:15:42","slug":"sobre-el-duelo-y-el-dolor-9788419164865","status":"publish","type":"product","link":"https:\/\/www.claret.cat\/es\/libro\/sobre-el-duelo-y-el-dolor-9788419164865\/","title":{"rendered":"SOBRE EL DUELO Y EL DOLOR"},"content":{"rendered":"<p>Legado final de Elisabeth K\u00fcbler-Ross, conocida autora de La muerte: un amanecer.Esta obra es el legado final de Elisabeth Ku\u00a8bler- Ross, la autoridad m\u00e1s respetada dentro del campo de la muerte y el proceso de morir. Poco antes de fallecer, Elisabeth Ku\u00a8bler-Ross completaba, con la ayuda de David Kessler, su \u00faltimo libro.<br \/> Sobre el duelo y el dolor aplica las cinco fases del dolor \u2014negaci\u00f3n, ira, negociaci\u00f3n, depresi\u00f3n y aceptaci\u00f3n\u2014 al proceso del duelo y mezcla teor\u00eda, inspiraci\u00f3n y consejos pr\u00e1cticos, todo basado en las experiencias personales y profesionales de Ku\u00a8bler-Ross y David Kessler.<\/p>\n","protected":false},"excerpt":{"rendered":"<p>K\u00dcBLER-ROSS, ELISABETH \/ KESSLER, DAVID<\/p>\n","protected":false},"featured_media":949160,"template":"","meta":{"_acf_changed":false,"om_disable_all_campaigns":false,"rs_blank_template":"","rs_page_bg_color":"","slide_template_v7":"","inline_featured_image":false,"_monsterinsights_skip_tracking":false,"_monsterinsights_sitenote_active":false,"_monsterinsights_sitenote_note":"","_monsterinsights_sitenote_category":0},"product_brand":[],"product_cat":[118,567],"product_tag":[],"class_list":{"0":"post-946979","1":"product","2":"type-product","3":"status-publish","4":"has-post-thumbnail","6":"product_cat-mort-i-dol","7":"product_cat-muerte-y-duelo","9":"first","10":"instock","11":"taxable","12":"shipping-taxable","13":"purchasable","14":"product-type-simple"},"acf":{"autor":"K\u00dcBLER-ROSS, ELISABETH \/ KESSLER, DAVID","codart":"841916486","libros-coleccion":"Biblioteca Elisabeth K\u00fcbler-Ross","ediciones":"1","encuadernacion":"R\u00fastica","fecha_de_publicacion":"01\/11\/2023","novedad":"0","paginas":"240","subtitulo":"","orden":"0","portada":"0","idioma":"spa","editorial":[{"ID":148473,"post_author":"3","post_date":"2022-10-14 11:58:31","post_date_gmt":"2022-10-14 09:58:31","post_content":"","post_title":"Luci\u00e9rnaga CAS","post_excerpt":"","post_status":"publish","comment_status":"closed","ping_status":"closed","post_password":"","post_name":"luciernaga-cas","to_ping":"","pinged":"","post_modified":"2022-10-14 11:58:31","post_modified_gmt":"2022-10-14 09:58:31","post_content_filtered":"","post_parent":0,"guid":"http:\/\/dev.claret.cat\/editorial\/luciernaga-cas\/","menu_order":0,"post_type":"editorial","post_mime_type":"","comment_count":"0","filter":"raw"}],"autores-libros":[{"ID":421736,"post_author":"3","post_date":"2023-05-16 07:04:30","post_date_gmt":"2023-05-16 05:04:30","post_content":"","post_title":"DAVID KESSLER","post_excerpt":"","post_status":"publish","comment_status":"closed","ping_status":"closed","post_password":"","post_name":"david-kessler","to_ping":"","pinged":"","post_modified":"2023-05-16 07:04:30","post_modified_gmt":"2023-05-16 05:04:30","post_content_filtered":"","post_parent":0,"guid":"https:\/\/www.claret.cat\/autor\/david-kessler\/","menu_order":0,"post_type":"autor","post_mime_type":"","comment_count":"0","filter":"raw"},{"ID":154820,"post_author":"3","post_date":"2022-10-14 15:07:54","post_date_gmt":"2022-10-14 13:07:54","post_content":"","post_title":"ELISABETH KUBLER-ROSS","post_excerpt":"","post_status":"publish","comment_status":"closed","ping_status":"closed","post_password":"","post_name":"elisabeth-kubler-ross","to_ping":"","pinged":"","post_modified":"2022-10-14 15:07:54","post_modified_gmt":"2022-10-14 13:07:54","post_content_filtered":"","post_parent":0,"guid":"http:\/\/dev.claret.cat\/autor\/elisabeth-kubler-ross\/","menu_order":0,"post_type":"autor","post_mime_type":"","comment_count":"0","filter":"raw"}]},"aioseo_notices":[],"_links":{"self":[{"href":"https:\/\/www.claret.cat\/es\/wp-json\/wp\/v2\/product\/946979","targetHints":{"allow":["GET"]}}],"collection":[{"href":"https:\/\/www.claret.cat\/es\/wp-json\/wp\/v2\/product"}],"about":[{"href":"https:\/\/www.claret.cat\/es\/wp-json\/wp\/v2\/types\/product"}],"wp:featuredmedia":[{"embeddable":true,"href":"https:\/\/www.claret.cat\/es\/wp-json\/wp\/v2\/media\/949160"}],"wp:attachment":[{"href":"https:\/\/www.claret.cat\/es\/wp-json\/wp\/v2\/media?parent=946979"}],"wp:term":[{"taxonomy":"product_brand","embeddable":true,"href":"https:\/\/www.claret.cat\/es\/wp-json\/wp\/v2\/product_brand?post=946979"},{"taxonomy":"product_cat","embeddable":true,"href":"https:\/\/www.claret.cat\/es\/wp-json\/wp\/v2\/product_cat?post=946979"},{"taxonomy":"product_tag","embeddable":true,"href":"https:\/\/www.claret.cat\/es\/wp-json\/wp\/v2\/product_tag?post=946979"}],"curies":[{"name":"wp","href":"https:\/\/api.w.org\/{rel}","templated":true}]}}