{"id":94706,"date":"2022-10-12T06:34:36","date_gmt":"2022-10-12T04:34:36","guid":{"rendered":"http:\/\/dev.claret.cat\/producte\/raya-y-el-ultimo-dragon-mis-lecturas-disney\/"},"modified":"2023-01-28T22:48:31","modified_gmt":"2023-01-28T21:48:31","slug":"raya-y-el-ultimo-dragon-mis-lecturas-disney-9788417630928","status":"publish","type":"product","link":"https:\/\/www.claret.cat\/es\/libro\/raya-y-el-ultimo-dragon-mis-lecturas-disney-9788417630928\/","title":{"rendered":"RAYA Y EL \u00daLTIMO DRAG\u00d3N (MIS LECTURAS DISNEY)"},"content":{"rendered":"<p>El libro de la pel\u00edcula Raya y el \u00faltimo drag\u00f3n para lectores m\u00e1s peque\u00f1os. La nueva pel\u00edcula de Disney es una \u00e9pica historia de fantas\u00eda y aventuras. La joven Raya es una guerrera solitaria con una misi\u00f3n. Acompa\u00f1ada por  un inusual grupo de amigos, llevar\u00e1 a cabo un peligroso recorrido para restablecer el orden en el m\u00edtico reino de Kumandra. Lee esta historia con la ayuda de los pictogramas y \u00a1divi\u00e9rtete con sus juegos y actividades educativas!<\/p>\n","protected":false},"excerpt":{"rendered":"<p>DISNEY,<\/p>\n","protected":false},"featured_media":94707,"template":"","meta":{"_acf_changed":false,"om_disable_all_campaigns":false,"rs_blank_template":"","rs_page_bg_color":"","slide_template_v7":"","inline_featured_image":false,"_monsterinsights_skip_tracking":false,"_monsterinsights_sitenote_active":false,"_monsterinsights_sitenote_note":"","_monsterinsights_sitenote_category":0},"product_brand":[],"product_cat":[131],"product_tag":[],"class_list":{"0":"post-94706","1":"product","2":"type-product","3":"status-publish","4":"has-post-thumbnail","6":"product_cat-contes-per-infants-0-6-anys","8":"first","9":"instock","10":"taxable","11":"shipping-taxable","12":"purchasable","13":"product-type-simple"},"acf":{"editorial":[{"ID":6162,"post_author":"3","post_date":"2022-07-28 17:46:13","post_date_gmt":"2022-07-28 15:46:13","post_content":"","post_title":"CLIPER PLUS","post_excerpt":"","post_status":"publish","comment_status":"closed","ping_status":"closed","post_password":"","post_name":"cliper-plus","to_ping":"","pinged":"","post_modified":"2022-07-28 17:46:13","post_modified_gmt":"2022-07-28 15:46:13","post_content_filtered":"","post_parent":0,"guid":"http:\/\/dev.claret.cat\/editorial\/cliper-plus\/","menu_order":0,"post_type":"editorial","post_mime_type":"","comment_count":"0","filter":"raw"}],"autores-libros":[{"ID":5400,"post_author":"3","post_date":"2022-07-28 17:23:10","post_date_gmt":"2022-07-28 15:23:10","post_content":"","post_title":"DISNEY","post_excerpt":"","post_status":"publish","comment_status":"closed","ping_status":"closed","post_password":"","post_name":"disney","to_ping":"","pinged":"","post_modified":"2022-07-28 17:23:10","post_modified_gmt":"2022-07-28 15:23:10","post_content_filtered":"","post_parent":0,"guid":"http:\/\/dev.claret.cat\/autor\/disney\/","menu_order":0,"post_type":"autor","post_mime_type":"","comment_count":"0","filter":"raw"}],"autor":"DISNEY,","codart":"841763092","libros-coleccion":"Mis lecturas Disney","ediciones":"1","encuadernacion":"Carton\u00e9","fecha_de_publicacion":"01\/03\/2021","novedad":"1","paginas":"39","subtitulo":"CON PICTOGRAMAS Y ACTIVIDADES EDUCATIVAS","orden":"0","portada":"0","idioma":"spa"},"aioseo_notices":[],"_links":{"self":[{"href":"https:\/\/www.claret.cat\/es\/wp-json\/wp\/v2\/product\/94706","targetHints":{"allow":["GET"]}}],"collection":[{"href":"https:\/\/www.claret.cat\/es\/wp-json\/wp\/v2\/product"}],"about":[{"href":"https:\/\/www.claret.cat\/es\/wp-json\/wp\/v2\/types\/product"}],"wp:featuredmedia":[{"embeddable":true,"href":"https:\/\/www.claret.cat\/es\/wp-json\/wp\/v2\/media\/94707"}],"wp:attachment":[{"href":"https:\/\/www.claret.cat\/es\/wp-json\/wp\/v2\/media?parent=94706"}],"wp:term":[{"taxonomy":"product_brand","embeddable":true,"href":"https:\/\/www.claret.cat\/es\/wp-json\/wp\/v2\/product_brand?post=94706"},{"taxonomy":"product_cat","embeddable":true,"href":"https:\/\/www.claret.cat\/es\/wp-json\/wp\/v2\/product_cat?post=94706"},{"taxonomy":"product_tag","embeddable":true,"href":"https:\/\/www.claret.cat\/es\/wp-json\/wp\/v2\/product_tag?post=94706"}],"curies":[{"name":"wp","href":"https:\/\/api.w.org\/{rel}","templated":true}]}}