{"id":947152,"date":"2024-01-12T11:01:11","date_gmt":"2024-01-12T10:01:11","guid":{"rendered":"https:\/\/www.claret.cat\/llibre\/magnificat-especial-cuaresma-2024-9788418607394\/"},"modified":"2024-01-12T11:15:50","modified_gmt":"2024-01-12T10:15:50","slug":"magnificat-especial-cuaresma-2024-9788418607394","status":"publish","type":"product","link":"https:\/\/www.claret.cat\/es\/libro\/magnificat-especial-cuaresma-2024-9788418607394\/","title":{"rendered":"MAGNIFICAT ESPECIAL CUARESMA 2024"},"content":{"rendered":"<p>\u00bfEstas buscando en esta Cuaresma un camino de vuelta a la Iglesia o un impulso m\u00e1s vivo en tu fe?<\/p>\n<p>Magn\u00edficat Especial Cuaresma 2024 es la ayuda perfecta.<\/p>\n<p>El tiempo de cuaresma apela a nuestras luchas y tristezas diarias, mostrando c\u00f3mo la respuesta a todos los problemas de la vida se encuentra en el misterio de Jesucristo. Este pr\u00e1ctico librito ofrece una serie de reflexiones para guiarte a lo largo de cada d\u00eda de la Cuaresma hacia el coraz\u00f3n de su misterio.<\/p>\n<p>Dedicando unos momentos a meditar las inspiradoras reflexiones diarias y las breves oraciones que se ofrecen, descubrir\u00e1s todo lo que es verdadero, bueno y bello de la fe cat\u00f3lica. Deja que las profundas y pr\u00e1cticas ideas que encontrar\u00e1s en ese peque\u00f1o tesoro espiritual formen y centren tu vida espiritual, llen\u00e1ndola de una convicci\u00f3n y un sentido renovados.<\/p>\n","protected":false},"excerpt":{"rendered":"<p>MAGNIFICAT<\/p>\n","protected":false},"featured_media":947153,"template":"","meta":{"_acf_changed":false,"om_disable_all_campaigns":false,"rs_blank_template":"","rs_page_bg_color":"","slide_template_v7":"","inline_featured_image":false,"_monsterinsights_skip_tracking":false,"_monsterinsights_sitenote_active":false,"_monsterinsights_sitenote_note":"","_monsterinsights_sitenote_category":0},"product_brand":[],"product_cat":[90,540],"product_tag":[],"class_list":{"0":"post-947152","1":"product","2":"type-product","3":"status-publish","4":"has-post-thumbnail","6":"product_cat-altres","7":"product_cat-otros","9":"first","10":"instock","11":"taxable","12":"shipping-taxable","13":"purchasable","14":"product-type-simple"},"acf":{"autor":"MAGNIFICAT","codart":"841860739","libros-coleccion":"","ediciones":"1","encuadernacion":"R\u00fastica","fecha_de_publicacion":"01\/10\/2023","novedad":"1","paginas":"96","subtitulo":"","orden":"0","portada":"0","idioma":"spa","editorial":[{"ID":6299,"post_author":"3","post_date":"2022-07-28 17:49:12","post_date_gmt":"2022-07-28 15:49:12","post_content":"","post_title":"MAGNIFICAT","post_excerpt":"","post_status":"publish","comment_status":"closed","ping_status":"closed","post_password":"","post_name":"magnificat","to_ping":"","pinged":"","post_modified":"2022-07-28 17:49:12","post_modified_gmt":"2022-07-28 15:49:12","post_content_filtered":"","post_parent":0,"guid":"http:\/\/dev.claret.cat\/editorial\/magnificat\/","menu_order":0,"post_type":"editorial","post_mime_type":"","comment_count":"0","filter":"raw"}],"autores-libros":[{"ID":5769,"post_author":"3","post_date":"2022-07-28 17:31:05","post_date_gmt":"2022-07-28 15:31:05","post_content":"","post_title":"MAGNIFICAT","post_excerpt":"","post_status":"publish","comment_status":"closed","ping_status":"closed","post_password":"","post_name":"magnificat","to_ping":"","pinged":"","post_modified":"2022-07-28 17:31:05","post_modified_gmt":"2022-07-28 15:31:05","post_content_filtered":"","post_parent":0,"guid":"http:\/\/dev.claret.cat\/autor\/magnificat\/","menu_order":0,"post_type":"autor","post_mime_type":"","comment_count":"0","filter":"raw"}]},"aioseo_notices":[],"_links":{"self":[{"href":"https:\/\/www.claret.cat\/es\/wp-json\/wp\/v2\/product\/947152","targetHints":{"allow":["GET"]}}],"collection":[{"href":"https:\/\/www.claret.cat\/es\/wp-json\/wp\/v2\/product"}],"about":[{"href":"https:\/\/www.claret.cat\/es\/wp-json\/wp\/v2\/types\/product"}],"wp:featuredmedia":[{"embeddable":true,"href":"https:\/\/www.claret.cat\/es\/wp-json\/wp\/v2\/media\/947153"}],"wp:attachment":[{"href":"https:\/\/www.claret.cat\/es\/wp-json\/wp\/v2\/media?parent=947152"}],"wp:term":[{"taxonomy":"product_brand","embeddable":true,"href":"https:\/\/www.claret.cat\/es\/wp-json\/wp\/v2\/product_brand?post=947152"},{"taxonomy":"product_cat","embeddable":true,"href":"https:\/\/www.claret.cat\/es\/wp-json\/wp\/v2\/product_cat?post=947152"},{"taxonomy":"product_tag","embeddable":true,"href":"https:\/\/www.claret.cat\/es\/wp-json\/wp\/v2\/product_tag?post=947152"}],"curies":[{"name":"wp","href":"https:\/\/api.w.org\/{rel}","templated":true}]}}