{"id":947159,"date":"2024-01-12T11:10:15","date_gmt":"2024-01-12T10:10:15","guid":{"rendered":"https:\/\/www.claret.cat\/llibre\/a-solas-con-el-senor-9788419431288\/"},"modified":"2025-03-20T19:55:10","modified_gmt":"2025-03-20T18:55:10","slug":"a-solas-con-el-senor-9788419431288","status":"publish","type":"product","link":"https:\/\/www.claret.cat\/es\/libro\/a-solas-con-el-senor-9788419431288\/","title":{"rendered":"A SOLAS CON EL SE\u00d1OR"},"content":{"rendered":"<p>Yo insin\u00fao \u00fanicamente una trayectoria. El ideal ser\u00eda atraer a todos a la ocupaci\u00f3n m\u00e1s simple entre disc\u00edpulos de Cristo: a estarse como Mar\u00eda a los pies del Maestro, sin hacer m\u00e1s que o\u00edr sus palabras. Tratemos al menos de llevarlas adonde le puedan sentir. A solas con el Se\u00f1or. A un silencio, incompatible con el ruido del mundo. Hacer silencio en el mundo, ser\u00eda hermosa consigna para los amigos de Betania. Mejor consigna a\u00fan, hacer silencio en el alma, dentro de s\u00ed.<\/p>\n<p>S\u00f3lo hay un Maestro que dijo y se hizo. Uno solo cuya Palabra fue eficaz y creadora. M\u00e1s, santificadora. Las mismas cosas qu\u00e9 hab\u00eda hecho, en cuanto Sabidur\u00eda personal del Padre, durante el silencio de los siglos, eran dignas de Dios. Es la labor misteriosa del Verbo interno del Padre planeando los caminos de la creaci\u00f3n y del amor.<\/p>\n<p>Y no nos cansemos nunca de hacer silencio al Verbo escondido del Padre, cre\u00e1ndole, mediante una vida totalmente ajena a carne y a sentidos, una atm\u00f3sfera delicada y silenciosa en que contin\u00fae gustoso el di\u00e1logo admirable y \u00fanico que sostiene con el Padre y con los suyos.<\/p>\n","protected":false},"excerpt":{"rendered":"<p>ORBE, PADRE ANTONIO<\/p>\n","protected":false},"featured_media":947167,"template":"","meta":{"_acf_changed":false,"om_disable_all_campaigns":false,"rs_blank_template":"","rs_page_bg_color":"","slide_template_v7":"","inline_featured_image":false,"_monsterinsights_skip_tracking":false,"_monsterinsights_sitenote_active":false,"_monsterinsights_sitenote_note":"","_monsterinsights_sitenote_category":0},"product_brand":[],"product_cat":[245,495],"product_tag":[],"class_list":{"0":"post-947159","1":"product","2":"type-product","3":"status-publish","4":"has-post-thumbnail","6":"product_cat-diversa","7":"product_cat-diversa-espiritualidad-1_espiritualidad","9":"first","10":"instock","11":"taxable","12":"shipping-taxable","13":"purchasable","14":"product-type-simple"},"acf":{"autor":"ORBE, PADRE ANTONIO","codart":"841943128","libros-coleccion":"Didaskalos","ediciones":"1","encuadernacion":"R\u00fastica","fecha_de_publicacion":"01\/12\/2023","novedad":"1","paginas":"256","subtitulo":"","orden":"0","portada":"0","idioma":"spa","editorial":[{"ID":6184,"post_author":"3","post_date":"2022-07-28 17:46:42","post_date_gmt":"2022-07-28 15:46:42","post_content":"","post_title":"Didaskalos","post_excerpt":"","post_status":"publish","comment_status":"closed","ping_status":"closed","post_password":"","post_name":"didaskalos","to_ping":"","pinged":"","post_modified":"2022-07-28 17:46:42","post_modified_gmt":"2022-07-28 15:46:42","post_content_filtered":"","post_parent":0,"guid":"http:\/\/dev.claret.cat\/editorial\/didaskalos\/","menu_order":0,"post_type":"editorial","post_mime_type":"","comment_count":"0","filter":"raw"}],"autores-libros":[{"ID":947158,"post_author":"3","post_date":"2024-01-12 11:10:12","post_date_gmt":"2024-01-12 10:10:12","post_content":"","post_title":"PADRE ANTONIO ORBE","post_excerpt":"","post_status":"publish","comment_status":"closed","ping_status":"closed","post_password":"","post_name":"padre-antonio-orbe","to_ping":"","pinged":"","post_modified":"2024-01-12 11:10:12","post_modified_gmt":"2024-01-12 10:10:12","post_content_filtered":"","post_parent":0,"guid":"https:\/\/www.claret.cat\/autor\/padre-antonio-orbe\/","menu_order":0,"post_type":"autor","post_mime_type":"","comment_count":"0","filter":"raw"}]},"aioseo_notices":[],"_links":{"self":[{"href":"https:\/\/www.claret.cat\/es\/wp-json\/wp\/v2\/product\/947159","targetHints":{"allow":["GET"]}}],"collection":[{"href":"https:\/\/www.claret.cat\/es\/wp-json\/wp\/v2\/product"}],"about":[{"href":"https:\/\/www.claret.cat\/es\/wp-json\/wp\/v2\/types\/product"}],"wp:featuredmedia":[{"embeddable":true,"href":"https:\/\/www.claret.cat\/es\/wp-json\/wp\/v2\/media\/947167"}],"wp:attachment":[{"href":"https:\/\/www.claret.cat\/es\/wp-json\/wp\/v2\/media?parent=947159"}],"wp:term":[{"taxonomy":"product_brand","embeddable":true,"href":"https:\/\/www.claret.cat\/es\/wp-json\/wp\/v2\/product_brand?post=947159"},{"taxonomy":"product_cat","embeddable":true,"href":"https:\/\/www.claret.cat\/es\/wp-json\/wp\/v2\/product_cat?post=947159"},{"taxonomy":"product_tag","embeddable":true,"href":"https:\/\/www.claret.cat\/es\/wp-json\/wp\/v2\/product_tag?post=947159"}],"curies":[{"name":"wp","href":"https:\/\/api.w.org\/{rel}","templated":true}]}}