{"id":947199,"date":"2024-01-12T13:20:13","date_gmt":"2024-01-12T12:20:13","guid":{"rendered":"https:\/\/www.claret.cat\/llibre\/obras-completas-tomo-v-19321940-9788430606054\/"},"modified":"2025-07-22T17:32:39","modified_gmt":"2025-07-22T15:32:39","slug":"obras-completas-tomo-v-19321940-9788430606054","status":"publish","type":"product","link":"https:\/\/www.claret.cat\/es\/libro\/obras-completas-tomo-v-19321940-9788430606054\/","title":{"rendered":"OBRAS COMPLETAS. TOMO V (1932\/1940)"},"content":{"rendered":"<p>Quinto tomo de los diez que re\u00fanen las Obras completas de Jos\u00e9 Ortega y Gasset, la mayor compilaci\u00f3n de los textos del fil\u00f3sofo presentada hasta la fecha. Los primeros seis tomos de estas Obras completas de Jos\u00e9 Ortega y Gasset re\u00fanen las obras publicadas por el propio Ortega, incluidos muchos textos cuya primera reimpresi\u00f3n se ofrece ahora. Los cuatro tomos siguientes incorporan aquellos textos que hab\u00edan quedado in\u00e9ditos a su muerte, muchos de los cuales ven la luz por primera vez.Para la fijaci\u00f3n del texto de los seis primeros vol\u00famenes se ha realizado una notable labor de investigaci\u00f3n, que ha permitido recuperar numerosos art\u00edculos todav\u00eda dispersos en diarios y revistas, as\u00ed como seleccionar las ediciones pertinentes para el cotejo, a fin de depurar el texto de erratas perpetuadas en ediciones anteriores e identificar sustanciales variantes, que se muestran en el ap\u00e9ndice. En 1932 Ortega disolvi\u00f3 la Agrupaci\u00f3n al Servicio de la Rep\u00fablicay cerr\u00f3 con ello un per\u00edodo de intensa actividad en la pol\u00edtica espa\u00f1ola, marcada por el advenimiento de la Segunda Rep\u00fablica. Este quinto tomo recoge todos los textos del final de esa dedicaci\u00f3n pol\u00edtica, incluidos sus tres c\u00e9lebres discursos parlamentarios pronunciados durante el debate sobre el Estatuto de Catalu\u00f1a. Ese alejamiento del primer plano de la vida p\u00fablica vino acompa\u00f1ado del anuncio de una \u00absegunda navegaci\u00f3n\u00bb en su proyecto intelectual. Ortega, cuya obra estaba adquiriendo por entonces una gran repercusi\u00f3n internacional, sinti\u00f3 la necesidad de ahondar en su reflexi\u00f3n estrictamente filos\u00f3fica. La guerra civil y el consiguiente exilio en Europa y Am\u00e9rica, as\u00ed como el estallido de la Segunda Guerra Mundial, dificultaron ese deseo de serena maduraci\u00f3n de su pensamiento. Pero estas complicadas circunstancias no le apartaron de su empe\u00f1o ni le impidieron dar a la imprenta textos fundamentales como Ensimismamiento y alteraci\u00f3n. Meditaci\u00f3n de la t\u00e9cnicao Ideas y creencias, que el lector encontrar\u00e1 en el presente volumen junto a otros trabajos tan se\u00f1alados comoGoethe desde dentro, Estudios sobre el amor o \u00abMisi\u00f3n del bibliotecario\u00bb.<\/p>\n","protected":false},"excerpt":{"rendered":"<p>ORTEGA Y GASSET, JOS\u00c9<\/p>\n","protected":false},"featured_media":1047793,"template":"","meta":{"_acf_changed":false,"om_disable_all_campaigns":false,"rs_blank_template":"","rs_page_bg_color":"","slide_template_v7":"","inline_featured_image":false,"_monsterinsights_skip_tracking":false,"_monsterinsights_sitenote_active":false,"_monsterinsights_sitenote_note":"","_monsterinsights_sitenote_category":0},"product_brand":[],"product_cat":[373,166],"product_tag":[],"class_list":{"0":"post-947199","1":"product","2":"type-product","3":"status-publish","4":"has-post-thumbnail","6":"product_cat-autores","7":"product_cat-autors-filosofia","9":"first","10":"outofstock","11":"taxable","12":"shipping-taxable","13":"purchasable","14":"product-type-simple"},"acf":{"autor":"ORTEGA Y GASSET, JOS\u00c9","codart":"843060605","libros-coleccion":"FORA DE COL.LECCI\u00d3","ediciones":"1","encuadernacion":"Carton\u00e9","fecha_de_publicacion":"01\/04\/2006","novedad":"0","paginas":"936","subtitulo":"","orden":"0","portada":"0","idioma":"spa","editorial":[{"ID":6372,"post_author":"3","post_date":"2022-07-28 17:50:47","post_date_gmt":"2022-07-28 15:50:47","post_content":"","post_title":"TAURUS","post_excerpt":"","post_status":"publish","comment_status":"closed","ping_status":"closed","post_password":"","post_name":"taurus","to_ping":"","pinged":"","post_modified":"2022-07-28 17:50:47","post_modified_gmt":"2022-07-28 15:50:47","post_content_filtered":"","post_parent":0,"guid":"http:\/\/dev.claret.cat\/editorial\/taurus\/","menu_order":0,"post_type":"editorial","post_mime_type":"","comment_count":"0","filter":"raw"}],"autores-libros":[{"ID":160530,"post_author":"3","post_date":"2022-10-14 15:53:49","post_date_gmt":"2022-10-14 13:53:49","post_content":"","post_title":"JOSE ORTEGA Y GASSET","post_excerpt":"","post_status":"publish","comment_status":"closed","ping_status":"closed","post_password":"","post_name":"jose-ortega-y-gasset","to_ping":"","pinged":"","post_modified":"2022-10-14 15:53:49","post_modified_gmt":"2022-10-14 13:53:49","post_content_filtered":"","post_parent":0,"guid":"http:\/\/dev.claret.cat\/autor\/jose-ortega-y-gasset\/","menu_order":0,"post_type":"autor","post_mime_type":"","comment_count":"0","filter":"raw"}],"booktrailer":"","resenas":""},"aioseo_notices":[],"_links":{"self":[{"href":"https:\/\/www.claret.cat\/es\/wp-json\/wp\/v2\/product\/947199","targetHints":{"allow":["GET"]}}],"collection":[{"href":"https:\/\/www.claret.cat\/es\/wp-json\/wp\/v2\/product"}],"about":[{"href":"https:\/\/www.claret.cat\/es\/wp-json\/wp\/v2\/types\/product"}],"wp:featuredmedia":[{"embeddable":true,"href":"https:\/\/www.claret.cat\/es\/wp-json\/wp\/v2\/media\/1047793"}],"wp:attachment":[{"href":"https:\/\/www.claret.cat\/es\/wp-json\/wp\/v2\/media?parent=947199"}],"wp:term":[{"taxonomy":"product_brand","embeddable":true,"href":"https:\/\/www.claret.cat\/es\/wp-json\/wp\/v2\/product_brand?post=947199"},{"taxonomy":"product_cat","embeddable":true,"href":"https:\/\/www.claret.cat\/es\/wp-json\/wp\/v2\/product_cat?post=947199"},{"taxonomy":"product_tag","embeddable":true,"href":"https:\/\/www.claret.cat\/es\/wp-json\/wp\/v2\/product_tag?post=947199"}],"curies":[{"name":"wp","href":"https:\/\/api.w.org\/{rel}","templated":true}]}}