{"id":947204,"date":"2024-01-12T13:21:09","date_gmt":"2024-01-12T12:21:09","guid":{"rendered":"https:\/\/www.claret.cat\/llibre\/obras-completas-tomo-vi-19411955-9788430606160\/"},"modified":"2025-07-22T17:33:07","modified_gmt":"2025-07-22T15:33:07","slug":"obras-completas-tomo-vi-19411955-9788430606160","status":"publish","type":"product","link":"https:\/\/www.claret.cat\/es\/libro\/obras-completas-tomo-vi-19411955-9788430606160\/","title":{"rendered":"OBRAS COMPLETAS. TOMO VI (1941\/1955)"},"content":{"rendered":"<p>Sexto tomo de los diez que re\u00fanen las Obras completas de Jos\u00e9 Ortega y Gasset, la mayor compilaci\u00f3n de los textos del fil\u00f3sofo presentada hasta la fecha. Los seis primeros tomos de estas Obras completas de Jos\u00e9 Ortega y Gasset re\u00fanen las obras publicadas por el propio Ortega, incluidos muchos textos cuya primera reimpresi\u00f3n se ofrece ahora. Los cuatro siguientes incorporan aquellos textos que hab\u00edan quedado in\u00e9ditos a su muerte. Se trata de escritos muy cercanos a una versi\u00f3n definitiva, entre ellos varios libros. Muchas de estas obras ven la luz por primera vez. En ambos casos, el criterio de ordenaci\u00f3n ha sido cronol\u00f3gico. Para la fijaci\u00f3n del texto de los seis primeros vol\u00famenes se ha realizado una notable labor de investigaci\u00f3n, que ha permitido recuperar numerosos art\u00edculos todav\u00eda dispersos en diarios y revistas, as\u00ed como seleccionar las ediciones pertinentes para el cotejo, a fin de depurar el texto de erratas perpetuadas en ediciones anteriores e identificar sustanciales variantes, que se muestran en el Ap\u00e9ndice. Para la edici\u00f3n de las obras que dej\u00f3 in\u00e9ditas, se ha trabajado sobre los manuscritos conservados en el Archivo de la Fundaci\u00f3n Jos\u00e9 Ortega y Gasset. Este tomo recoge los textos que Ortega public\u00f3 entre 1941 y 1955, a\u00f1o de su muerte en Madrid. El fil\u00f3sofo, que vive un largo exilio en Europa y Am\u00e9rica desde 1936, regresa de Argentina en 1942 para instalarse en Lisboa. A partir de 1945, visitar\u00e1 Espa\u00f1a con cierta frecuencia. Los tres \u00faltimos lustros de su vida son a\u00f1os de un amplio reconocimiento internacional. Se suceden las distinciones e imparte cursos y conferencias en diferentes pa\u00edses, en especial en Alemania, donde reside largas temporadas. En Espa\u00f1a fund\u00f3 el Instituto de Humanidades, como proyecto para elevar la deca\u00edda vida intelectual.Es tambi\u00e9n la etapa culminante de su pensamiento, en la que destacan su empe\u00f1o por una reforma de la filosof\u00eda, al hilo del cual surgen textos de la importancia de \u00abApuntes sobre el pensamiento, su te\u00fargia y su demiurgia\u00bb, \u00abPr\u00f3logo a Historia de la filosof\u00eda, de \u00c9mile Br\u00e9hier\u00bb o \u00abFragmentos de Origen de la filosof\u00eda\u00bb, y lareflexi\u00f3n sobre el futuro de Europa en los dif\u00edciles a\u00f1os de la posguerra, plasmada, entre otros textos, en Cultura europea y pueblos europeos (1954), libro que se ofrece por primera vez en castellano en su integridad y forma original. El presente volumen contiene asimismo otros textos se\u00f1eros, como Historia como sistema y Del Imperio romano (1941), Teor\u00edade Andaluc\u00eda y otros ensayos (1942), En torno a Galileo (1947) o Papeles sobre Vel\u00e1zquez y Goya (1950).<\/p>\n","protected":false},"excerpt":{"rendered":"<p>ORTEGA Y GASSET, JOS\u00c9<\/p>\n","protected":false},"featured_media":1047795,"template":"","meta":{"_acf_changed":false,"om_disable_all_campaigns":false,"rs_blank_template":"","rs_page_bg_color":"","slide_template_v7":"","inline_featured_image":false,"_monsterinsights_skip_tracking":false,"_monsterinsights_sitenote_active":false,"_monsterinsights_sitenote_note":"","_monsterinsights_sitenote_category":0},"product_brand":[],"product_cat":[373,166],"product_tag":[],"class_list":{"0":"post-947204","1":"product","2":"type-product","3":"status-publish","4":"has-post-thumbnail","6":"product_cat-autores","7":"product_cat-autors-filosofia","9":"first","10":"outofstock","11":"taxable","12":"shipping-taxable","13":"purchasable","14":"product-type-simple"},"acf":{"autor":"ORTEGA Y GASSET, JOS\u00c9","codart":"843060616","libros-coleccion":"FORA DE COL.LECCI\u00d3","ediciones":"1","encuadernacion":"Carton\u00e9","fecha_de_publicacion":"01\/09\/2006","novedad":"0","paginas":"1176","subtitulo":"","orden":"0","portada":"0","idioma":"spa","editorial":[{"ID":6372,"post_author":"3","post_date":"2022-07-28 17:50:47","post_date_gmt":"2022-07-28 15:50:47","post_content":"","post_title":"TAURUS","post_excerpt":"","post_status":"publish","comment_status":"closed","ping_status":"closed","post_password":"","post_name":"taurus","to_ping":"","pinged":"","post_modified":"2022-07-28 17:50:47","post_modified_gmt":"2022-07-28 15:50:47","post_content_filtered":"","post_parent":0,"guid":"http:\/\/dev.claret.cat\/editorial\/taurus\/","menu_order":0,"post_type":"editorial","post_mime_type":"","comment_count":"0","filter":"raw"}],"autores-libros":[{"ID":160530,"post_author":"3","post_date":"2022-10-14 15:53:49","post_date_gmt":"2022-10-14 13:53:49","post_content":"","post_title":"JOSE ORTEGA Y GASSET","post_excerpt":"","post_status":"publish","comment_status":"closed","ping_status":"closed","post_password":"","post_name":"jose-ortega-y-gasset","to_ping":"","pinged":"","post_modified":"2022-10-14 15:53:49","post_modified_gmt":"2022-10-14 13:53:49","post_content_filtered":"","post_parent":0,"guid":"http:\/\/dev.claret.cat\/autor\/jose-ortega-y-gasset\/","menu_order":0,"post_type":"autor","post_mime_type":"","comment_count":"0","filter":"raw"}],"booktrailer":"","resenas":""},"aioseo_notices":[],"_links":{"self":[{"href":"https:\/\/www.claret.cat\/es\/wp-json\/wp\/v2\/product\/947204","targetHints":{"allow":["GET"]}}],"collection":[{"href":"https:\/\/www.claret.cat\/es\/wp-json\/wp\/v2\/product"}],"about":[{"href":"https:\/\/www.claret.cat\/es\/wp-json\/wp\/v2\/types\/product"}],"wp:featuredmedia":[{"embeddable":true,"href":"https:\/\/www.claret.cat\/es\/wp-json\/wp\/v2\/media\/1047795"}],"wp:attachment":[{"href":"https:\/\/www.claret.cat\/es\/wp-json\/wp\/v2\/media?parent=947204"}],"wp:term":[{"taxonomy":"product_brand","embeddable":true,"href":"https:\/\/www.claret.cat\/es\/wp-json\/wp\/v2\/product_brand?post=947204"},{"taxonomy":"product_cat","embeddable":true,"href":"https:\/\/www.claret.cat\/es\/wp-json\/wp\/v2\/product_cat?post=947204"},{"taxonomy":"product_tag","embeddable":true,"href":"https:\/\/www.claret.cat\/es\/wp-json\/wp\/v2\/product_tag?post=947204"}],"curies":[{"name":"wp","href":"https:\/\/api.w.org\/{rel}","templated":true}]}}