{"id":947207,"date":"2024-01-12T13:25:23","date_gmt":"2024-01-12T12:25:23","guid":{"rendered":"https:\/\/www.claret.cat\/llibre\/obras-completas-tomo-vii-19021925-obra-postuma-9788430606245\/"},"modified":"2025-07-22T17:33:33","modified_gmt":"2025-07-22T15:33:33","slug":"obras-completas-tomo-vii-19021925-obra-postuma-9788430606245","status":"publish","type":"product","link":"https:\/\/www.claret.cat\/es\/libro\/obras-completas-tomo-vii-19021925-obra-postuma-9788430606245\/","title":{"rendered":"OBRAS COMPLETAS. TOMO VII (1902\/1925) [OBRA P\u00d3STUMA]"},"content":{"rendered":"<p>S\u00e9ptimo tomo de los diez que re\u00fanen las Obras completas de Jos\u00e9 Ortega y Gasset, la mayor compilaci\u00f3n de los textos del fil\u00f3sofo presentada hasta la fecha. Los seis primeros tomos de estas Obras completas de Jos\u00e9 Ortega y Gasset re\u00fanen las obras publicadas por el propio Ortega, incluidos muchos textos cuya primera reimpresi\u00f3n se ofrece ahora. Los cuatro siguientes incorporan aquellos textos que hab\u00edan quedado in\u00e9ditos a su muerte. Se trata de escritos muy cercanos a una versi\u00f3n definitiva, entre ellos varios libros. Muchas de estas obras ven la luz por primera vez. En ambos casos, el criterio de ordenaci\u00f3n ha sido cronol\u00f3gico. Para la fijaci\u00f3n del texto de los seis primeros vol\u00famenes se ha realizado una notable labor de investigaci\u00f3n, que ha permitido recuperar numerosos art\u00edculos todav\u00eda dispersos en diarios y revistas, as\u00ed como seleccionar las ediciones pertinentes para el cotejo, a fin de depurar el texto de erratas perpetuadas en ediciones anteriores e identificar sustanciales variantes, que se muestran en el Ap\u00e9ndice. Para la edici\u00f3n de las obras que dej\u00f3 in\u00e9ditas, se ha trabajado sobre los manuscritos conservados en el Archivo de la Fundaci\u00f3n Jos\u00e9 Ortega y Gasset. Desde su adolescencia Ortega escribi\u00f3 cotidianamente p\u00e1ginas y p\u00e1ginas, muchas de las cuales no vieron la luz p\u00fablica. Algunas porque no alcanzaron a recibir esa \u00ab\u00faltima mano, esa postrera soba que no es nada y es tanto, ese ligero pase de piedra p\u00f3mez que tersifica y pulimenta\u00bb, como \u00e9l mismo dec\u00eda, y otras porque pas\u00f3 la ocasi\u00f3n de entregarlas a la imprenta. Con este tomo se inicia la edici\u00f3n de la obra que dej\u00f3 in\u00e9dita. Parte de la misma ha sido ya publicada por varias generaciones de disc\u00edpulos e investigadores, pero otra parte sustancial era a\u00fan desconocida.Es el caso de m\u00e1s de la mitad de los textos, redactados entre 1902 y 1925, que recoge este volumen. El lector tiene en ante s\u00ed cuarenta y nueve in\u00e9ditos de don Jos\u00e9 Ortega y Gasset. Son escritos de muy diverso calibre. Muchos de ellos art\u00edculos que por avatares varios quedaron sin publicar o no llegaron a rematarse, pero que muestran c\u00f3mo se forj\u00f3 el admirable estilo de Ortega. Entre estos textos encontramos bastantes de corte literario, que favorecer\u00e1n un an\u00e1lisis m\u00e1s preciso de los gustos est\u00e9ticos del fil\u00f3sofo y su relaci\u00f3n con el arte. Otros tantos son de tema pol\u00edtico y facilitar\u00e1n una m\u00e1s justa interpretaci\u00f3n del pensamiento orteguiano y de su papel de intelectual en la \u00abplazuela p\u00fablica\u00bb. El volumen acoge un novedoso e importante n\u00famero de textos filos\u00f3ficos procedentes de trabajos acad\u00e9micos, conferencias, cursos universitariosy extrauniversitarios, e incluso un interesante diario intelectual, que permiten ver c\u00f3mo se va fraguando la filosof\u00eda orteguiana a partir de las muy diversas influencias recibidas.<\/p>\n","protected":false},"excerpt":{"rendered":"<p>ORTEGA Y GASSET, JOS\u00c9<\/p>\n","protected":false},"featured_media":1047797,"template":"","meta":{"_acf_changed":false,"om_disable_all_campaigns":false,"rs_blank_template":"","rs_page_bg_color":"","slide_template_v7":"","inline_featured_image":false,"_monsterinsights_skip_tracking":false,"_monsterinsights_sitenote_active":false,"_monsterinsights_sitenote_note":"","_monsterinsights_sitenote_category":0},"product_brand":[],"product_cat":[373,166],"product_tag":[],"class_list":{"0":"post-947207","1":"product","2":"type-product","3":"status-publish","4":"has-post-thumbnail","6":"product_cat-autores","7":"product_cat-autors-filosofia","9":"first","10":"outofstock","11":"taxable","12":"shipping-taxable","13":"purchasable","14":"product-type-simple"},"acf":{"autor":"ORTEGA Y GASSET, JOS\u00c9","codart":"843060624","libros-coleccion":"FORA DE COL.LECCI\u00d3","ediciones":"1","encuadernacion":"Carton\u00e9","fecha_de_publicacion":"01\/10\/2007","novedad":"1","paginas":"968","subtitulo":"","orden":"0","portada":"0","idioma":"spa","editorial":[{"ID":6372,"post_author":"3","post_date":"2022-07-28 17:50:47","post_date_gmt":"2022-07-28 15:50:47","post_content":"","post_title":"TAURUS","post_excerpt":"","post_status":"publish","comment_status":"closed","ping_status":"closed","post_password":"","post_name":"taurus","to_ping":"","pinged":"","post_modified":"2022-07-28 17:50:47","post_modified_gmt":"2022-07-28 15:50:47","post_content_filtered":"","post_parent":0,"guid":"http:\/\/dev.claret.cat\/editorial\/taurus\/","menu_order":0,"post_type":"editorial","post_mime_type":"","comment_count":"0","filter":"raw"}],"autores-libros":[{"ID":160530,"post_author":"3","post_date":"2022-10-14 15:53:49","post_date_gmt":"2022-10-14 13:53:49","post_content":"","post_title":"JOSE ORTEGA Y GASSET","post_excerpt":"","post_status":"publish","comment_status":"closed","ping_status":"closed","post_password":"","post_name":"jose-ortega-y-gasset","to_ping":"","pinged":"","post_modified":"2022-10-14 15:53:49","post_modified_gmt":"2022-10-14 13:53:49","post_content_filtered":"","post_parent":0,"guid":"http:\/\/dev.claret.cat\/autor\/jose-ortega-y-gasset\/","menu_order":0,"post_type":"autor","post_mime_type":"","comment_count":"0","filter":"raw"}],"booktrailer":"","resenas":""},"aioseo_notices":[],"_links":{"self":[{"href":"https:\/\/www.claret.cat\/es\/wp-json\/wp\/v2\/product\/947207","targetHints":{"allow":["GET"]}}],"collection":[{"href":"https:\/\/www.claret.cat\/es\/wp-json\/wp\/v2\/product"}],"about":[{"href":"https:\/\/www.claret.cat\/es\/wp-json\/wp\/v2\/types\/product"}],"wp:featuredmedia":[{"embeddable":true,"href":"https:\/\/www.claret.cat\/es\/wp-json\/wp\/v2\/media\/1047797"}],"wp:attachment":[{"href":"https:\/\/www.claret.cat\/es\/wp-json\/wp\/v2\/media?parent=947207"}],"wp:term":[{"taxonomy":"product_brand","embeddable":true,"href":"https:\/\/www.claret.cat\/es\/wp-json\/wp\/v2\/product_brand?post=947207"},{"taxonomy":"product_cat","embeddable":true,"href":"https:\/\/www.claret.cat\/es\/wp-json\/wp\/v2\/product_cat?post=947207"},{"taxonomy":"product_tag","embeddable":true,"href":"https:\/\/www.claret.cat\/es\/wp-json\/wp\/v2\/product_tag?post=947207"}],"curies":[{"name":"wp","href":"https:\/\/api.w.org\/{rel}","templated":true}]}}