{"id":947210,"date":"2024-01-12T13:25:37","date_gmt":"2024-01-12T12:25:37","guid":{"rendered":"https:\/\/www.claret.cat\/llibre\/obras-completas-tomo-viii-19261932-obra-postuma-9788430606665\/"},"modified":"2025-07-22T17:33:59","modified_gmt":"2025-07-22T15:33:59","slug":"obras-completas-tomo-viii-19261932-obra-postuma-9788430606665","status":"publish","type":"product","link":"https:\/\/www.claret.cat\/es\/libro\/obras-completas-tomo-viii-19261932-obra-postuma-9788430606665\/","title":{"rendered":"OBRAS COMPLETAS. TOMO VIII (1926\/1932) [OBRA P\u00d3STUMA]"},"content":{"rendered":"<p>Octavo tomo de los diez que re\u00fanen las Obras completas de Jos\u00e9 Ortega y Gasset, la mayor compilaci\u00f3n de los textos del fil\u00f3sofo presentada hasta la fecha. Los seis primeros tomos de estas Obras completas de Jos\u00e9 Ortega y Gasset re\u00fanen las obras publicadas por el propio Ortega, incluidos muchos textos cuya primera reimpresi\u00f3n se ofrece ahora. Los cuatro siguientes incorporan aquellos textos que hab\u00edan quedado in\u00e9ditos a su muerte. Se trata de escritos muy cercanos a una versi\u00f3n definitiva, entre ellosvarios libros. Muchas de estas obras ven la luz por primera vez. En ambos casos, el criterio de ordenaci\u00f3n ha sido cronol\u00f3gico. Para la fijaci\u00f3n del texto de los seis primeros vol\u00famenes se ha realizado una notable labor de investigaci\u00f3n, que ha permitido recuperar numerosos art\u00edculos todav\u00eda dispersos en diarios y revistas, as\u00ed como seleccionar las ediciones pertinentes para el cotejo, a fin de depurar el texto de erratas perpetuadas en ediciones anteriores e identificar sustanciales variantes, que se muestran en el Ap\u00e9ndice.Para la edici\u00f3n de las obras que dej\u00f3 in\u00e9ditas, se ha trabajado sobre los manuscritos conservados en el Archivo de la Fundaci\u00f3n Jos\u00e9 Ortega y Gasset. Los a\u00f1os finales de la d\u00e9cada de los veinte y los iniciales de los treinta fueron para Ortega de una gran intensidad. Su segundo viaje a Argentina en 1928 le consagr\u00f3 internacionalmente en el mundo cultural hispanoamericano al tiempo que su oposici\u00f3n a la dictadurade Primo de Rivera y su actitud en pro de la Rep\u00fablica le convert\u00edan en el intelectual de referencia dentro del ambiente modernizador. Este tomo incluye la parte que dej\u00f3 in\u00e9dita a su muerte de estos fruct\u00edferos a\u00f1os entre 1926 y 1932. La mayor\u00eda de los textos se recogen por primera vez en sus Obras completas; quince no hab\u00edan visto la luz hasta la fecha. Destacan por su importancia los cursos que imparti\u00f3 durante estos a\u00f1os.Muchos fueron previstos para un p\u00fablico universitario, como Principios de Metaf\u00edsica seg\u00fan la raz\u00f3n vital. Curso de 1932-1933, alguno preparado para un reducido n\u00famero de disc\u00edpulos y otros se ofrecieron como cursos p\u00fablicos de gran resonancia y \u00e9xito, as\u00ed el celebrado en Buenos Aires sobre Meditaci\u00f3n de nuestrotiempo. Introducci\u00f3n al presente, o \u00bfQu\u00e9 es filosof\u00eda? Adem\u00e1s, se ofrece por primera vez el curso que imparti\u00f3 en la Facultad de Filosof\u00eda y Letras de Buenos Aires en 1928 sobre \u00bfQu\u00e9 es la ciencia, qu\u00e9 la filosof\u00eda?, que se hab\u00eda integrado parcialmente en \u00bfQu\u00e9 es la filosof\u00eda?Y que ahora se ha reconstruido y se publica \u00edntegro. Se incorporan tambi\u00e9n varios escritos in\u00e9ditos de contenido pol\u00edtico.<\/p>\n","protected":false},"excerpt":{"rendered":"<p>ORTEGA Y GASSET, JOS\u00c9<\/p>\n","protected":false},"featured_media":1047799,"template":"","meta":{"_acf_changed":false,"om_disable_all_campaigns":false,"rs_blank_template":"","rs_page_bg_color":"","slide_template_v7":"","inline_featured_image":false,"_monsterinsights_skip_tracking":false,"_monsterinsights_sitenote_active":false,"_monsterinsights_sitenote_note":"","_monsterinsights_sitenote_category":0},"product_brand":[],"product_cat":[373,166],"product_tag":[],"class_list":{"0":"post-947210","1":"product","2":"type-product","3":"status-publish","4":"has-post-thumbnail","6":"product_cat-autores","7":"product_cat-autors-filosofia","9":"first","10":"outofstock","11":"taxable","12":"shipping-taxable","13":"purchasable","14":"product-type-simple"},"acf":{"autor":"ORTEGA Y GASSET, JOS\u00c9","codart":"843060666","libros-coleccion":"FORA DE COL.LECCI\u00d3","ediciones":"1","encuadernacion":"Carton\u00e9","fecha_de_publicacion":"01\/07\/2008","novedad":"0","paginas":"768","subtitulo":"","orden":"0","portada":"0","idioma":"spa","editorial":[{"ID":6372,"post_author":"3","post_date":"2022-07-28 17:50:47","post_date_gmt":"2022-07-28 15:50:47","post_content":"","post_title":"TAURUS","post_excerpt":"","post_status":"publish","comment_status":"closed","ping_status":"closed","post_password":"","post_name":"taurus","to_ping":"","pinged":"","post_modified":"2022-07-28 17:50:47","post_modified_gmt":"2022-07-28 15:50:47","post_content_filtered":"","post_parent":0,"guid":"http:\/\/dev.claret.cat\/editorial\/taurus\/","menu_order":0,"post_type":"editorial","post_mime_type":"","comment_count":"0","filter":"raw"}],"autores-libros":[{"ID":160530,"post_author":"3","post_date":"2022-10-14 15:53:49","post_date_gmt":"2022-10-14 13:53:49","post_content":"","post_title":"JOSE ORTEGA Y GASSET","post_excerpt":"","post_status":"publish","comment_status":"closed","ping_status":"closed","post_password":"","post_name":"jose-ortega-y-gasset","to_ping":"","pinged":"","post_modified":"2022-10-14 15:53:49","post_modified_gmt":"2022-10-14 13:53:49","post_content_filtered":"","post_parent":0,"guid":"http:\/\/dev.claret.cat\/autor\/jose-ortega-y-gasset\/","menu_order":0,"post_type":"autor","post_mime_type":"","comment_count":"0","filter":"raw"}],"booktrailer":"","resenas":""},"aioseo_notices":[],"_links":{"self":[{"href":"https:\/\/www.claret.cat\/es\/wp-json\/wp\/v2\/product\/947210","targetHints":{"allow":["GET"]}}],"collection":[{"href":"https:\/\/www.claret.cat\/es\/wp-json\/wp\/v2\/product"}],"about":[{"href":"https:\/\/www.claret.cat\/es\/wp-json\/wp\/v2\/types\/product"}],"wp:featuredmedia":[{"embeddable":true,"href":"https:\/\/www.claret.cat\/es\/wp-json\/wp\/v2\/media\/1047799"}],"wp:attachment":[{"href":"https:\/\/www.claret.cat\/es\/wp-json\/wp\/v2\/media?parent=947210"}],"wp:term":[{"taxonomy":"product_brand","embeddable":true,"href":"https:\/\/www.claret.cat\/es\/wp-json\/wp\/v2\/product_brand?post=947210"},{"taxonomy":"product_cat","embeddable":true,"href":"https:\/\/www.claret.cat\/es\/wp-json\/wp\/v2\/product_cat?post=947210"},{"taxonomy":"product_tag","embeddable":true,"href":"https:\/\/www.claret.cat\/es\/wp-json\/wp\/v2\/product_tag?post=947210"}],"curies":[{"name":"wp","href":"https:\/\/api.w.org\/{rel}","templated":true}]}}