{"id":947213,"date":"2024-01-12T13:25:56","date_gmt":"2024-01-12T12:25:56","guid":{"rendered":"https:\/\/www.claret.cat\/llibre\/obras-completas-tomo-ix-19331948-obra-postuma-9788430606672\/"},"modified":"2025-07-22T17:34:23","modified_gmt":"2025-07-22T15:34:23","slug":"obras-completas-tomo-ix-19331948-obra-postuma-9788430606672","status":"publish","type":"product","link":"https:\/\/www.claret.cat\/es\/libro\/obras-completas-tomo-ix-19331948-obra-postuma-9788430606672\/","title":{"rendered":"OBRAS COMPLETAS. TOMO IX (1933\/1948) [OBRA P\u00d3STUMA]"},"content":{"rendered":"<p>Noveno tomo de los diez que re\u00fanen las Obras completas de Jos\u00e9 Ortega y Gasset, la mayor compilaci\u00f3n de los textos del fil\u00f3sofo presentada hasta la fecha. Los seis primeros tomos de estas Obras completas de Jos\u00e9 Ortega y Gasset re\u00fanen las obras publicadas por el propio Ortega, incluidos muchos textos cuya primera reimpresi\u00f3n se ofrece ahora. Los cuatro siguientes incorporan aquellos textos que hab\u00edan quedado in\u00e9ditos a su muerte. Se trata de escritos muy cercanos a una versi\u00f3n definitiva, entre ellos varios libros. Muchas de estas obras ven la luz por primera vez. En ambos casos, el criterio de ordenaci\u00f3n ha sido cronol\u00f3gico. Para la fijaci\u00f3n del texto de los seis primeros vol\u00famenes se ha realizado una notable labor de investigaci\u00f3n, que ha permitido recuperar numerosos art\u00edculos todav\u00eda dispersos en diarios y revistas, as\u00ed como seleccionar las ediciones pertinentes para el cotejo, a fin de depurar el texto de erratas perpetuadas en ediciones anteriores e identificar sustanciales variantes, que se muestran en el Ap\u00e9ndice. Para la edici\u00f3n de las obras que dej\u00f3 in\u00e9ditas, se ha trabajado sobre los manuscritos conservados en el Archivo de la Fundaci\u00f3n Jos\u00e9 Ortega y Gasset. En 1932, Ortega anunci\u00f3 que era hora de emprender la segunda navegaci\u00f3n. Buena parte de los trabajos por \u00e9l proyectados desde entonces quedaron in\u00e9ditos. El presente tomo incorpora los que fueron escritos entre 1933 y 1948, varios son cursos universitarios y extrauniversitarios important\u00edsimos, como los publicados ahora por primera vez \u00abPrincipios de Metaf\u00edsica seg\u00fan la raz\u00f3n vital, [Lecciones del curso 1933-1934 y El hombre y la gente, [Curso de 1939-1940 Se recogen asimismo sus cursos sobre La raz\u00f3n hist\u00f3rica de 1940 y 1944 y su primer curso en el Institutode Humanidades Sobre una nueva interpretaci\u00f3n de la historia universal, con el que intent\u00f3 retomar el contacto con su p\u00fablico espa\u00f1ol en 1948. Igualmente importantes son el autobiogr\u00e1fico \u00abPr\u00f3logo para alemanes\u00bb o textos de gran enjundia filos\u00f3fica como el Ep\u00edlogo de la filosof\u00eda, \u00abApuntes para un comentario al Banquete dePlat\u00f3n\u00bb o La idea de principio en Leibniz, el gran libro que le ocup\u00f3 a finales de los a\u00f1os cuarenta. Temas como \u00abla criolla\u00bb, \u00abel pueblo joven\u00bb, Goya, Vel\u00e1zquez o el teatro los aborda el fil\u00f3sofo en las p\u00e1ginas aqu\u00ed editadas.<\/p>\n","protected":false},"excerpt":{"rendered":"<p>ORTEGA Y GASSET, JOS\u00c9<\/p>\n","protected":false},"featured_media":1047801,"template":"","meta":{"_acf_changed":false,"om_disable_all_campaigns":false,"rs_blank_template":"","rs_page_bg_color":"","slide_template_v7":"","inline_featured_image":false,"_monsterinsights_skip_tracking":false,"_monsterinsights_sitenote_active":false,"_monsterinsights_sitenote_note":"","_monsterinsights_sitenote_category":0},"product_brand":[],"product_cat":[373,166],"product_tag":[],"class_list":{"0":"post-947213","1":"product","2":"type-product","3":"status-publish","4":"has-post-thumbnail","6":"product_cat-autores","7":"product_cat-autors-filosofia","9":"first","10":"outofstock","11":"taxable","12":"shipping-taxable","13":"purchasable","14":"product-type-simple"},"acf":{"autor":"ORTEGA Y GASSET, JOS\u00c9","codart":"843060667","libros-coleccion":"FORA DE COL.LECCI\u00d3","ediciones":"1","encuadernacion":"Carton\u00e9","fecha_de_publicacion":"01\/11\/2009","novedad":"0","paginas":"1560","subtitulo":"","orden":"0","portada":"0","idioma":"spa","editorial":[{"ID":6372,"post_author":"3","post_date":"2022-07-28 17:50:47","post_date_gmt":"2022-07-28 15:50:47","post_content":"","post_title":"TAURUS","post_excerpt":"","post_status":"publish","comment_status":"closed","ping_status":"closed","post_password":"","post_name":"taurus","to_ping":"","pinged":"","post_modified":"2022-07-28 17:50:47","post_modified_gmt":"2022-07-28 15:50:47","post_content_filtered":"","post_parent":0,"guid":"http:\/\/dev.claret.cat\/editorial\/taurus\/","menu_order":0,"post_type":"editorial","post_mime_type":"","comment_count":"0","filter":"raw"}],"autores-libros":[{"ID":160530,"post_author":"3","post_date":"2022-10-14 15:53:49","post_date_gmt":"2022-10-14 13:53:49","post_content":"","post_title":"JOSE ORTEGA Y GASSET","post_excerpt":"","post_status":"publish","comment_status":"closed","ping_status":"closed","post_password":"","post_name":"jose-ortega-y-gasset","to_ping":"","pinged":"","post_modified":"2022-10-14 15:53:49","post_modified_gmt":"2022-10-14 13:53:49","post_content_filtered":"","post_parent":0,"guid":"http:\/\/dev.claret.cat\/autor\/jose-ortega-y-gasset\/","menu_order":0,"post_type":"autor","post_mime_type":"","comment_count":"0","filter":"raw"}],"booktrailer":"","resenas":""},"aioseo_notices":[],"_links":{"self":[{"href":"https:\/\/www.claret.cat\/es\/wp-json\/wp\/v2\/product\/947213","targetHints":{"allow":["GET"]}}],"collection":[{"href":"https:\/\/www.claret.cat\/es\/wp-json\/wp\/v2\/product"}],"about":[{"href":"https:\/\/www.claret.cat\/es\/wp-json\/wp\/v2\/types\/product"}],"wp:featuredmedia":[{"embeddable":true,"href":"https:\/\/www.claret.cat\/es\/wp-json\/wp\/v2\/media\/1047801"}],"wp:attachment":[{"href":"https:\/\/www.claret.cat\/es\/wp-json\/wp\/v2\/media?parent=947213"}],"wp:term":[{"taxonomy":"product_brand","embeddable":true,"href":"https:\/\/www.claret.cat\/es\/wp-json\/wp\/v2\/product_brand?post=947213"},{"taxonomy":"product_cat","embeddable":true,"href":"https:\/\/www.claret.cat\/es\/wp-json\/wp\/v2\/product_cat?post=947213"},{"taxonomy":"product_tag","embeddable":true,"href":"https:\/\/www.claret.cat\/es\/wp-json\/wp\/v2\/product_tag?post=947213"}],"curies":[{"name":"wp","href":"https:\/\/api.w.org\/{rel}","templated":true}]}}