{"id":947216,"date":"2024-01-12T13:26:17","date_gmt":"2024-01-12T12:26:17","guid":{"rendered":"https:\/\/www.claret.cat\/llibre\/obras-completas-tomo-x-19491955-obra-postuma-9788430607761\/"},"modified":"2025-07-22T17:35:36","modified_gmt":"2025-07-22T15:35:36","slug":"obras-completas-tomo-x-19491955-obra-postuma-9788430607761","status":"publish","type":"product","link":"https:\/\/www.claret.cat\/es\/libro\/obras-completas-tomo-x-19491955-obra-postuma-9788430607761\/","title":{"rendered":"OBRAS COMPLETAS. TOMO X (1949\/1955) [OBRA P\u00d3STUMA]"},"content":{"rendered":"<p>\u00daltimo tomo de los diez que re\u00fanen las Obras completas de Jos\u00e9 Ortega y Gasset, la mayor compilaci\u00f3n de los textos del fil\u00f3sofo presentada hasta la fecha. Los seis primeros tomos de estas Obras completas de Jos\u00e9 Ortega y Gasset re\u00fanen las obras publicadas por el propio Ortega, incluidos muchos textos cuya primera reimpresi\u00f3n se ofrece ahora. Los cuatro siguientes incorporan aquellos textos que hab\u00edan quedado in\u00e9ditos a su muerte. Se trata de escritos muy cercanos a una versi\u00f3n definitiva, entre ellos varios libros. Muchas de estas obras ven la luz por primera vez. En ambos casos, el criterio de ordenaci\u00f3n ha sido cronol\u00f3gico. Para la fijaci\u00f3n del texto de los seis primeros vol\u00famenes se ha realizado una notable labor de investigaci\u00f3n, que ha permitido recuperar numerosos art\u00edculos todav\u00eda dispersos en diarios y revistas, as\u00ed como seleccionar las ediciones pertinentes para el cotejo, a fin de depurar el texto de erratas perpetuadas en ediciones anteriores e identificar sustanciales variantes, que se muestran en el Ap\u00e9ndice. Para la edici\u00f3n de las obras que dej\u00f3 in\u00e9ditas, se ha trabajado sobre los manuscritos conservados en el Archivo de la Fundaci\u00f3n Jos\u00e9 Ortega y Gasset. Durante los \u00faltimos a\u00f1os de su vida, entre 1949 y 1955, Jos\u00e9 Ortega y Gasset imparti\u00f3 numerosos cursos y conferencias, sobre todo en Alemania, pero tambi\u00e9n en Estados Unidos, Gran Breta\u00f1a, Suiza, Italia y Espa\u00f1a. Entre estos cursos y conferencias se encuentran algunos de los textos m\u00e1s famosos del fil\u00f3sofo, ahora recogidos en este tomo, \u00faltimo de la obra \u00abp\u00f3stuma\u00bb. Por ejemplo, varias conferencias en ocasi\u00f3n del bicentenario del nacimiento de Goethe, la disertaci\u00f3n en Berl\u00edn De Europa meditatio quaedam o el c\u00e9lebre curso sobre El hombre y la gente en el Instituto de Humanidades de Madrid, del que aqu\u00ed se dan a conocer algunas partes in\u00e9ditas. Estos dos \u00faltimos los estaba preparando para su edici\u00f3n como libros, pero la muerte le alcanz\u00f3 sin haberlos concluido. El tomo se cierra con los \u00ab\u00cdndices generales\u00bb de estas Obras completas: la \u00abCronolog\u00eda del corpus textual\u00bb, el \u00ab\u00cdndice alfab\u00e9tico de t\u00edtulos\u00bb y el \u00ab\u00cdndice de conceptos, onom\u00e1stico y topon\u00edmico\u00bb.<\/p>\n","protected":false},"excerpt":{"rendered":"<p>ORTEGA Y GASSET, JOS\u00c9<\/p>\n","protected":false},"featured_media":1047803,"template":"","meta":{"_acf_changed":false,"om_disable_all_campaigns":false,"rs_blank_template":"","rs_page_bg_color":"","slide_template_v7":"","inline_featured_image":false,"_monsterinsights_skip_tracking":false,"_monsterinsights_sitenote_active":false,"_monsterinsights_sitenote_note":"","_monsterinsights_sitenote_category":0},"product_brand":[],"product_cat":[373,166],"product_tag":[],"class_list":{"0":"post-947216","1":"product","2":"type-product","3":"status-publish","4":"has-post-thumbnail","6":"product_cat-autores","7":"product_cat-autors-filosofia","9":"first","10":"instock","11":"taxable","12":"shipping-taxable","13":"purchasable","14":"product-type-simple"},"acf":{"autor":"ORTEGA Y GASSET, JOS\u00c9","codart":"843060776","libros-coleccion":"FORA DE COL.LECCI\u00d3","ediciones":"1","encuadernacion":"Carton\u00e9","fecha_de_publicacion":"01\/11\/2010","novedad":"0","paginas":"1296","subtitulo":"","orden":"0","portada":"0","idioma":"spa","editorial":[{"ID":6372,"post_author":"3","post_date":"2022-07-28 17:50:47","post_date_gmt":"2022-07-28 15:50:47","post_content":"","post_title":"TAURUS","post_excerpt":"","post_status":"publish","comment_status":"closed","ping_status":"closed","post_password":"","post_name":"taurus","to_ping":"","pinged":"","post_modified":"2022-07-28 17:50:47","post_modified_gmt":"2022-07-28 15:50:47","post_content_filtered":"","post_parent":0,"guid":"http:\/\/dev.claret.cat\/editorial\/taurus\/","menu_order":0,"post_type":"editorial","post_mime_type":"","comment_count":"0","filter":"raw"}],"autores-libros":[{"ID":160530,"post_author":"3","post_date":"2022-10-14 15:53:49","post_date_gmt":"2022-10-14 13:53:49","post_content":"","post_title":"JOSE ORTEGA Y GASSET","post_excerpt":"","post_status":"publish","comment_status":"closed","ping_status":"closed","post_password":"","post_name":"jose-ortega-y-gasset","to_ping":"","pinged":"","post_modified":"2022-10-14 15:53:49","post_modified_gmt":"2022-10-14 13:53:49","post_content_filtered":"","post_parent":0,"guid":"http:\/\/dev.claret.cat\/autor\/jose-ortega-y-gasset\/","menu_order":0,"post_type":"autor","post_mime_type":"","comment_count":"0","filter":"raw"}],"booktrailer":"","resenas":""},"aioseo_notices":[],"_links":{"self":[{"href":"https:\/\/www.claret.cat\/es\/wp-json\/wp\/v2\/product\/947216","targetHints":{"allow":["GET"]}}],"collection":[{"href":"https:\/\/www.claret.cat\/es\/wp-json\/wp\/v2\/product"}],"about":[{"href":"https:\/\/www.claret.cat\/es\/wp-json\/wp\/v2\/types\/product"}],"wp:featuredmedia":[{"embeddable":true,"href":"https:\/\/www.claret.cat\/es\/wp-json\/wp\/v2\/media\/1047803"}],"wp:attachment":[{"href":"https:\/\/www.claret.cat\/es\/wp-json\/wp\/v2\/media?parent=947216"}],"wp:term":[{"taxonomy":"product_brand","embeddable":true,"href":"https:\/\/www.claret.cat\/es\/wp-json\/wp\/v2\/product_brand?post=947216"},{"taxonomy":"product_cat","embeddable":true,"href":"https:\/\/www.claret.cat\/es\/wp-json\/wp\/v2\/product_cat?post=947216"},{"taxonomy":"product_tag","embeddable":true,"href":"https:\/\/www.claret.cat\/es\/wp-json\/wp\/v2\/product_tag?post=947216"}],"curies":[{"name":"wp","href":"https:\/\/api.w.org\/{rel}","templated":true}]}}